{"id":9953,"date":"2025-09-28T03:57:25","date_gmt":"2025-09-28T03:57:25","guid":{"rendered":"https:\/\/dersuessestopp.com\/product\/falco-confectionery-plotter\/"},"modified":"2025-09-28T04:09:06","modified_gmt":"2025-09-28T04:09:06","slug":"falco-ploter-za-slascice","status":"publish","type":"product","link":"https:\/\/dersuessestopp.com\/sl\/product\/falco-confectionery-plotter\/","title":{"rendered":"FALCO ploter za sla\u0161\u010dice"},"content":{"rendered":"<p>Tiskalnik za sla\u0161\u010dice FALCO Tiskalnik za \u017eivila Vulpes podjetja IMAGO zagotavlja najvi\u0161jo kakovost neposrednega tiska na skoraj vse sla\u0161\u010di\u010darske podlage. Oprema je primerna za okra\u0161evanje velikih tort, pi\u0161kotov, pralin, makaronov in posameznih obrokov v serijski proizvodnji. S tiskalnikom za \u017eivila Vulpes lahko ustvarite izvirne okraske in personalizirate izdelke, ki bodo razlikovali ponudbo va\u0161e sla\u0161\u010di\u010darne ali pekarne. Fotografska kakovost tiska.<br \/>\n S tiskalniki za \u017eivila IMAGO lahko ustvarite privla\u010dne in estetske odtise na \u010dokolado, makarone, pi\u0161kote in sladkorno maso. Barve so naravne in \u017eive, reproducirana slika pa natan\u010dna in podrobna. Vpliv na razvoj sla\u0161\u010di\u010darskih podjetij.<br \/>\n Tiskalniki za sla\u0161\u010dice olaj\u0161ajo okra\u0161evanje izdelkov. Z njimi lahko razlo\u010dite svojo ponudbo in strankam ponudite personalizirane izdelke za razli\u010dne prilo\u017enosti, kot so velika no\u010d, materinski dan ali bo\u017ei\u010d. Hkrati boste s tiskalnikom za \u017eivila zmanj\u0161ali proizvodne stro\u0161ke in pove\u010dali mar\u017eo na svoje izdelke, s \u010dimer boste pove\u010dali dobi\u010dek svojega podjetja! Pospe\u0161eno okra\u0161evanje sla\u0161\u010dic v mno\u017ei\u010dni proizvodnji.<br \/>\n S tiskalnikom za hrano Falco lahko v eni uri okrasite do 500 makaronov.<br \/>\n Samodejno zaznavanje vi\u0161ine, miza z ravnilom in dodatne matrice olaj\u0161ajo delo in dodatno skraj\u0161ajo postopek okra\u0161evanja.<\/p>","protected":false},"excerpt":{"rendered":"<p>Falco sla\u0161\u010di\u010darski ploter omogo\u010da neposredni tisk fotografske kakovosti na prakti\u010dno vse \u017eivilske podlage.<\/p>","protected":false},"featured_media":9952,"comment_status":"open","ping_status":"closed","template":"","meta":[],"product_brand":[],"product_cat":[83,76,38],"product_tag":[],"class_list":{"0":"post-9953","1":"product","2":"type-product","3":"status-publish","4":"has-post-thumbnail","6":"product_cat-devices","7":"product_cat-food-printers","8":"product_cat-imago-food-printers","10":"first","11":"instock","12":"shipping-taxable","13":"purchasable","14":"product-type-simple"},"_links":{"self":[{"href":"https:\/\/dersuessestopp.com\/sl\/wp-json\/wp\/v2\/product\/9953","targetHints":{"allow":["GET"]}}],"collection":[{"href":"https:\/\/dersuessestopp.com\/sl\/wp-json\/wp\/v2\/product"}],"about":[{"href":"https:\/\/dersuessestopp.com\/sl\/wp-json\/wp\/v2\/types\/product"}],"replies":[{"embeddable":true,"href":"https:\/\/dersuessestopp.com\/sl\/wp-json\/wp\/v2\/comments?post=9953"}],"version-history":[{"count":1,"href":"https:\/\/dersuessestopp.com\/sl\/wp-json\/wp\/v2\/product\/9953\/revisions"}],"predecessor-version":[{"id":9954,"href":"https:\/\/dersuessestopp.com\/sl\/wp-json\/wp\/v2\/product\/9953\/revisions\/9954"}],"wp:featuredmedia":[{"embeddable":true,"href":"https:\/\/dersuessestopp.com\/sl\/wp-json\/wp\/v2\/media\/9952"}],"wp:attachment":[{"href":"https:\/\/dersuessestopp.com\/sl\/wp-json\/wp\/v2\/media?parent=9953"}],"wp:term":[{"taxonomy":"product_brand","embeddable":true,"href":"https:\/\/dersuessestopp.com\/sl\/wp-json\/wp\/v2\/product_brand?post=9953"},{"taxonomy":"product_cat","embeddable":true,"href":"https:\/\/dersuessestopp.com\/sl\/wp-json\/wp\/v2\/product_cat?post=9953"},{"taxonomy":"product_tag","embeddable":true,"href":"https:\/\/dersuessestopp.com\/sl\/wp-json\/wp\/v2\/product_tag?post=9953"}],"curies":[{"name":"wp","href":"https:\/\/api.w.org\/{rel}","templated":true}]}}