{"id":9947,"date":"2025-09-28T03:56:14","date_gmt":"2025-09-28T03:56:14","guid":{"rendered":"https:\/\/dersuessestopp.com\/product\/magenta-food-ink-100-ml\/"},"modified":"2025-09-28T04:09:06","modified_gmt":"2025-09-28T04:09:06","slug":"magenta-crnilo-za-zivila-100-ml","status":"publish","type":"product","link":"https:\/\/dersuessestopp.com\/sl\/product\/magenta-food-ink-100-ml\/","title":{"rendered":"MAGENTA \u010drnilo za \u017eivila 100 ml"},"content":{"rendered":"<p>Na\u0161a visokokakovostna \u017eivilska \u010drnila so bila posebej izbrana za ploterje za sla\u0161\u010dice Vulpes in Falco, da ohranijo najvi\u0161jo kakovost in intenzivnost barv. Na\u0161a jedilna \u010drnila so zasnovana za neposredno tiskanje na \u017eivilske izdelke. Skrbno so bila izbrana za tiskalni\u0161ki sistem, ki se uporablja v ploterjih za sla\u0161\u010dice Imago, zato so varna za tiskalno glavo. Izpolnjujejo stroge standarde in so bila na podlagi testov in analiz odobrena za uporabo v \u017eivilski industriji, kar zagotavlja popolno varnost. Barvila so certificirana s strani: Na\u0161a \u010drnila za \u017eivila ne vplivajo na okus ali vonj, zato jih lahko varno uporabljate za vse sla\u0161\u010di\u010darske izdelke. \u010crnila, ki jih ponujamo, so odli\u010dna za okra\u0161evanje tort, pi\u0161kotov, makaronov in \u010dokolade z uporabo ploterjev za \u017eivila. Ponujamo priro\u010dno embala\u017eo \u010drnila v obliki stekleni\u010dk, ki omogo\u010da enostavno polnjenje kartu\u0161 ali potro\u0161nih stekleni\u010dk v ploterjih za sla\u0161\u010dice Vulpes in Falco. Ponujamo dve vrsti stekleni\u010dk: stekleni\u010dke z iglo - primerne za tiskalnike s kartu\u0161ami; stekleni\u010dke s pokrov\u010dkom - primerne za tiskalnike s sistemom stekleni\u010dk. Pred nakupom ustrezne razli\u010dice izdelka preverite, kateri tiskalnik imate. Z na\u0161imi izdelki boste dosegli odli\u010dne rezultate pri ustvarjalnem in sodobnem okra\u0161evanju sla\u0161\u010dic.<\/p>","protected":false},"excerpt":{"rendered":"<p>Pri podjetju IMAGO naro\u010dite \u010drnilo MAGENTA za ploterje za sla\u0161\u010dice Vulpes in Falco. Prodajamo \u010drnilo v 100 ml stekleni\u010dkah.<\/p>","protected":false},"featured_media":9946,"comment_status":"open","ping_status":"closed","template":"","meta":[],"product_brand":[],"product_cat":[98,38],"product_tag":[],"class_list":{"0":"post-9947","1":"product","2":"type-product","3":"status-publish","4":"has-post-thumbnail","6":"product_cat-food-inks","7":"product_cat-imago-food-printers","9":"first","10":"outofstock","11":"shipping-taxable","12":"product-type-variable"},"_links":{"self":[{"href":"https:\/\/dersuessestopp.com\/sl\/wp-json\/wp\/v2\/product\/9947","targetHints":{"allow":["GET"]}}],"collection":[{"href":"https:\/\/dersuessestopp.com\/sl\/wp-json\/wp\/v2\/product"}],"about":[{"href":"https:\/\/dersuessestopp.com\/sl\/wp-json\/wp\/v2\/types\/product"}],"replies":[{"embeddable":true,"href":"https:\/\/dersuessestopp.com\/sl\/wp-json\/wp\/v2\/comments?post=9947"}],"version-history":[{"count":1,"href":"https:\/\/dersuessestopp.com\/sl\/wp-json\/wp\/v2\/product\/9947\/revisions"}],"predecessor-version":[{"id":9957,"href":"https:\/\/dersuessestopp.com\/sl\/wp-json\/wp\/v2\/product\/9947\/revisions\/9957"}],"wp:featuredmedia":[{"embeddable":true,"href":"https:\/\/dersuessestopp.com\/sl\/wp-json\/wp\/v2\/media\/9946"}],"wp:attachment":[{"href":"https:\/\/dersuessestopp.com\/sl\/wp-json\/wp\/v2\/media?parent=9947"}],"wp:term":[{"taxonomy":"product_brand","embeddable":true,"href":"https:\/\/dersuessestopp.com\/sl\/wp-json\/wp\/v2\/product_brand?post=9947"},{"taxonomy":"product_cat","embeddable":true,"href":"https:\/\/dersuessestopp.com\/sl\/wp-json\/wp\/v2\/product_cat?post=9947"},{"taxonomy":"product_tag","embeddable":true,"href":"https:\/\/dersuessestopp.com\/sl\/wp-json\/wp\/v2\/product_tag?post=9947"}],"curies":[{"name":"wp","href":"https:\/\/api.w.org\/{rel}","templated":true}]}}