{"id":9933,"date":"2025-09-28T03:54:21","date_gmt":"2025-09-28T03:54:21","guid":{"rendered":"https:\/\/dersuessestopp.com\/product\/magenta-nanosolvent-ink-100-ml\/"},"modified":"2025-09-28T04:09:07","modified_gmt":"2025-09-28T04:09:07","slug":"magenta-nanosolventno-crnilo-100-ml","status":"publish","type":"product","link":"https:\/\/dersuessestopp.com\/sl\/product\/magenta-nanosolvent-ink-100-ml\/","title":{"rendered":"MAGENTA nanosolventno \u010drnilo 100 ml"},"content":{"rendered":"<p>Nanosolventno \u010drnilo je vrsta \u010drnila, ki uporablja pigmente, obarvane s pra\u0161ki s premerom, manj\u0161im od 100 nm. Inovativna nano\u010drnila prodrejo v strukturo materiala, zaradi \u010desar je tisk bolj odporen na mehanske in kemi\u010dne po\u0161kodbe. Hkrati so odtisi naravni, se prilagajajo strukturi podlage in se z njo deformirajo. Uporaba nanooblik je alternativa tiskanju z UV-svetlobnimi diodami. Med drugim omogo\u010da: tiskanje na sve\u010de; tiskanje na pluto; tiskanje na les; tiskanje na penjeni PVC ... Velika obstojnost in prilagodljivost odtisov, narejenih z nanosolventnim tiskalnikom, omogo\u010da ozna\u010devanje nenavadnih izdelkov in materialov. \u010crnilo prodre globoko v izdelek, je neopazno in na povr\u0161ini odtisa ne tvori plasti. Zaradi tega se nanosolventni tisk uporablja povsod tam, kjer tiskalniki UV LED ne zado\u0161\u010dajo. Poleg tega nanosolventna tiskarska \u010drnila zmanj\u0161ujejo nevarnost po\u0161kodb tiskalne glave in drugih sestavnih delov sistema \u010drnil.<\/p>","protected":false},"excerpt":{"rendered":"<p>Odkrijte inovativno nanosolventno \u010drnilo MAGENTA, ki se uporablja v tiskalnikih IMAGO Aquila Aluminium, Falco Aluminium in Aquila Nanosolvent. Napredna formula nano \u010drnila zagotavlja visoko natan\u010dnost in intenzivnost barv. \u010crnilo prodre v vpojne materiale in prodre v njihovo strukturo, zaradi \u010desar je odtis trajen in se deformira skupaj z upogljivim predmetom. \u010crnilo prodajamo v 100-mililitrskih stekleni\u010dkah.<\/p>","protected":false},"featured_media":9932,"comment_status":"open","ping_status":"closed","template":"","meta":[],"product_brand":[],"product_cat":[38,97],"product_tag":[],"class_list":{"0":"post-9933","1":"product","2":"type-product","3":"status-publish","4":"has-post-thumbnail","6":"product_cat-imago-food-printers","7":"product_cat-nanosolvent-inks","9":"first","10":"instock","11":"shipping-taxable","12":"purchasable","13":"product-type-simple"},"_links":{"self":[{"href":"https:\/\/dersuessestopp.com\/sl\/wp-json\/wp\/v2\/product\/9933","targetHints":{"allow":["GET"]}}],"collection":[{"href":"https:\/\/dersuessestopp.com\/sl\/wp-json\/wp\/v2\/product"}],"about":[{"href":"https:\/\/dersuessestopp.com\/sl\/wp-json\/wp\/v2\/types\/product"}],"replies":[{"embeddable":true,"href":"https:\/\/dersuessestopp.com\/sl\/wp-json\/wp\/v2\/comments?post=9933"}],"version-history":[{"count":1,"href":"https:\/\/dersuessestopp.com\/sl\/wp-json\/wp\/v2\/product\/9933\/revisions"}],"predecessor-version":[{"id":9964,"href":"https:\/\/dersuessestopp.com\/sl\/wp-json\/wp\/v2\/product\/9933\/revisions\/9964"}],"wp:featuredmedia":[{"embeddable":true,"href":"https:\/\/dersuessestopp.com\/sl\/wp-json\/wp\/v2\/media\/9932"}],"wp:attachment":[{"href":"https:\/\/dersuessestopp.com\/sl\/wp-json\/wp\/v2\/media?parent=9933"}],"wp:term":[{"taxonomy":"product_brand","embeddable":true,"href":"https:\/\/dersuessestopp.com\/sl\/wp-json\/wp\/v2\/product_brand?post=9933"},{"taxonomy":"product_cat","embeddable":true,"href":"https:\/\/dersuessestopp.com\/sl\/wp-json\/wp\/v2\/product_cat?post=9933"},{"taxonomy":"product_tag","embeddable":true,"href":"https:\/\/dersuessestopp.com\/sl\/wp-json\/wp\/v2\/product_tag?post=9933"}],"curies":[{"name":"wp","href":"https:\/\/api.w.org\/{rel}","templated":true}]}}