{"id":9921,"date":"2025-09-28T03:53:21","date_gmt":"2025-09-28T03:53:21","guid":{"rendered":"https:\/\/dersuessestopp.com\/product\/standard-glass-primer-100-ml\/"},"modified":"2025-09-28T04:09:07","modified_gmt":"2025-09-28T04:09:07","slug":"standardni-primer-za-steklo-100-ml","status":"publish","type":"product","link":"https:\/\/dersuessestopp.com\/sl\/product\/standard-glass-primer-100-ml\/","title":{"rendered":"Standardni primer za steklo 100 ml"},"content":{"rendered":"<p>Kaj so primerji? Osnovni premazi so brezbarvne teko\u010dine, ki na kon\u010dnem izdelku ne pu\u0161\u010dajo prog ali made\u017eev. Izbolj\u0161ajo obstojnost tiska UV LED ter pove\u010dajo odpornost proti praskam in mehanskim po\u0161kodbam. Prednosti uporabe PRIMERJEV za tiskalnike IMAGO UV LED enostaven nanos primerja ve\u010dja obstojnost odtisov na steklu, plastiki ali kovini mo\u017enost tiskanja na spolzkih povr\u0161inah ve\u010dja odpornost odtisov proti praskam<\/p>","protected":false},"excerpt":{"rendered":"<p>Imate te\u017eave z obstojnostjo tiska UV LED na va\u0161em izdelku? Pomagajo lahko posebni primerji. Izbolj\u0161ajo oprijem \u010drnila, zaradi \u010desar je izdelek trajnej\u0161i in odpornej\u0161i na praske. Primer, ki ga ponujamo, se uporablja za pripravo stekla pred tiskanjem. Izdelek se prodaja v 100 ml stekleni\u010dkah.<\/p>","protected":false},"featured_media":9873,"comment_status":"open","ping_status":"closed","template":"","meta":[],"product_brand":[],"product_cat":[38,86],"product_tag":[],"class_list":{"0":"post-9921","1":"product","2":"type-product","3":"status-publish","4":"has-post-thumbnail","6":"product_cat-imago-food-printers","7":"product_cat-primers-and-cleaning-fluids","9":"first","10":"instock","11":"shipping-taxable","12":"purchasable","13":"product-type-simple"},"_links":{"self":[{"href":"https:\/\/dersuessestopp.com\/sl\/wp-json\/wp\/v2\/product\/9921","targetHints":{"allow":["GET"]}}],"collection":[{"href":"https:\/\/dersuessestopp.com\/sl\/wp-json\/wp\/v2\/product"}],"about":[{"href":"https:\/\/dersuessestopp.com\/sl\/wp-json\/wp\/v2\/types\/product"}],"replies":[{"embeddable":true,"href":"https:\/\/dersuessestopp.com\/sl\/wp-json\/wp\/v2\/comments?post=9921"}],"version-history":[{"count":1,"href":"https:\/\/dersuessestopp.com\/sl\/wp-json\/wp\/v2\/product\/9921\/revisions"}],"predecessor-version":[{"id":9971,"href":"https:\/\/dersuessestopp.com\/sl\/wp-json\/wp\/v2\/product\/9921\/revisions\/9971"}],"wp:featuredmedia":[{"embeddable":true,"href":"https:\/\/dersuessestopp.com\/sl\/wp-json\/wp\/v2\/media\/9873"}],"wp:attachment":[{"href":"https:\/\/dersuessestopp.com\/sl\/wp-json\/wp\/v2\/media?parent=9921"}],"wp:term":[{"taxonomy":"product_brand","embeddable":true,"href":"https:\/\/dersuessestopp.com\/sl\/wp-json\/wp\/v2\/product_brand?post=9921"},{"taxonomy":"product_cat","embeddable":true,"href":"https:\/\/dersuessestopp.com\/sl\/wp-json\/wp\/v2\/product_cat?post=9921"},{"taxonomy":"product_tag","embeddable":true,"href":"https:\/\/dersuessestopp.com\/sl\/wp-json\/wp\/v2\/product_tag?post=9921"}],"curies":[{"name":"wp","href":"https:\/\/api.w.org\/{rel}","templated":true}]}}