{"id":9918,"date":"2025-09-28T03:53:12","date_gmt":"2025-09-28T03:53:12","guid":{"rendered":"https:\/\/dersuessestopp.com\/product\/uv-ink-led-magenta-100-ml-or-250-ml\/"},"modified":"2025-09-28T04:09:07","modified_gmt":"2025-09-28T04:09:07","slug":"uv-crnilo-led-magenta-100-ml-ali-250-ml","status":"publish","type":"product","link":"https:\/\/dersuessestopp.com\/sl\/product\/uv-ink-led-magenta-100-ml-or-250-ml\/","title":{"rendered":"UV \u010drnilo LED MAGENTA 100 ml ali 250 ml"},"content":{"rendered":"<p>\u010crnilo Imago UV LED je teko\u010di polimer, ki se takoj strdi pod vplivom UV LED sevanja. Zna\u010dilnost UV-tiskarskega \u010drnila je njegova odpornost na obrabo in vremenske razmere. Prav tako s\u010dasoma ohranja visoko kakovost tiska. Zaradi izjemnega oprijema so \u010drnila Imago UV LED idealna za tiskanje na razli\u010dne povr\u0161ine, kot so les, plastika, promocijski predmeti, steklenice in kovinske \u0161katle. Zaradi svoje pro\u017enosti so idealna tudi za tiskanje na ohi\u0161ja telefonov ali pokrov\u010dke steklenic, saj odpravljajo nevarnost razpokanja. UV-barvila so primerna za tiskanje na: les, plastiko, promocijske predmete, steklenice in kovinske \u0161katle.<\/p>","protected":false},"excerpt":{"rendered":"<p>Naro\u010dite MAGENTA UV \u010drnilo LED za tiskalnike AQUILA UV LED pri podjetju IMAGO. \u010crnilo prodajamo v 100 ml ali 250 ml stekleni\u010dkah.<\/p>","protected":false},"featured_media":9917,"comment_status":"open","ping_status":"closed","template":"","meta":[],"product_brand":[],"product_cat":[38,95],"product_tag":[],"class_list":{"0":"post-9918","1":"product","2":"type-product","3":"status-publish","4":"has-post-thumbnail","6":"product_cat-imago-food-printers","7":"product_cat-uv-led-inks","9":"first","10":"outofstock","11":"shipping-taxable","12":"product-type-variable"},"_links":{"self":[{"href":"https:\/\/dersuessestopp.com\/sl\/wp-json\/wp\/v2\/product\/9918","targetHints":{"allow":["GET"]}}],"collection":[{"href":"https:\/\/dersuessestopp.com\/sl\/wp-json\/wp\/v2\/product"}],"about":[{"href":"https:\/\/dersuessestopp.com\/sl\/wp-json\/wp\/v2\/types\/product"}],"replies":[{"embeddable":true,"href":"https:\/\/dersuessestopp.com\/sl\/wp-json\/wp\/v2\/comments?post=9918"}],"version-history":[{"count":1,"href":"https:\/\/dersuessestopp.com\/sl\/wp-json\/wp\/v2\/product\/9918\/revisions"}],"predecessor-version":[{"id":9972,"href":"https:\/\/dersuessestopp.com\/sl\/wp-json\/wp\/v2\/product\/9918\/revisions\/9972"}],"wp:featuredmedia":[{"embeddable":true,"href":"https:\/\/dersuessestopp.com\/sl\/wp-json\/wp\/v2\/media\/9917"}],"wp:attachment":[{"href":"https:\/\/dersuessestopp.com\/sl\/wp-json\/wp\/v2\/media?parent=9918"}],"wp:term":[{"taxonomy":"product_brand","embeddable":true,"href":"https:\/\/dersuessestopp.com\/sl\/wp-json\/wp\/v2\/product_brand?post=9918"},{"taxonomy":"product_cat","embeddable":true,"href":"https:\/\/dersuessestopp.com\/sl\/wp-json\/wp\/v2\/product_cat?post=9918"},{"taxonomy":"product_tag","embeddable":true,"href":"https:\/\/dersuessestopp.com\/sl\/wp-json\/wp\/v2\/product_tag?post=9918"}],"curies":[{"name":"wp","href":"https:\/\/api.w.org\/{rel}","templated":true}]}}