{"id":9904,"date":"2025-09-28T03:49:22","date_gmt":"2025-09-28T03:49:22","guid":{"rendered":"https:\/\/dersuessestopp.com\/product\/vulpes-confectionery-plotter\/"},"modified":"2025-09-28T04:09:55","modified_gmt":"2025-09-28T04:09:55","slug":"vulpes-ploter-za-slascice","status":"publish","type":"product","link":"https:\/\/dersuessestopp.com\/sl\/product\/vulpes-confectionery-plotter\/","title":{"rendered":"VULPES ploter za sla\u0161\u010dice"},"content":{"rendered":"<p>Tiskalnik za \u017eivila VULPES Tiskalnik za \u017eivila Falco omogo\u010da neposredno tiskanje fotografske kakovosti na skoraj vse \u017eivilske podlage. Tako bodo va\u0161e torte, drobno pecivo in makroni izstopali po natan\u010dnosti in raznolikosti barv. S ploterjem za \u017eivila Falco lahko ustvarite izvirne okraske in personalizirate izdelke, ki bodo razlikovali ponudbo va\u0161e sla\u0161\u010di\u010darne ali pekarne. Tiskalniki za sla\u0161\u010dice olaj\u0161ajo okra\u0161evanje izdelkov. Z njimi boste razlikovali svojo ponudbo in strankam ponudili personalizirane izdelke za razli\u010dne prilo\u017enosti, kot so velika no\u010d, materinski dan ali bo\u017ei\u010d. Hkrati boste s tiskalnikom za \u017eivila zmanj\u0161ali proizvodne stro\u0161ke in pove\u010dali mar\u017eo na izdelke, ki jih ponujate, ter tako pove\u010dali dobi\u010dek svojega podjetja! Najvi\u0161ja kakovost neposrednega tiskanja \u017eivil na trgu.<br \/>\n Posebej izbrano jedilno \u010drnilo, prava tiskalna glava in programska oprema za tiskanje zagotavljajo neverjetno intenzivnost barv in fotografsko kakovost okraskov, kar vam omogo\u010da ustvarjanje privla\u010dnih tort, pi\u0161kotov, \u010dokolad in makaronov. Profesionalno pospe\u0161evanje proizvodnje sla\u0161\u010dic.<br \/>\n S tiskalnikom za hrano Vulpes lahko v eni uri okrasite do 900 makaronov. Samodejno zaznavanje vi\u0161ine, mizica z ravnilom in dodatne matrice olaj\u0161ajo delo in dodatno skraj\u0161ajo postopek okra\u0161evanja, prostorni rezervoarji za \u010drnilo pa zagotavljajo dolgo delovanje brez potrebe po polnjenju jedilnega \u010drnila. Zdru\u017eljivost z oblikami peka\u010dev za sla\u0161\u010dice.<br \/>\n Vulpesov plotter za hrano je prilagojen standardnim oblikam peka\u010dev GN 1\/1. Krogi na mizi omogo\u010dajo hitro postavitev peciva standardne velikosti. Zaradi tega lahko z na\u0161im tiskalnikom za \u017eivila preprosto okrasite torte s premerom do 32 cm in vi\u0161ino do 15 cm. Signalizacijski sistemi in intuitivni servisni na\u010din.<br \/>\n Sistemi, uporabljeni v napravi, omogo\u010dajo preprosto upravljanje naprave. Signalizacijski sistemi vas bodo obvestili, kdaj je treba ponovno napolniti \u010drnilo ali izprazniti rezervoar za odpadke. Vulpe vas bodo prav tako obvestile, ko bo tiskalno opravilo kon\u010dano. Vpliv na razvoj sla\u0161\u010di\u010darskih podjetij.<br \/>\n Na\u010drtovalci \u017eivil poenostavijo dekoracijo izdelkov. Z njimi lahko razlo\u010dite svojo ponudbo in strankam ponudite personalizirane izdelke za razli\u010dne prilo\u017enosti, kot so bo\u017ei\u010d, valentinovo ali dan \u017eena. Hkrati boste s tiskalnikom za \u017eivila zmanj\u0161ali proizvodne stro\u0161ke in pove\u010dali mar\u017eo svojih izdelkov ter tako pove\u010dali dobi\u010dek podjetja!<\/p>","protected":false},"excerpt":{"rendered":"<p>Ploter za sla\u0161\u010dice Vulpes omogo\u010da najvi\u0161jo kakovost tiska na skoraj vse sla\u0161\u010di\u010darske podlage.<\/p>","protected":false},"featured_media":9903,"comment_status":"open","ping_status":"closed","template":"","meta":[],"product_brand":[],"product_cat":[83,76,38],"product_tag":[],"class_list":{"0":"post-9904","1":"product","2":"type-product","3":"status-publish","4":"has-post-thumbnail","6":"product_cat-devices","7":"product_cat-food-printers","8":"product_cat-imago-food-printers","10":"first","11":"instock","12":"shipping-taxable","13":"purchasable","14":"product-type-simple"},"_links":{"self":[{"href":"https:\/\/dersuessestopp.com\/sl\/wp-json\/wp\/v2\/product\/9904","targetHints":{"allow":["GET"]}}],"collection":[{"href":"https:\/\/dersuessestopp.com\/sl\/wp-json\/wp\/v2\/product"}],"about":[{"href":"https:\/\/dersuessestopp.com\/sl\/wp-json\/wp\/v2\/types\/product"}],"replies":[{"embeddable":true,"href":"https:\/\/dersuessestopp.com\/sl\/wp-json\/wp\/v2\/comments?post=9904"}],"version-history":[{"count":1,"href":"https:\/\/dersuessestopp.com\/sl\/wp-json\/wp\/v2\/product\/9904\/revisions"}],"predecessor-version":[{"id":9979,"href":"https:\/\/dersuessestopp.com\/sl\/wp-json\/wp\/v2\/product\/9904\/revisions\/9979"}],"wp:featuredmedia":[{"embeddable":true,"href":"https:\/\/dersuessestopp.com\/sl\/wp-json\/wp\/v2\/media\/9903"}],"wp:attachment":[{"href":"https:\/\/dersuessestopp.com\/sl\/wp-json\/wp\/v2\/media?parent=9904"}],"wp:term":[{"taxonomy":"product_brand","embeddable":true,"href":"https:\/\/dersuessestopp.com\/sl\/wp-json\/wp\/v2\/product_brand?post=9904"},{"taxonomy":"product_cat","embeddable":true,"href":"https:\/\/dersuessestopp.com\/sl\/wp-json\/wp\/v2\/product_cat?post=9904"},{"taxonomy":"product_tag","embeddable":true,"href":"https:\/\/dersuessestopp.com\/sl\/wp-json\/wp\/v2\/product_tag?post=9904"}],"curies":[{"name":"wp","href":"https:\/\/api.w.org\/{rel}","templated":true}]}}