{"id":9902,"date":"2025-09-28T03:49:13","date_gmt":"2025-09-28T03:49:13","guid":{"rendered":"https:\/\/dersuessestopp.com\/product\/aquila-aluminium-printer\/"},"modified":"2025-09-28T04:09:55","modified_gmt":"2025-09-28T04:09:55","slug":"tiskalnik-aquila-iz-aluminija","status":"publish","type":"product","link":"https:\/\/dersuessestopp.com\/sl\/product\/aquila-aluminium-printer\/","title":{"rendered":"AQUILA Aluminijev tiskalnik"},"content":{"rendered":"<p>Aquila tiskalnik za aluminij Digitalni tiskalnik za anodiziran aluminij ponuja najve\u010djo kakovost, natan\u010dnost in trajnost barvnega tiskanja na kovino. S tiskalnikom AQUILA za aluminij lahko izdelujete imenske tablice, skladi\u0161\u010dne oznake, oznake za stavbe ter diplome in nadzorne plo\u0161\u010de. Prihranite \u010das in postanite neodvisni od zunanjih dobaviteljev - z AQUILA Aluminium je to mogo\u010de. Najkakovostnej\u0161i tisk na anodiziran aluminij Naprava Aquila Aluminium je idealna za aplikacije, pri katerih so pomembni kakovost tiska, njegova obstojnost in kratek \u010das izdelave kon\u010dnih izdelkov. Poleg tega je tisk zelo natan\u010den in ponovljiv na vsakem izdelku. Celovit tehnolo\u0161ki paket za tiskanje na kovino Da bi \u0161e pove\u010dali natan\u010dnost in trajnost odtisov, smo razvili tehnolo\u0161ki paket, ki vklju\u010duje: sesalni in grelni nastavek VSG, ki pove\u010da nasi\u010denost barv in natan\u010dnost odtisa, ter TEHNOLO\u0160KO TUBO - za pove\u010danje trajnosti s tesnjenjem natisnjenih listov. Aktivni sistem za su\u0161enje tiskovin Aluminijasti tiskalnik je opremljen s sistemom za su\u0161enje, ki pospe\u0161i postopek izhlapevanja topila. To omogo\u010da ve\u010djo nasi\u010denost barv in tiskanje drobnih podrobnosti, majhnih pisav in simbolov. Mo\u017enost izpolnjevanja majhnih naro\u010dil in personalizacije Tiskalniki IMAGO so prakti\u010dne naprave za personalizacijo. Z digitalnim tiskalnikom za aluminij lahko enostavno in hitro izpolnite majhna in raznolika naro\u010dila brez skrbi zaradi izpadov v obse\u017eni proizvodnji. Za razliko od sitotiska tiskalnik Aquila Aluminum uporablja vse barve hkrati, kar vam omogo\u010da ustvarjanje bogato obarvanih vzorcev. Tiskalnik lahko uporabite tudi za tiskanje na vpojne materiale, kot sta pluta ali les. tiskalna glava s \u010distilno teko\u010dino Sistem \u010drnil, ki se uporablja v tiskalniku, s kanali za \u010distilno teko\u010dino zmanj\u0161uje te\u017eave z zama\u0161itvijo tiskalne glave in potro\u0161nih delov naprave.<\/p>","protected":false},"excerpt":{"rendered":"<p>digitalni tiskalnik za anodiziran aluminij ponuja najve\u010djo kakovost, natan\u010dnost in trajnost barvnega tiskanja na kovino. AQUILA Aluminum vam omogo\u010da izdelavo tablic z imeni, skladi\u0161\u010dnih nalepk, gradbenih znakov ter diplom in nadzornih plo\u0161\u010d.<\/p>","protected":false},"featured_media":9901,"comment_status":"open","ping_status":"closed","template":"","meta":[],"product_brand":[],"product_cat":[83,38,79],"product_tag":[],"class_list":{"0":"post-9902","1":"product","2":"type-product","3":"status-publish","4":"has-post-thumbnail","6":"product_cat-devices","7":"product_cat-imago-food-printers","8":"product_cat-printers-for-aluminum","10":"first","11":"instock","12":"shipping-taxable","13":"purchasable","14":"product-type-simple"},"_links":{"self":[{"href":"https:\/\/dersuessestopp.com\/sl\/wp-json\/wp\/v2\/product\/9902","targetHints":{"allow":["GET"]}}],"collection":[{"href":"https:\/\/dersuessestopp.com\/sl\/wp-json\/wp\/v2\/product"}],"about":[{"href":"https:\/\/dersuessestopp.com\/sl\/wp-json\/wp\/v2\/types\/product"}],"replies":[{"embeddable":true,"href":"https:\/\/dersuessestopp.com\/sl\/wp-json\/wp\/v2\/comments?post=9902"}],"version-history":[{"count":1,"href":"https:\/\/dersuessestopp.com\/sl\/wp-json\/wp\/v2\/product\/9902\/revisions"}],"predecessor-version":[{"id":9980,"href":"https:\/\/dersuessestopp.com\/sl\/wp-json\/wp\/v2\/product\/9902\/revisions\/9980"}],"wp:featuredmedia":[{"embeddable":true,"href":"https:\/\/dersuessestopp.com\/sl\/wp-json\/wp\/v2\/media\/9901"}],"wp:attachment":[{"href":"https:\/\/dersuessestopp.com\/sl\/wp-json\/wp\/v2\/media?parent=9902"}],"wp:term":[{"taxonomy":"product_brand","embeddable":true,"href":"https:\/\/dersuessestopp.com\/sl\/wp-json\/wp\/v2\/product_brand?post=9902"},{"taxonomy":"product_cat","embeddable":true,"href":"https:\/\/dersuessestopp.com\/sl\/wp-json\/wp\/v2\/product_cat?post=9902"},{"taxonomy":"product_tag","embeddable":true,"href":"https:\/\/dersuessestopp.com\/sl\/wp-json\/wp\/v2\/product_tag?post=9902"}],"curies":[{"name":"wp","href":"https:\/\/api.w.org\/{rel}","templated":true}]}}