{"id":9900,"date":"2025-09-28T03:49:05","date_gmt":"2025-09-28T03:49:05","guid":{"rendered":"https:\/\/dersuessestopp.com\/product\/aquila-uv-led-printer\/"},"modified":"2025-09-28T04:09:55","modified_gmt":"2025-09-28T04:09:55","slug":"aquila-uv-vodil-tiskalnik","status":"publish","type":"product","link":"https:\/\/dersuessestopp.com\/sl\/product\/aquila-uv-led-printer\/","title":{"rendered":"Tiskalnik AQUILA UV LED"},"content":{"rendered":"<p>AQUILA UV LED - poljski tiskalnik UV LED majhnega formata Z IMAGOVIM tiskalnikom UV LED majhnega formata odpravite potrebo po zunanjih izvajalcih in v celoti nadzorujte svoje poslovanje. Naprava je idealna za podjetja, ki \u017eelijo za\u010deti z lastno proizvodnjo izdelkov z blagovno znamko. Hkrati bodo podjetja, ki se osredoto\u010dajo na obse\u017eno proizvodnjo, pridobila mo\u017enost izpolnjevanja posameznih naro\u010dil in ponujanja personalizacije. Sistem za recirkulacijo in me\u0161anje bele barve To sta na\u0161i lastni\u0161ki re\u0161itvi, ki prepre\u010dujeta izsu\u0161itev bele barve v stekleni\u010dkah in ceveh. Poleg tega na\u010din pripravljenosti omogo\u010da, da tiskalniki med dalj\u0161imi izpadi ostanejo popolnoma delujo\u010di z zelo majhno porabo energije. Sistemi, ki podalj\u0161ujejo \u017eivljenjsko dobo tiskarskega sistema. Sistem za odsesavanje prahu, ki se uporablja v na\u0161em tiskalniku UV LED, vam omogo\u010da tiskanje na neravne povr\u0161ine in pra\u0161ne materiale, ne da bi vas skrbelo stanje tiskalnega sistema. Poleg tega \u010drna delovna miza prepre\u010duje, da bi se delci \u010drnila strdili na tiskalni glavi. Pravilno izbrana svetilka UV LED Zra\u010dno hlajena svetilka UV LED, ki se uporablja v napravi, ne potrebuje vzdr\u017eevanja in med delovanjem ne zahteva va\u0161e pozornosti. Ustrezna nastavitev mo\u010di svetilke UV LED omogo\u010da tiskanje na toplotno ob\u010dutljive izdelke brez nevarnosti deformacije izdelka. Majhen tiskalnik UV LED za personalizacijo Majhen format je priro\u010dna re\u0161itev, ki se bo dobro obnesla v ogla\u0161evalski, turisti\u010dni in poro\u010dni industriji ter v tiskarnah. Poleg tega miza z ravnilom in ustreznimi matricami zagotavlja enostavno pozicioniranje majhnih izdelkov. Signalni sistemi in intuitivni na\u010din servisiranja Sistemi, uporabljeni v napravi, omogo\u010dajo enostavno upravljanje naprave. Signalizacijski sistemi vas bodo obvestili, ko bo treba ponovno napolniti \u010drnilo ali izprazniti posodo za potro\u0161ni material. Aquila UV LED vas bo prav tako obvestila, ko bo tiskanje kon\u010dano.<\/p>","protected":false},"excerpt":{"rendered":"<p>Odpravite potrebo po zunanjih izvajalcih in prevzemite popoln nadzor nad svojim podjetjem s tiskalnikom UV LED majhnega formata podjetja IMAGO.<\/p>","protected":false},"featured_media":9899,"comment_status":"open","ping_status":"closed","template":"","meta":[],"product_brand":[],"product_cat":[83,38,77],"product_tag":[],"class_list":{"0":"post-9900","1":"product","2":"type-product","3":"status-publish","4":"has-post-thumbnail","6":"product_cat-devices","7":"product_cat-imago-food-printers","8":"product_cat-uv-led-printers","10":"first","11":"instock","12":"shipping-taxable","13":"purchasable","14":"product-type-simple"},"_links":{"self":[{"href":"https:\/\/dersuessestopp.com\/sl\/wp-json\/wp\/v2\/product\/9900","targetHints":{"allow":["GET"]}}],"collection":[{"href":"https:\/\/dersuessestopp.com\/sl\/wp-json\/wp\/v2\/product"}],"about":[{"href":"https:\/\/dersuessestopp.com\/sl\/wp-json\/wp\/v2\/types\/product"}],"replies":[{"embeddable":true,"href":"https:\/\/dersuessestopp.com\/sl\/wp-json\/wp\/v2\/comments?post=9900"}],"version-history":[{"count":1,"href":"https:\/\/dersuessestopp.com\/sl\/wp-json\/wp\/v2\/product\/9900\/revisions"}],"predecessor-version":[{"id":9981,"href":"https:\/\/dersuessestopp.com\/sl\/wp-json\/wp\/v2\/product\/9900\/revisions\/9981"}],"wp:featuredmedia":[{"embeddable":true,"href":"https:\/\/dersuessestopp.com\/sl\/wp-json\/wp\/v2\/media\/9899"}],"wp:attachment":[{"href":"https:\/\/dersuessestopp.com\/sl\/wp-json\/wp\/v2\/media?parent=9900"}],"wp:term":[{"taxonomy":"product_brand","embeddable":true,"href":"https:\/\/dersuessestopp.com\/sl\/wp-json\/wp\/v2\/product_brand?post=9900"},{"taxonomy":"product_cat","embeddable":true,"href":"https:\/\/dersuessestopp.com\/sl\/wp-json\/wp\/v2\/product_cat?post=9900"},{"taxonomy":"product_tag","embeddable":true,"href":"https:\/\/dersuessestopp.com\/sl\/wp-json\/wp\/v2\/product_tag?post=9900"}],"curies":[{"name":"wp","href":"https:\/\/api.w.org\/{rel}","templated":true}]}}