{"id":9898,"date":"2025-09-28T03:48:57","date_gmt":"2025-09-28T03:48:57","guid":{"rendered":"https:\/\/dersuessestopp.com\/product\/aquila-nanosolvent-printer\/"},"modified":"2025-09-28T04:09:55","modified_gmt":"2025-09-28T04:09:55","slug":"tiskalnik-aquila-z-nanosolventom","status":"publish","type":"product","link":"https:\/\/dersuessestopp.com\/sl\/product\/aquila-nanosolvent-printer\/","title":{"rendered":"Tiskalnik AQUILA Nanosolvent"},"content":{"rendered":"<p>AQUILA Nanosolvent - natan\u010dno tiskanje z zelo majhnimi kapljicami \u010drnila Tiskalniki s tehnologijo nanotiskanja so idealni za specializirano ozna\u010devanje zahtevnih materialov. \u010crnilo prodre v strukturo materiala, kar pomeni, da se grafika prilagodi strukturi podlage in se z njo deformira. Digitalni tiskalniki za posebne naloge. Digitalni tiskalnik AQUILA Nanosolvent je naprava za posebne naloge. Za vse to je zaslu\u017ena tehnologija nanostrukturiranih \u010drnil, ki prodirajo v porozne podlage. Zaradi tega so grafike estetske in se odzivajo na vsako deformacijo. Hkrati je odtis trajen in odporen proti mehanskim po\u0161kodbam.  To vam omogo\u010da ustvarjanje edinstvenih kompozicij na sve\u010dah, pokrovih ali podstavkih. Visokokakovostno tiskanje na les, pluto ali usnje. Naprave AQUILA Nanosolvent omogo\u010dajo visokokakovosten tisk z lo\u010dljivostjo 5760 x 1440 dpi. To zagotavlja podrobnosti natisnjene slike na penjenem PVC, sve\u010dah, plutovini, usnju ali lesu. Globina barv se odra\u017ea v estetiki in natan\u010dnosti kon\u010dnih izdelkov. Enostavna personalizacija izdelkov AQUILA Nanosolvent je digitalni tiskalnik majhnega formata, ki vam omogo\u010da izpolnjevanje personaliziranih naro\u010dil. Tako lahko svoje izdelke razlikujete in jih prilagodite spreminjajo\u010dim se prilo\u017enostim, kot so prazniki, valentinovo ali dan \u017eena. Napravo je enostavno prilagoditi vsakemu projektu, njeno delovanje in pozicioniranje izdelkov pa sta zelo preprosta. Sistem aktivnega su\u0161enja tiska Naprava AQUILA Nanosolvent je opremljena s sistemom aktivnega su\u0161enja. Ta pospe\u0161uje izhlapevanje topila in prodiranje \u010drnila v podlago. To omogo\u010da ve\u010djo nasi\u010denost barv ter tiskanje drobnih podrobnosti, majhnih pisav in simbolov. tiskalna glava s \u010distilno teko\u010dino Sistem \u010drnila, uporabljen v tiskalniku, s kanali za \u010distilno teko\u010dino, zmanj\u0161uje te\u017eave z zama\u0161itvijo tiskalne glave in potro\u0161nih delov naprave.<\/p>","protected":false},"excerpt":{"rendered":"<p>Tiskalniki s tehnologijo nanotiskanja so idealni za specializirano ozna\u010devanje zahtevnih materialov.<\/p>","protected":false},"featured_media":9897,"comment_status":"open","ping_status":"closed","template":"","meta":[],"product_brand":[],"product_cat":[83,38,94],"product_tag":[],"class_list":{"0":"post-9898","1":"product","2":"type-product","3":"status-publish","4":"has-post-thumbnail","6":"product_cat-devices","7":"product_cat-imago-food-printers","8":"product_cat-printers-nanosolvent","10":"first","11":"instock","12":"shipping-taxable","13":"purchasable","14":"product-type-simple"},"_links":{"self":[{"href":"https:\/\/dersuessestopp.com\/sl\/wp-json\/wp\/v2\/product\/9898","targetHints":{"allow":["GET"]}}],"collection":[{"href":"https:\/\/dersuessestopp.com\/sl\/wp-json\/wp\/v2\/product"}],"about":[{"href":"https:\/\/dersuessestopp.com\/sl\/wp-json\/wp\/v2\/types\/product"}],"replies":[{"embeddable":true,"href":"https:\/\/dersuessestopp.com\/sl\/wp-json\/wp\/v2\/comments?post=9898"}],"version-history":[{"count":1,"href":"https:\/\/dersuessestopp.com\/sl\/wp-json\/wp\/v2\/product\/9898\/revisions"}],"predecessor-version":[{"id":9982,"href":"https:\/\/dersuessestopp.com\/sl\/wp-json\/wp\/v2\/product\/9898\/revisions\/9982"}],"wp:featuredmedia":[{"embeddable":true,"href":"https:\/\/dersuessestopp.com\/sl\/wp-json\/wp\/v2\/media\/9897"}],"wp:attachment":[{"href":"https:\/\/dersuessestopp.com\/sl\/wp-json\/wp\/v2\/media?parent=9898"}],"wp:term":[{"taxonomy":"product_brand","embeddable":true,"href":"https:\/\/dersuessestopp.com\/sl\/wp-json\/wp\/v2\/product_brand?post=9898"},{"taxonomy":"product_cat","embeddable":true,"href":"https:\/\/dersuessestopp.com\/sl\/wp-json\/wp\/v2\/product_cat?post=9898"},{"taxonomy":"product_tag","embeddable":true,"href":"https:\/\/dersuessestopp.com\/sl\/wp-json\/wp\/v2\/product_tag?post=9898"}],"curies":[{"name":"wp","href":"https:\/\/api.w.org\/{rel}","templated":true}]}}