{"id":9896,"date":"2025-09-28T03:48:45","date_gmt":"2025-09-28T03:48:45","guid":{"rendered":"https:\/\/dersuessestopp.com\/product\/falco-aluminium-printer\/"},"modified":"2025-09-28T04:09:55","modified_gmt":"2025-09-28T04:09:55","slug":"tiskalnik-aluminija-falco","status":"publish","type":"product","link":"https:\/\/dersuessestopp.com\/sl\/product\/falco-aluminium-printer\/","title":{"rendered":"FALCO Aluminijev tiskalnik"},"content":{"rendered":"<p>FALCO Aluminium - neuni\u010dljive skladi\u0161\u010dne etikete iz eloksiranega aluminija Naprava FALCO Aluminium omogo\u010da izdelavo neuni\u010dljivih skladi\u0161\u010dnih etiket neposredno na mestu uporabe. S tem se zmanj\u0161ata \u010das izdelave in stro\u0161ki. I\u0161\u010dete trpe\u017ene skladi\u0161\u010dne etikete? Odkrijte mo\u017enosti naprave FALCO Aluminium. Zelo natan\u010den tisk na eloksiran aluminij Naprava FALCO Aluminium je idealna za aplikacije, pri katerih so pomembni kakovost tiska, trajnost in kratek \u010das izdelave kon\u010dnih izdelkov. Poleg tega je tisk zelo natan\u010den in ponovljiv na vsakem izdelku. Celovit tehnolo\u0161ki paket za tiskanje na kovino Da bi \u0161e pove\u010dali natan\u010dnost in trajnost odtisov, smo razvili tehnolo\u0161ki paket, ki vklju\u010duje: napravo FALCO Aluminium in aplikacijo Technology Tub, ki pove\u010da trajnost s tesnjenjem natisnjenih kovinskih listov. Neprekinjena serijska proizvodnja Naprava Falco Aluminium je zasnovana za neprekinjeno serijsko delovanje neposredno na mestu proizvodnje skladi\u0161\u010dnih etiket. Zaradi trpe\u017ene konstrukcije in intuitivnega na\u010dina servisiranja vam ni treba skrbeti za izpad proizvodnje! Nizki stro\u0161ki in preprosta logistika izdelave skladi\u0161\u010dnih oznak Uporaba tehnologije tiskanja na eloksiran aluminij skraj\u0161a \u010das proizvodnje, zni\u017ea stro\u0161ke in olaj\u0161a logistiko izdelave skladi\u0161\u010dnih oznak v va\u0161em podjetju. V delovnem dnevu operaterja lahko izdelate do 500 etiket, skupni stro\u0161ki izdelave enega kosa pa zna\u0161ajo le 3 PLN! Enostavna uporaba in brezhibno delovanje Upravljanje aluminijastih tiskalnikov je intuitivno, tako da bo po osnovnem usposabljanju vsak zaposleni lahko pripravil kon\u010dni izdelek najvi\u0161je kakovosti. Polavtomatski sistem \u010di\u0161\u010denja podalj\u0161a \u017eivljenjsko dobo tiskalne glave, sistem stekleni\u010dke brez kapljanja pa zagotavlja hitro in udobno upravljanje.<\/p>","protected":false},"excerpt":{"rendered":"<p>Naprava FALCO Aluminium omogo\u010da izdelavo neuni\u010dljivih skladi\u0161\u010dnih etiket neposredno na mestu uporabe.<\/p>","protected":false},"featured_media":9895,"comment_status":"open","ping_status":"closed","template":"","meta":[],"product_brand":[],"product_cat":[83,38,79],"product_tag":[],"class_list":{"0":"post-9896","1":"product","2":"type-product","3":"status-publish","4":"has-post-thumbnail","6":"product_cat-devices","7":"product_cat-imago-food-printers","8":"product_cat-printers-for-aluminum","10":"first","11":"instock","12":"shipping-taxable","13":"purchasable","14":"product-type-simple"},"_links":{"self":[{"href":"https:\/\/dersuessestopp.com\/sl\/wp-json\/wp\/v2\/product\/9896","targetHints":{"allow":["GET"]}}],"collection":[{"href":"https:\/\/dersuessestopp.com\/sl\/wp-json\/wp\/v2\/product"}],"about":[{"href":"https:\/\/dersuessestopp.com\/sl\/wp-json\/wp\/v2\/types\/product"}],"replies":[{"embeddable":true,"href":"https:\/\/dersuessestopp.com\/sl\/wp-json\/wp\/v2\/comments?post=9896"}],"version-history":[{"count":1,"href":"https:\/\/dersuessestopp.com\/sl\/wp-json\/wp\/v2\/product\/9896\/revisions"}],"predecessor-version":[{"id":9983,"href":"https:\/\/dersuessestopp.com\/sl\/wp-json\/wp\/v2\/product\/9896\/revisions\/9983"}],"wp:featuredmedia":[{"embeddable":true,"href":"https:\/\/dersuessestopp.com\/sl\/wp-json\/wp\/v2\/media\/9895"}],"wp:attachment":[{"href":"https:\/\/dersuessestopp.com\/sl\/wp-json\/wp\/v2\/media?parent=9896"}],"wp:term":[{"taxonomy":"product_brand","embeddable":true,"href":"https:\/\/dersuessestopp.com\/sl\/wp-json\/wp\/v2\/product_brand?post=9896"},{"taxonomy":"product_cat","embeddable":true,"href":"https:\/\/dersuessestopp.com\/sl\/wp-json\/wp\/v2\/product_cat?post=9896"},{"taxonomy":"product_tag","embeddable":true,"href":"https:\/\/dersuessestopp.com\/sl\/wp-json\/wp\/v2\/product_tag?post=9896"}],"curies":[{"name":"wp","href":"https:\/\/api.w.org\/{rel}","templated":true}]}}