{"id":9891,"date":"2025-09-28T03:48:30","date_gmt":"2025-09-28T03:48:30","guid":{"rendered":"https:\/\/dersuessestopp.com\/product\/base-die-base-for-positioning-the-upper-part-of-the-die\/"},"modified":"2025-09-28T04:38:56","modified_gmt":"2025-09-28T04:38:56","slug":"podstavek-matrice-za-namestitev-zgornjega-dela-matrice","status":"publish","type":"product","link":"https:\/\/dersuessestopp.com\/sl\/product\/base-die-base-for-positioning-the-upper-part-of-the-die\/","title":{"rendered":"matrica BASE - podlaga za namestitev zgornjega dela matrice"},"content":{"rendered":"<p>Konstrukcija matric IMAGO Na\u0161e matrice so izdelane v skladu z japonskim sistemom vodenja proizvodnje Poka-Yoke. Orodje je sestavljeno iz dveh delov: osnove in odstranljivega zgornjega dela. Izdelki se namestijo na zgornji del, ki je prilagojen dolo\u010deni obliki. Zgornji del matrice je mogo\u010de namestiti le v eni smeri, kar prepre\u010duje drage napake in izgubo \u010dasa za popravke izdelkov. Matrice, prilagojene va\u0161emu izdelku Orodja izdelujemo po individualnih naro\u010dilih strank, tako da so prilagojena izbranemu izdelku. Matrice so prilagojene delovnim mizam digitalnih tiskalnikov IMAGO. Tako je njihova namestitev hitra in enostavna. Za vsako matrico je izdelana tudi grafi\u010dna datoteka, ki povzema njeno obliko. To olaj\u0161a uporabo grafike za serijo izdelkov na ra\u010dunalniku. Fotografska kakovost slike, pozornost do podrobnosti, natan\u010dnost in ponovljivost tiska bodo olaj\u0161ali in pospe\u0161ili delo v va\u0161em podjetju. Pospe\u0161itev mno\u017ei\u010dne proizvodnje na tiskalniku UV LED Matrice racionalizirajo delo in znatno skraj\u0161ajo \u010das izdelave serij izdelkov. Omogo\u010dajo la\u017eje pozicioniranje promocijskih predmetov, pisal ali manj\u0161ih izdelkov s specifi\u010dnimi oblikami. Kalupi in tiskalniki za \u017eivila Tako kot pri tiskalnikih UV LED tudi pri tiskalnikih za \u017eivila izdelujemo kalupe po meri. Ti olaj\u0161ajo delo in pospe\u0161ijo postopek okra\u0161evanja. To orodje se najbolje obnese pri tiskanju velikega \u0161tevila majhnih izdelkov. V eni uri lahko na primer okrasite do 900 makaronov. Vse, kar potrebujete, je ena osnova in spremenljiv zgornji del v obliki va\u0161ega izdelka.<\/p>","protected":false},"excerpt":{"rendered":"<p>Ozna\u010dujete veliko majhnih izdelkov? Ali se va\u0161a proizvodnja ponavlja? Matrice so odli\u010dna re\u0161itev za vas. Omogo\u010dajo la\u017eje pozicioniranje majhnih izdelkov, odpravljajo tveganje napak in pospe\u0161ujejo serijsko proizvodnjo.<\/p>","protected":false},"featured_media":9890,"comment_status":"open","ping_status":"closed","template":"","meta":[],"product_brand":[],"product_cat":[92,38],"product_tag":[],"class_list":{"0":"post-9891","1":"product","2":"type-product","3":"status-publish","4":"has-post-thumbnail","6":"product_cat-dies","7":"product_cat-imago-food-printers","9":"first","10":"instock","11":"shipping-taxable","12":"purchasable","13":"product-type-simple"},"_links":{"self":[{"href":"https:\/\/dersuessestopp.com\/sl\/wp-json\/wp\/v2\/product\/9891","targetHints":{"allow":["GET"]}}],"collection":[{"href":"https:\/\/dersuessestopp.com\/sl\/wp-json\/wp\/v2\/product"}],"about":[{"href":"https:\/\/dersuessestopp.com\/sl\/wp-json\/wp\/v2\/types\/product"}],"replies":[{"embeddable":true,"href":"https:\/\/dersuessestopp.com\/sl\/wp-json\/wp\/v2\/comments?post=9891"}],"version-history":[{"count":1,"href":"https:\/\/dersuessestopp.com\/sl\/wp-json\/wp\/v2\/product\/9891\/revisions"}],"predecessor-version":[{"id":9986,"href":"https:\/\/dersuessestopp.com\/sl\/wp-json\/wp\/v2\/product\/9891\/revisions\/9986"}],"wp:featuredmedia":[{"embeddable":true,"href":"https:\/\/dersuessestopp.com\/sl\/wp-json\/wp\/v2\/media\/9890"}],"wp:attachment":[{"href":"https:\/\/dersuessestopp.com\/sl\/wp-json\/wp\/v2\/media?parent=9891"}],"wp:term":[{"taxonomy":"product_brand","embeddable":true,"href":"https:\/\/dersuessestopp.com\/sl\/wp-json\/wp\/v2\/product_brand?post=9891"},{"taxonomy":"product_cat","embeddable":true,"href":"https:\/\/dersuessestopp.com\/sl\/wp-json\/wp\/v2\/product_cat?post=9891"},{"taxonomy":"product_tag","embeddable":true,"href":"https:\/\/dersuessestopp.com\/sl\/wp-json\/wp\/v2\/product_tag?post=9891"}],"curies":[{"name":"wp","href":"https:\/\/api.w.org\/{rel}","templated":true}]}}