{"id":9886,"date":"2025-09-28T03:48:21","date_gmt":"2025-09-28T03:48:21","guid":{"rendered":"https:\/\/dersuessestopp.com\/product\/processing-tank-for-falco-aluminium\/"},"modified":"2025-09-28T04:09:55","modified_gmt":"2025-09-28T04:09:55","slug":"rezervoar-za-predelavo-aluminija-falco","status":"publish","type":"product","link":"https:\/\/dersuessestopp.com\/sl\/product\/processing-tank-for-falco-aluminium\/","title":{"rendered":"Rezervoar za predelavo za FALCO Aluminium"},"content":{"rendered":"<p>Tiskanje na eloksiran aluminij - prednosti za va\u0161e podjetje Celoten tehnolo\u0161ki paket za tiskanje na eloksiran aluminij je enostaven za uporabo in poceni za upravljanje. Za tiskanje na aluminij sta zna\u010dilni zelo visoka trajnost in odpornost na zunanje dejavnike. Gotovo plo\u0161\u010do velikosti 10 x 15 cm lahko natisnete v dveh minutah, njeni celotni stro\u0161ki pa zna\u0161ajo le 3 PLN. Za najbolj\u0161o kakovost tiska priporo\u010damo uporabo posebne soli, ki dodatno ohranja zunanji sloj aluminija.<\/p>","protected":false},"excerpt":{"rendered":"<p>Tiskanje na eloksiran aluminij se uporablja za ustvarjanje prakti\u010dno neuni\u010dljivih vzorcev za skladi\u0161\u010dne etikete, informacijske plo\u0161\u010de, nadzorne plo\u0161\u010de, diplome in potrdila.<\/p>","protected":false},"featured_media":9885,"comment_status":"open","ping_status":"closed","template":"","meta":[],"product_brand":[],"product_cat":[83,82,38],"product_tag":[],"class_list":{"0":"post-9886","1":"product","2":"type-product","3":"status-publish","4":"has-post-thumbnail","6":"product_cat-devices","7":"product_cat-peripheral-devices","8":"product_cat-imago-food-printers","10":"first","11":"instock","12":"shipping-taxable","13":"purchasable","14":"product-type-simple"},"_links":{"self":[{"href":"https:\/\/dersuessestopp.com\/sl\/wp-json\/wp\/v2\/product\/9886","targetHints":{"allow":["GET"]}}],"collection":[{"href":"https:\/\/dersuessestopp.com\/sl\/wp-json\/wp\/v2\/product"}],"about":[{"href":"https:\/\/dersuessestopp.com\/sl\/wp-json\/wp\/v2\/types\/product"}],"replies":[{"embeddable":true,"href":"https:\/\/dersuessestopp.com\/sl\/wp-json\/wp\/v2\/comments?post=9886"}],"version-history":[{"count":1,"href":"https:\/\/dersuessestopp.com\/sl\/wp-json\/wp\/v2\/product\/9886\/revisions"}],"predecessor-version":[{"id":9988,"href":"https:\/\/dersuessestopp.com\/sl\/wp-json\/wp\/v2\/product\/9886\/revisions\/9988"}],"wp:featuredmedia":[{"embeddable":true,"href":"https:\/\/dersuessestopp.com\/sl\/wp-json\/wp\/v2\/media\/9885"}],"wp:attachment":[{"href":"https:\/\/dersuessestopp.com\/sl\/wp-json\/wp\/v2\/media?parent=9886"}],"wp:term":[{"taxonomy":"product_brand","embeddable":true,"href":"https:\/\/dersuessestopp.com\/sl\/wp-json\/wp\/v2\/product_brand?post=9886"},{"taxonomy":"product_cat","embeddable":true,"href":"https:\/\/dersuessestopp.com\/sl\/wp-json\/wp\/v2\/product_cat?post=9886"},{"taxonomy":"product_tag","embeddable":true,"href":"https:\/\/dersuessestopp.com\/sl\/wp-json\/wp\/v2\/product_tag?post=9886"}],"curies":[{"name":"wp","href":"https:\/\/api.w.org\/{rel}","templated":true}]}}