{"id":9878,"date":"2025-09-28T03:47:48","date_gmt":"2025-09-28T03:47:48","guid":{"rendered":"https:\/\/dersuessestopp.com\/product\/set-of-cartridges-for-cleaning-fluids-for-the-falco-confectionery-plotter-4-pcs\/"},"modified":"2025-09-28T04:09:56","modified_gmt":"2025-09-28T04:09:56","slug":"komplet-kartus-za-cistilne-tekocine-za-falco-slascicarski-plotter-4-kosi","status":"publish","type":"product","link":"https:\/\/dersuessestopp.com\/sl\/product\/set-of-cartridges-for-cleaning-fluids-for-the-falco-confectionery-plotter-4-pcs\/","title":{"rendered":"Komplet kartu\u0161 za \u010distilne teko\u010dine za sla\u0161\u010di\u010darski ploter Falco - 4 kosi."},"content":{"rendered":"<p>Ponujamo komplet 4 praznih kartu\u0161 za sla\u0161\u010di\u010darski ploter Falco. Prilagojene so \u017eivilski industriji in so namenjene polnjenju s \u010distilom IMAGO na vodni osnovi. Kartu\u0161e s \u010distilno teko\u010dino pomagajo ohranjati va\u0161 sla\u0161\u010di\u010darski tiskalnik v dobrem stanju med izostanki. Kartu\u0161e ne vsebujejo \u010distila.<\/p>","protected":false},"excerpt":{"rendered":"<p>Komplet praznih kartu\u0161 za \u010distilne teko\u010dine za sla\u0161\u010di\u010darski plotter Falco proizvajalca IMAGO - 4 kosi.<\/p>","protected":false},"featured_media":9877,"comment_status":"open","ping_status":"closed","template":"","meta":[],"product_brand":[],"product_cat":[81,76,38,86],"product_tag":[],"class_list":{"0":"post-9878","1":"product","2":"type-product","3":"status-publish","4":"has-post-thumbnail","6":"product_cat-equipment-operation","7":"product_cat-food-printers","8":"product_cat-imago-food-printers","9":"product_cat-primers-and-cleaning-fluids","11":"first","12":"instock","13":"shipping-taxable","14":"purchasable","15":"product-type-simple"},"_links":{"self":[{"href":"https:\/\/dersuessestopp.com\/sl\/wp-json\/wp\/v2\/product\/9878","targetHints":{"allow":["GET"]}}],"collection":[{"href":"https:\/\/dersuessestopp.com\/sl\/wp-json\/wp\/v2\/product"}],"about":[{"href":"https:\/\/dersuessestopp.com\/sl\/wp-json\/wp\/v2\/types\/product"}],"replies":[{"embeddable":true,"href":"https:\/\/dersuessestopp.com\/sl\/wp-json\/wp\/v2\/comments?post=9878"}],"version-history":[{"count":1,"href":"https:\/\/dersuessestopp.com\/sl\/wp-json\/wp\/v2\/product\/9878\/revisions"}],"predecessor-version":[{"id":9993,"href":"https:\/\/dersuessestopp.com\/sl\/wp-json\/wp\/v2\/product\/9878\/revisions\/9993"}],"wp:featuredmedia":[{"embeddable":true,"href":"https:\/\/dersuessestopp.com\/sl\/wp-json\/wp\/v2\/media\/9877"}],"wp:attachment":[{"href":"https:\/\/dersuessestopp.com\/sl\/wp-json\/wp\/v2\/media?parent=9878"}],"wp:term":[{"taxonomy":"product_brand","embeddable":true,"href":"https:\/\/dersuessestopp.com\/sl\/wp-json\/wp\/v2\/product_brand?post=9878"},{"taxonomy":"product_cat","embeddable":true,"href":"https:\/\/dersuessestopp.com\/sl\/wp-json\/wp\/v2\/product_cat?post=9878"},{"taxonomy":"product_tag","embeddable":true,"href":"https:\/\/dersuessestopp.com\/sl\/wp-json\/wp\/v2\/product_tag?post=9878"}],"curies":[{"name":"wp","href":"https:\/\/api.w.org\/{rel}","templated":true}]}}