{"id":9876,"date":"2025-09-28T03:47:45","date_gmt":"2025-09-28T03:47:45","guid":{"rendered":"https:\/\/dersuessestopp.com\/product\/set-of-cartridges-for-cleaning-fluids-for-the-vulpes-confectionery-plotter-6-pcs\/"},"modified":"2025-09-28T04:10:18","modified_gmt":"2025-09-28T04:10:18","slug":"komplet-kartus-za-cistilne-tekocine-za-ploter-za-slascicarstvo-vulpes-6-kosov","status":"publish","type":"product","link":"https:\/\/dersuessestopp.com\/sl\/product\/set-of-cartridges-for-cleaning-fluids-for-the-vulpes-confectionery-plotter-6-pcs\/","title":{"rendered":"Komplet kartu\u0161 za \u010distilne teko\u010dine za sla\u0161\u010di\u010darski ploter Vulpes - 6 kosov."},"content":{"rendered":"<p>Ponujamo komplet 6 praznih kartu\u0161 za sla\u0161\u010di\u010darski ploter Vulpes v razli\u010dici s kartu\u0161ami. Prilagojene so \u017eivilski industriji in so namenjene polnjenju z vodnim \u010distilom IMAGO. Kartu\u0161e s \u010distilno teko\u010dino vam omogo\u010dajo, da ohranite svoj sla\u0161\u010di\u010darski tiskalnik v dobrem stanju med izostanki. Kartu\u0161e ne vsebujejo \u010distilnega sredstva.<\/p>","protected":false},"excerpt":{"rendered":"<p>Komplet kartu\u0161 s \u010distilno teko\u010dino za ploter IMAGO, 6 kosov, zasnovan posebej za ploterje IMAGO. Kartu\u0161e zagotavljajo optimalno delovanje va\u0161ega plotterja. Teko\u010dina je zasnovana tako, da ne\u017eno obdela mehanizme sla\u0161\u010di\u010darskega ploterja in odstrani vse ne\u010disto\u010de brez nevarnosti po\u0161kodb.<\/p>","protected":false},"featured_media":9875,"comment_status":"open","ping_status":"closed","template":"","meta":[],"product_brand":[],"product_cat":[81,76,38,86],"product_tag":[],"class_list":{"0":"post-9876","1":"product","2":"type-product","3":"status-publish","4":"has-post-thumbnail","6":"product_cat-equipment-operation","7":"product_cat-food-printers","8":"product_cat-imago-food-printers","9":"product_cat-primers-and-cleaning-fluids","11":"first","12":"instock","13":"shipping-taxable","14":"purchasable","15":"product-type-simple"},"_links":{"self":[{"href":"https:\/\/dersuessestopp.com\/sl\/wp-json\/wp\/v2\/product\/9876","targetHints":{"allow":["GET"]}}],"collection":[{"href":"https:\/\/dersuessestopp.com\/sl\/wp-json\/wp\/v2\/product"}],"about":[{"href":"https:\/\/dersuessestopp.com\/sl\/wp-json\/wp\/v2\/types\/product"}],"replies":[{"embeddable":true,"href":"https:\/\/dersuessestopp.com\/sl\/wp-json\/wp\/v2\/comments?post=9876"}],"version-history":[{"count":1,"href":"https:\/\/dersuessestopp.com\/sl\/wp-json\/wp\/v2\/product\/9876\/revisions"}],"predecessor-version":[{"id":9994,"href":"https:\/\/dersuessestopp.com\/sl\/wp-json\/wp\/v2\/product\/9876\/revisions\/9994"}],"wp:featuredmedia":[{"embeddable":true,"href":"https:\/\/dersuessestopp.com\/sl\/wp-json\/wp\/v2\/media\/9875"}],"wp:attachment":[{"href":"https:\/\/dersuessestopp.com\/sl\/wp-json\/wp\/v2\/media?parent=9876"}],"wp:term":[{"taxonomy":"product_brand","embeddable":true,"href":"https:\/\/dersuessestopp.com\/sl\/wp-json\/wp\/v2\/product_brand?post=9876"},{"taxonomy":"product_cat","embeddable":true,"href":"https:\/\/dersuessestopp.com\/sl\/wp-json\/wp\/v2\/product_cat?post=9876"},{"taxonomy":"product_tag","embeddable":true,"href":"https:\/\/dersuessestopp.com\/sl\/wp-json\/wp\/v2\/product_tag?post=9876"}],"curies":[{"name":"wp","href":"https:\/\/api.w.org\/{rel}","templated":true}]}}