{"id":9872,"date":"2025-09-28T03:47:31","date_gmt":"2025-09-28T03:47:31","guid":{"rendered":"https:\/\/dersuessestopp.com\/product\/rotor-device-for-printing-on-cylindrical-objects\/"},"modified":"2025-09-28T04:10:18","modified_gmt":"2025-09-28T04:10:18","slug":"rotorska-naprava-za-tiskanje-na-valjaste-predmete","status":"publish","type":"product","link":"https:\/\/dersuessestopp.com\/sl\/product\/rotor-device-for-printing-on-cylindrical-objects\/","title":{"rendered":"ROTOR - naprava za tiskanje na valjaste predmete"},"content":{"rendered":"<p>Mehanski modul Rotor za kro\u017eno tiskanje odlikujeta trpe\u017ena mehanska zasnova in intuitivno prilagajanje nastavitev. Modul se namesti na tiskalnik Aquila UV LED ali Nanosolvent z uporabo magnetnega sistema, zaradi \u010desar je naprava popolnoma zdru\u017eljiva s tiskalniki IMAGO in ne potrebuje omre\u017ene povezave. Raz\u0161iritev mo\u017enosti tiskanja ploskih digitalnih tiskalnikov Rotor omogo\u010da znatno raz\u0161iritev mo\u017enosti tiskanja ploskih tiskalnikov ob ohranjanju najvi\u0161je kakovosti in natan\u010dnosti. Nastavitev razmika valjev omogo\u010da natan\u010dno prilagoditev modula premeru sve\u010de, steklenice ali vaze. Poleg tega funkcija nastavitve ravni podrobnosti omogo\u010da tiskanje na sto\u017e\u010daste izdelke, kot so vr\u010di in steklenice za vodo.<\/p>","protected":false},"excerpt":{"rendered":"<p>ROTOR je sodobna periferna re\u0161itev za tiskanje valjastih, sto\u017e\u010dastih in sferi\u010dnih predmetov na tiskalnikih AQUILA UV LED in AQUILA Nanosolvent. Z njim lahko preprosto tiskate na sve\u010de, steklenice, kozarce in celo na bo\u017ei\u010dne bombice!<\/p>","protected":false},"featured_media":9871,"comment_status":"open","ping_status":"closed","template":"","meta":[],"product_brand":[],"product_cat":[38,82],"product_tag":[],"class_list":{"0":"post-9872","1":"product","2":"type-product","3":"status-publish","4":"has-post-thumbnail","6":"product_cat-imago-food-printers","7":"product_cat-peripheral-devices","9":"first","10":"instock","11":"shipping-taxable","12":"purchasable","13":"product-type-simple"},"_links":{"self":[{"href":"https:\/\/dersuessestopp.com\/sl\/wp-json\/wp\/v2\/product\/9872","targetHints":{"allow":["GET"]}}],"collection":[{"href":"https:\/\/dersuessestopp.com\/sl\/wp-json\/wp\/v2\/product"}],"about":[{"href":"https:\/\/dersuessestopp.com\/sl\/wp-json\/wp\/v2\/types\/product"}],"replies":[{"embeddable":true,"href":"https:\/\/dersuessestopp.com\/sl\/wp-json\/wp\/v2\/comments?post=9872"}],"version-history":[{"count":1,"href":"https:\/\/dersuessestopp.com\/sl\/wp-json\/wp\/v2\/product\/9872\/revisions"}],"predecessor-version":[{"id":9996,"href":"https:\/\/dersuessestopp.com\/sl\/wp-json\/wp\/v2\/product\/9872\/revisions\/9996"}],"wp:featuredmedia":[{"embeddable":true,"href":"https:\/\/dersuessestopp.com\/sl\/wp-json\/wp\/v2\/media\/9871"}],"wp:attachment":[{"href":"https:\/\/dersuessestopp.com\/sl\/wp-json\/wp\/v2\/media?parent=9872"}],"wp:term":[{"taxonomy":"product_brand","embeddable":true,"href":"https:\/\/dersuessestopp.com\/sl\/wp-json\/wp\/v2\/product_brand?post=9872"},{"taxonomy":"product_cat","embeddable":true,"href":"https:\/\/dersuessestopp.com\/sl\/wp-json\/wp\/v2\/product_cat?post=9872"},{"taxonomy":"product_tag","embeddable":true,"href":"https:\/\/dersuessestopp.com\/sl\/wp-json\/wp\/v2\/product_tag?post=9872"}],"curies":[{"name":"wp","href":"https:\/\/api.w.org\/{rel}","templated":true}]}}