{"id":9870,"date":"2025-09-28T03:47:27","date_gmt":"2025-09-28T03:47:27","guid":{"rendered":"https:\/\/dersuessestopp.com\/product\/vsg-module-suction-and-heating-attachment\/"},"modified":"2025-09-28T04:10:18","modified_gmt":"2025-09-28T04:10:18","slug":"sesalni-in-grelni-nastavek-modula-vsg","status":"publish","type":"product","link":"https:\/\/dersuessestopp.com\/sl\/product\/vsg-module-suction-and-heating-attachment\/","title":{"rendered":"Modul VSG - sesalni in ogrevalni nastavek"},"content":{"rendered":"<p>Enostavna re\u0161itev za podporo digitalnih tiskalnikov IMAGO. Zasnova naprave je estetska in uporabniku prijazna, njeno delovanje in vzdr\u017eevanje pa sta izjemno var\u010dna. Ko se naprava VSG ne uporablja, se samodejno izklopi, kar prispeva k ni\u017ejim obratovalnim stro\u0161kom. Posamezne funkcije upravljate z le tremi gumbi, zaradi \u010desar je upravljanje naprave enostavno.   Sesalna miza za tiskalnike UV LED in nanosolventne tiskalnike Modul VSG med tiskanjem samodejno zgladi podlago in omogo\u010da podpiranje tankih materialov, kar pove\u010da natan\u010dnost in ponovljivost odtisov UV LED na papir, folijo, kovinske plo\u0161\u010de, vezan les in tkanine. Hkrati prepre\u010duje deformacijo podrobnosti pod vplivom toplote svetilke UV LED in tako olaj\u0161a tiskanje na akril, PVC in drugo plastiko.    Visoka natan\u010dnost tiska na eloksiran aluminij Temperaturna funkcija pri tiskanju na liste eloksiranega aluminija z izhlapevanjem odve\u010dne barve pove\u010da dosegljivo barvno zasi\u010denost in lo\u010dljivost tiska. Hkrati vakuumska miza pove\u010da natan\u010dnost tiskanja s stabilizacijo plo\u010devine na delovni mizi.   Mo\u017enosti tiskanja na plasti\u010dno \u010dokolado V primeru tiskalnikov za \u017eivila VSG pove\u010duje kakovost tiskanja na \u010dokolado in omogo\u010da njeno plasti\u010dno oblikovanje po tiskanju. Vakuumsko sesanje pa omogo\u010da tiskanje na sladkorni papir in transferno folijo.<\/p>","protected":false},"excerpt":{"rendered":"<p>Modul VSG - Tiskajte z najve\u010djo natan\u010dnostjo na tanke materiale. Modul VSG je univerzalno orodje, opremljeno z vakuumsko mizo in funkcijo nadzora temperature. Modul omogo\u010da tiskanje na materiale, na katere je te\u017eko tiskati, kot so tanki substrati, materiali, ki se zlahka deformirajo, in materiali, pri katerih je kakovost tiska odvisna od temperature.<\/p>","protected":false},"featured_media":9869,"comment_status":"open","ping_status":"closed","template":"","meta":[],"product_brand":[],"product_cat":[83,38,82],"product_tag":[],"class_list":{"0":"post-9870","1":"product","2":"type-product","3":"status-publish","4":"has-post-thumbnail","6":"product_cat-devices","7":"product_cat-imago-food-printers","8":"product_cat-peripheral-devices","10":"first","11":"instock","12":"shipping-taxable","13":"purchasable","14":"product-type-simple"},"_links":{"self":[{"href":"https:\/\/dersuessestopp.com\/sl\/wp-json\/wp\/v2\/product\/9870","targetHints":{"allow":["GET"]}}],"collection":[{"href":"https:\/\/dersuessestopp.com\/sl\/wp-json\/wp\/v2\/product"}],"about":[{"href":"https:\/\/dersuessestopp.com\/sl\/wp-json\/wp\/v2\/types\/product"}],"replies":[{"embeddable":true,"href":"https:\/\/dersuessestopp.com\/sl\/wp-json\/wp\/v2\/comments?post=9870"}],"version-history":[{"count":1,"href":"https:\/\/dersuessestopp.com\/sl\/wp-json\/wp\/v2\/product\/9870\/revisions"}],"predecessor-version":[{"id":9997,"href":"https:\/\/dersuessestopp.com\/sl\/wp-json\/wp\/v2\/product\/9870\/revisions\/9997"}],"wp:featuredmedia":[{"embeddable":true,"href":"https:\/\/dersuessestopp.com\/sl\/wp-json\/wp\/v2\/media\/9869"}],"wp:attachment":[{"href":"https:\/\/dersuessestopp.com\/sl\/wp-json\/wp\/v2\/media?parent=9870"}],"wp:term":[{"taxonomy":"product_brand","embeddable":true,"href":"https:\/\/dersuessestopp.com\/sl\/wp-json\/wp\/v2\/product_brand?post=9870"},{"taxonomy":"product_cat","embeddable":true,"href":"https:\/\/dersuessestopp.com\/sl\/wp-json\/wp\/v2\/product_cat?post=9870"},{"taxonomy":"product_tag","embeddable":true,"href":"https:\/\/dersuessestopp.com\/sl\/wp-json\/wp\/v2\/product_tag?post=9870"}],"curies":[{"name":"wp","href":"https:\/\/api.w.org\/{rel}","templated":true}]}}