{"id":9868,"date":"2025-09-28T03:47:24","date_gmt":"2025-09-28T03:47:24","guid":{"rendered":"https:\/\/dersuessestopp.com\/product\/dust-collector-filters-20-pieces\/"},"modified":"2025-09-28T04:10:18","modified_gmt":"2025-09-28T04:10:18","slug":"filtri-za-zbiranje-prahu-20-kosov","status":"publish","type":"product","link":"https:\/\/dersuessestopp.com\/sl\/product\/dust-collector-filters-20-pieces\/","title":{"rendered":"Filtri za zbiranje prahu, 20 kosov"},"content":{"rendered":"<p>Posebej zasnovani filtri odstranjujejo drobne delce prahu in umazanije ter \u0161\u010ditijo ob\u010dutljive strojne komponente. Redna zamenjava filtrov pomaga ohranjati optimalno delovanje stroja, kar pomeni dalj\u0161o \u017eivljenjsko dobo in ni\u017eje stro\u0161ke vzdr\u017eevanja. Sistem za odsesavanje prahu, ki ga uporablja na\u0161 tiskalnik, vam omogo\u010da tiskanje na neravnih povr\u0161inah in pra\u0161nih materialih, ne da bi vas skrbelo stanje tiskalnega sistema.  Filtri so zdru\u017eljivi s tiskalniki Aquila UV LED in sla\u0161\u010di\u010darskimi ploterji VULPES. Priporo\u010dljivo je, da filtre v napravi zamenjate enkrat na teden. Komplet filtrov za zbiralnik prahu ne vklju\u010duje pincete.<\/p>","protected":false},"excerpt":{"rendered":"<p>Filtri za zbiranje prahu, 20 kosov - klju\u010dni element za vzdr\u017eevanje \u010disto\u010de v napravi in ohranjanje tiskalne glave v dobrem stanju.<\/p>","protected":false},"featured_media":9867,"comment_status":"open","ping_status":"closed","template":"","meta":[],"product_brand":[],"product_cat":[91,76,77,38],"product_tag":[],"class_list":{"0":"post-9868","1":"product","2":"type-product","3":"status-publish","4":"has-post-thumbnail","6":"product_cat-device-operation","7":"product_cat-food-printers","8":"product_cat-uv-led-printers","9":"product_cat-imago-food-printers","11":"first","12":"instock","13":"shipping-taxable","14":"purchasable","15":"product-type-simple"},"_links":{"self":[{"href":"https:\/\/dersuessestopp.com\/sl\/wp-json\/wp\/v2\/product\/9868","targetHints":{"allow":["GET"]}}],"collection":[{"href":"https:\/\/dersuessestopp.com\/sl\/wp-json\/wp\/v2\/product"}],"about":[{"href":"https:\/\/dersuessestopp.com\/sl\/wp-json\/wp\/v2\/types\/product"}],"replies":[{"embeddable":true,"href":"https:\/\/dersuessestopp.com\/sl\/wp-json\/wp\/v2\/comments?post=9868"}],"version-history":[{"count":1,"href":"https:\/\/dersuessestopp.com\/sl\/wp-json\/wp\/v2\/product\/9868\/revisions"}],"predecessor-version":[{"id":9998,"href":"https:\/\/dersuessestopp.com\/sl\/wp-json\/wp\/v2\/product\/9868\/revisions\/9998"}],"wp:featuredmedia":[{"embeddable":true,"href":"https:\/\/dersuessestopp.com\/sl\/wp-json\/wp\/v2\/media\/9867"}],"wp:attachment":[{"href":"https:\/\/dersuessestopp.com\/sl\/wp-json\/wp\/v2\/media?parent=9868"}],"wp:term":[{"taxonomy":"product_brand","embeddable":true,"href":"https:\/\/dersuessestopp.com\/sl\/wp-json\/wp\/v2\/product_brand?post=9868"},{"taxonomy":"product_cat","embeddable":true,"href":"https:\/\/dersuessestopp.com\/sl\/wp-json\/wp\/v2\/product_cat?post=9868"},{"taxonomy":"product_tag","embeddable":true,"href":"https:\/\/dersuessestopp.com\/sl\/wp-json\/wp\/v2\/product_tag?post=9868"}],"curies":[{"name":"wp","href":"https:\/\/api.w.org\/{rel}","templated":true}]}}