{"id":9866,"date":"2025-09-28T03:47:22","date_gmt":"2025-09-28T03:47:22","guid":{"rendered":"https:\/\/dersuessestopp.com\/product\/damper-for-aquila-uv-led-printers-1-piece\/"},"modified":"2025-09-28T04:10:19","modified_gmt":"2025-09-28T04:10:19","slug":"dusilnik-za-tiskalnike-aquila-uv-led-1-kos","status":"publish","type":"product","link":"https:\/\/dersuessestopp.com\/sl\/product\/damper-for-aquila-uv-led-printers-1-piece\/","title":{"rendered":"Du\u0161ilnik (za tiskalnike AQUILA UV LED) 1 kos"},"content":{"rendered":"<p>Du\u0161ilnik zagotavlja neprekinjeno dovajanje \u010drnila v glavo, s \u010dimer odpravlja nevarnost prekinitev tiskanja in zagotavlja nemoteno delovanje tiskalnika. V notranjosti du\u0161ilca je obse\u017een sklop ventila, filtra in membrane, ki u\u010dinkovito \u010disti in nadzoruje pretok \u010drnila. Du\u0161ilnik ni le rezervoar, temve\u010d klju\u010dni sestavni del, ki tiskalni glavi zagotavlja optimalne delovne pogoje, kar se odra\u017ea v natan\u010dnosti in trajnosti odtisov.<\/p>","protected":false},"excerpt":{"rendered":"<p>Bla\u017eilnik je klju\u010dna komponenta, name\u0161\u010dena neposredno na tiskalno glavo. Njegova glavna naloga je zagotoviti neprekinjen dotok \u010drnila v glavo, kar neposredno vpliva na kakovost in stabilnost va\u0161ih odtisov. Cena velja za 1 bla\u017eilnik.<\/p>","protected":false},"featured_media":9838,"comment_status":"open","ping_status":"closed","template":"","meta":[],"product_brand":[],"product_cat":[38,75,77],"product_tag":[],"class_list":{"0":"post-9866","1":"product","2":"type-product","3":"status-publish","4":"has-post-thumbnail","6":"product_cat-imago-food-printers","7":"product_cat-operation-of-devices","8":"product_cat-uv-led-printers","10":"first","11":"instock","12":"shipping-taxable","13":"purchasable","14":"product-type-simple"},"_links":{"self":[{"href":"https:\/\/dersuessestopp.com\/sl\/wp-json\/wp\/v2\/product\/9866","targetHints":{"allow":["GET"]}}],"collection":[{"href":"https:\/\/dersuessestopp.com\/sl\/wp-json\/wp\/v2\/product"}],"about":[{"href":"https:\/\/dersuessestopp.com\/sl\/wp-json\/wp\/v2\/types\/product"}],"replies":[{"embeddable":true,"href":"https:\/\/dersuessestopp.com\/sl\/wp-json\/wp\/v2\/comments?post=9866"}],"version-history":[{"count":1,"href":"https:\/\/dersuessestopp.com\/sl\/wp-json\/wp\/v2\/product\/9866\/revisions"}],"predecessor-version":[{"id":10003,"href":"https:\/\/dersuessestopp.com\/sl\/wp-json\/wp\/v2\/product\/9866\/revisions\/10003"}],"wp:featuredmedia":[{"embeddable":true,"href":"https:\/\/dersuessestopp.com\/sl\/wp-json\/wp\/v2\/media\/9838"}],"wp:attachment":[{"href":"https:\/\/dersuessestopp.com\/sl\/wp-json\/wp\/v2\/media?parent=9866"}],"wp:term":[{"taxonomy":"product_brand","embeddable":true,"href":"https:\/\/dersuessestopp.com\/sl\/wp-json\/wp\/v2\/product_brand?post=9866"},{"taxonomy":"product_cat","embeddable":true,"href":"https:\/\/dersuessestopp.com\/sl\/wp-json\/wp\/v2\/product_cat?post=9866"},{"taxonomy":"product_tag","embeddable":true,"href":"https:\/\/dersuessestopp.com\/sl\/wp-json\/wp\/v2\/product_tag?post=9866"}],"curies":[{"name":"wp","href":"https:\/\/api.w.org\/{rel}","templated":true}]}}