{"id":9860,"date":"2025-09-28T03:47:18","date_gmt":"2025-09-28T03:47:18","guid":{"rendered":"https:\/\/dersuessestopp.com\/product\/dust-free-cotton-swabs-20-pieces\/"},"modified":"2025-09-28T04:10:19","modified_gmt":"2025-09-28T04:10:19","slug":"bombazni-tamponi-brez-prahu-20-kosov","status":"publish","type":"product","link":"https:\/\/dersuessestopp.com\/sl\/product\/dust-free-cotton-swabs-20-pieces\/","title":{"rendered":"Vatni tamponi brez prahu, 20 kosov"},"content":{"rendered":"<p>Ne\u017eno in varno: \u0160portni in varni pripomo\u010dki, ki so ne\u017eni do tiskalne glave, odpravljajo nevarnost po\u0161kodb med \u010di\u0161\u010denjem. U\u010dinkovito odstranjevanje onesna\u017eeval: Zaradi edinstvene strukture vlaken tamponi u\u010dinkovito odstranijo vse ne\u010disto\u010de, kot so odve\u010dno \u010drnilo ali prah. Priro\u010dno pakiranje: Tamponi so skrbno zapakirani, da ostanejo \u010disti in enostavni za shranjevanje ter vedno pripravljeni za uporabo.<\/p>","protected":false},"excerpt":{"rendered":"<p>Tamponi brez prahu so zanesljivo orodje za natan\u010dno in u\u010dinkovito \u010di\u0161\u010denje tiskalnika Imago.  So bistvenega pomena za ohranjanje optimalnega delovanja va\u0161e naprave.<\/p>","protected":false},"featured_media":9859,"comment_status":"open","ping_status":"closed","template":"","meta":[],"product_brand":[],"product_cat":[84,81,76,85,77,38],"product_tag":[],"class_list":{"0":"post-9860","1":"product","2":"type-product","3":"status-publish","4":"has-post-thumbnail","6":"product_cat-aluminum-printers","7":"product_cat-equipment-operation","8":"product_cat-food-printers","9":"product_cat-nano-solvent-printers","10":"product_cat-uv-led-printers","11":"product_cat-imago-food-printers","13":"first","14":"instock","15":"shipping-taxable","16":"purchasable","17":"product-type-simple"},"_links":{"self":[{"href":"https:\/\/dersuessestopp.com\/sl\/wp-json\/wp\/v2\/product\/9860","targetHints":{"allow":["GET"]}}],"collection":[{"href":"https:\/\/dersuessestopp.com\/sl\/wp-json\/wp\/v2\/product"}],"about":[{"href":"https:\/\/dersuessestopp.com\/sl\/wp-json\/wp\/v2\/types\/product"}],"replies":[{"embeddable":true,"href":"https:\/\/dersuessestopp.com\/sl\/wp-json\/wp\/v2\/comments?post=9860"}],"version-history":[{"count":1,"href":"https:\/\/dersuessestopp.com\/sl\/wp-json\/wp\/v2\/product\/9860\/revisions"}],"predecessor-version":[{"id":10004,"href":"https:\/\/dersuessestopp.com\/sl\/wp-json\/wp\/v2\/product\/9860\/revisions\/10004"}],"wp:featuredmedia":[{"embeddable":true,"href":"https:\/\/dersuessestopp.com\/sl\/wp-json\/wp\/v2\/media\/9859"}],"wp:attachment":[{"href":"https:\/\/dersuessestopp.com\/sl\/wp-json\/wp\/v2\/media?parent=9860"}],"wp:term":[{"taxonomy":"product_brand","embeddable":true,"href":"https:\/\/dersuessestopp.com\/sl\/wp-json\/wp\/v2\/product_brand?post=9860"},{"taxonomy":"product_cat","embeddable":true,"href":"https:\/\/dersuessestopp.com\/sl\/wp-json\/wp\/v2\/product_cat?post=9860"},{"taxonomy":"product_tag","embeddable":true,"href":"https:\/\/dersuessestopp.com\/sl\/wp-json\/wp\/v2\/product_tag?post=9860"}],"curies":[{"name":"wp","href":"https:\/\/api.w.org\/{rel}","templated":true}]}}