{"id":9856,"date":"2025-09-28T03:47:08","date_gmt":"2025-09-28T03:47:08","guid":{"rendered":"https:\/\/dersuessestopp.com\/product\/10-ml-syringe\/"},"modified":"2025-09-28T04:10:19","modified_gmt":"2025-09-28T04:10:19","slug":"10-ml-brizga","status":"publish","type":"product","link":"https:\/\/dersuessestopp.com\/sl\/product\/10-ml-syringe\/","title":{"rendered":"10 ml brizga"},"content":{"rendered":"<p>Sesanje \u010drnila: Uporablja se za u\u010dinkovito sesanje \u010drnila iz bla\u017eilnikov, odstranjevanje odve\u010dnega \u010drnila in zagotavljanje nemotenega delovanja tiskalnika. Natan\u010dno merjenje: Merilna skala na brizgi omogo\u010da natan\u010dno odmerjanje \u010drnila in zmanj\u0161uje tveganje prevelikega polnjenja. Univerzalna uporaba: Primerna za razli\u010dne modele tiskalnikov Imago, zato je vsestransko orodje za vzdr\u017eevanje.<\/p>","protected":false},"excerpt":{"rendered":"<p>10ml brizga je osnovno orodje za natan\u010dno sesanje \u010drnila iz bla\u017eilnikov v tiskalnikih Imago. Uporablja se v postopku vzdr\u017eevanja naprave, pri \u010demer odstrani odve\u010dno \u010drnilo ali ga pripravi za zamenjavo.<\/p>","protected":false},"featured_media":9855,"comment_status":"open","ping_status":"closed","template":"","meta":[],"product_brand":[],"product_cat":[84,76,38,85,75,77],"product_tag":[],"class_list":{"0":"post-9856","1":"product","2":"type-product","3":"status-publish","4":"has-post-thumbnail","6":"product_cat-aluminum-printers","7":"product_cat-food-printers","8":"product_cat-imago-food-printers","9":"product_cat-nano-solvent-printers","10":"product_cat-operation-of-devices","11":"product_cat-uv-led-printers","13":"first","14":"instock","15":"shipping-taxable","16":"purchasable","17":"product-type-simple"},"_links":{"self":[{"href":"https:\/\/dersuessestopp.com\/sl\/wp-json\/wp\/v2\/product\/9856","targetHints":{"allow":["GET"]}}],"collection":[{"href":"https:\/\/dersuessestopp.com\/sl\/wp-json\/wp\/v2\/product"}],"about":[{"href":"https:\/\/dersuessestopp.com\/sl\/wp-json\/wp\/v2\/types\/product"}],"replies":[{"embeddable":true,"href":"https:\/\/dersuessestopp.com\/sl\/wp-json\/wp\/v2\/comments?post=9856"}],"version-history":[{"count":1,"href":"https:\/\/dersuessestopp.com\/sl\/wp-json\/wp\/v2\/product\/9856\/revisions"}],"predecessor-version":[{"id":10006,"href":"https:\/\/dersuessestopp.com\/sl\/wp-json\/wp\/v2\/product\/9856\/revisions\/10006"}],"wp:featuredmedia":[{"embeddable":true,"href":"https:\/\/dersuessestopp.com\/sl\/wp-json\/wp\/v2\/media\/9855"}],"wp:attachment":[{"href":"https:\/\/dersuessestopp.com\/sl\/wp-json\/wp\/v2\/media?parent=9856"}],"wp:term":[{"taxonomy":"product_brand","embeddable":true,"href":"https:\/\/dersuessestopp.com\/sl\/wp-json\/wp\/v2\/product_brand?post=9856"},{"taxonomy":"product_cat","embeddable":true,"href":"https:\/\/dersuessestopp.com\/sl\/wp-json\/wp\/v2\/product_cat?post=9856"},{"taxonomy":"product_tag","embeddable":true,"href":"https:\/\/dersuessestopp.com\/sl\/wp-json\/wp\/v2\/product_tag?post=9856"}],"curies":[{"name":"wp","href":"https:\/\/api.w.org\/{rel}","templated":true}]}}