{"id":9854,"date":"2025-09-28T03:47:05","date_gmt":"2025-09-28T03:47:05","guid":{"rendered":"https:\/\/dersuessestopp.com\/product\/syringe-with-hose-for-cleaning-the-print-head\/"},"modified":"2025-09-28T04:10:19","modified_gmt":"2025-09-28T04:10:19","slug":"brizga-s-cevjo-za-ciscenje-tiskalne-glave","status":"publish","type":"product","link":"https:\/\/dersuessestopp.com\/sl\/product\/syringe-with-hose-for-cleaning-the-print-head\/","title":{"rendered":"Brizga s cevjo za \u010di\u0161\u010denje tiskalne glave"},"content":{"rendered":"<p>Izpiranje glave: Zasnovano za u\u010dinkovito izpiranje tiskalne glave, pri \u010demer se odstranijo vsi ostanki \u010drnila in ne\u010disto\u010de. Enostavna uporaba: Enostaven za uporabo in omogo\u010da u\u010dinkovito \u010di\u0161\u010denje tiskalne glave. Cev zagotavlja natan\u010dnost: Dolga cev omogo\u010da natan\u010dno usmerjanje teko\u010dine na prava mesta, kar odpravlja onesna\u017eenje.<\/p>","protected":false},"excerpt":{"rendered":"<p>Brizga s cevjo je zanesljivo orodje za ro\u010dno izpiranje tiskalne glave v tiskalnikih Imago. To je bistven element pri ohranjanju naprave v optimalnem stanju, odpravljanju kontaminacije in izbolj\u0161anju kakovosti tiska.<\/p>","protected":false},"featured_media":9853,"comment_status":"open","ping_status":"closed","template":"","meta":[],"product_brand":[],"product_cat":[84,81,76,85,90,77,38],"product_tag":[],"class_list":{"0":"post-9854","1":"product","2":"type-product","3":"status-publish","4":"has-post-thumbnail","6":"product_cat-aluminum-printers","7":"product_cat-equipment-operation","8":"product_cat-food-printers","9":"product_cat-nano-solvent-printers","10":"product_cat-printer-accessories","11":"product_cat-uv-led-printers","12":"product_cat-imago-food-printers","14":"first","15":"instock","16":"shipping-taxable","17":"purchasable","18":"product-type-simple"},"_links":{"self":[{"href":"https:\/\/dersuessestopp.com\/sl\/wp-json\/wp\/v2\/product\/9854","targetHints":{"allow":["GET"]}}],"collection":[{"href":"https:\/\/dersuessestopp.com\/sl\/wp-json\/wp\/v2\/product"}],"about":[{"href":"https:\/\/dersuessestopp.com\/sl\/wp-json\/wp\/v2\/types\/product"}],"replies":[{"embeddable":true,"href":"https:\/\/dersuessestopp.com\/sl\/wp-json\/wp\/v2\/comments?post=9854"}],"version-history":[{"count":1,"href":"https:\/\/dersuessestopp.com\/sl\/wp-json\/wp\/v2\/product\/9854\/revisions"}],"predecessor-version":[{"id":10007,"href":"https:\/\/dersuessestopp.com\/sl\/wp-json\/wp\/v2\/product\/9854\/revisions\/10007"}],"wp:featuredmedia":[{"embeddable":true,"href":"https:\/\/dersuessestopp.com\/sl\/wp-json\/wp\/v2\/media\/9853"}],"wp:attachment":[{"href":"https:\/\/dersuessestopp.com\/sl\/wp-json\/wp\/v2\/media?parent=9854"}],"wp:term":[{"taxonomy":"product_brand","embeddable":true,"href":"https:\/\/dersuessestopp.com\/sl\/wp-json\/wp\/v2\/product_brand?post=9854"},{"taxonomy":"product_cat","embeddable":true,"href":"https:\/\/dersuessestopp.com\/sl\/wp-json\/wp\/v2\/product_cat?post=9854"},{"taxonomy":"product_tag","embeddable":true,"href":"https:\/\/dersuessestopp.com\/sl\/wp-json\/wp\/v2\/product_tag?post=9854"}],"curies":[{"name":"wp","href":"https:\/\/api.w.org\/{rel}","templated":true}]}}