{"id":9852,"date":"2025-09-28T03:47:02","date_gmt":"2025-09-28T03:47:02","guid":{"rendered":"https:\/\/dersuessestopp.com\/product\/cleaner-ipa-isopropanol-based-cleaning-fluid-for-aquila-devices-100-ml\/"},"modified":"2025-09-28T04:10:19","modified_gmt":"2025-09-28T04:10:19","slug":"cleaner-ipa-cistilna-tekocina-na-osnovi-izopropanola-za-naprave-aquila-100-ml","status":"publish","type":"product","link":"https:\/\/dersuessestopp.com\/sl\/product\/cleaner-ipa-isopropanol-based-cleaning-fluid-for-aquila-devices-100-ml\/","title":{"rendered":"\u010cistilo IPA - \u010distilna teko\u010dina na osnovi izopropanola za naprave Aquila - 100 ml"},"content":{"rendered":"","protected":false},"excerpt":{"rendered":"<p>Cleaner IPA je \u010distilna teko\u010dina na osnovi izopropanola, namenjena tiskalnikom Aquila Nanosolvent, Aquila Aluminum in Aquila UV LED. Je nepogre\u0161ljiva snov, ki ohranja napravo v odli\u010dnem stanju ter zagotavlja zanesljivost in odli\u010dno kakovost tiska. Uporablja se za \u010di\u0161\u010denje sestavnih delov \u010distilne postaje in tiskalne glave.<\/p>","protected":false},"featured_media":9851,"comment_status":"open","ping_status":"closed","template":"","meta":[],"product_brand":[],"product_cat":[38,86],"product_tag":[],"class_list":{"0":"post-9852","1":"product","2":"type-product","3":"status-publish","4":"has-post-thumbnail","6":"product_cat-imago-food-printers","7":"product_cat-primers-and-cleaning-fluids","9":"first","10":"instock","11":"shipping-taxable","12":"purchasable","13":"product-type-simple"},"_links":{"self":[{"href":"https:\/\/dersuessestopp.com\/sl\/wp-json\/wp\/v2\/product\/9852","targetHints":{"allow":["GET"]}}],"collection":[{"href":"https:\/\/dersuessestopp.com\/sl\/wp-json\/wp\/v2\/product"}],"about":[{"href":"https:\/\/dersuessestopp.com\/sl\/wp-json\/wp\/v2\/types\/product"}],"replies":[{"embeddable":true,"href":"https:\/\/dersuessestopp.com\/sl\/wp-json\/wp\/v2\/comments?post=9852"}],"version-history":[{"count":1,"href":"https:\/\/dersuessestopp.com\/sl\/wp-json\/wp\/v2\/product\/9852\/revisions"}],"predecessor-version":[{"id":10008,"href":"https:\/\/dersuessestopp.com\/sl\/wp-json\/wp\/v2\/product\/9852\/revisions\/10008"}],"wp:featuredmedia":[{"embeddable":true,"href":"https:\/\/dersuessestopp.com\/sl\/wp-json\/wp\/v2\/media\/9851"}],"wp:attachment":[{"href":"https:\/\/dersuessestopp.com\/sl\/wp-json\/wp\/v2\/media?parent=9852"}],"wp:term":[{"taxonomy":"product_brand","embeddable":true,"href":"https:\/\/dersuessestopp.com\/sl\/wp-json\/wp\/v2\/product_brand?post=9852"},{"taxonomy":"product_cat","embeddable":true,"href":"https:\/\/dersuessestopp.com\/sl\/wp-json\/wp\/v2\/product_cat?post=9852"},{"taxonomy":"product_tag","embeddable":true,"href":"https:\/\/dersuessestopp.com\/sl\/wp-json\/wp\/v2\/product_tag?post=9852"}],"curies":[{"name":"wp","href":"https:\/\/api.w.org\/{rel}","templated":true}]}}