{"id":9847,"date":"2025-09-28T03:46:54","date_gmt":"2025-09-28T03:46:54","guid":{"rendered":"https:\/\/dersuessestopp.com\/product\/anodized-aluminum-sheets-320x500-mm-0-5-mm-thick-42-pieces\/"},"modified":"2025-09-28T04:38:18","modified_gmt":"2025-09-28T04:38:18","slug":"eloksirane-aluminijaste-plosce-320x500-mm-0-5-mm-debeline-42-kosov","status":"publish","type":"product","link":"https:\/\/dersuessestopp.com\/sl\/product\/anodized-aluminum-sheets-320x500-mm-0-5-mm-thick-42-pieces\/","title":{"rendered":"Anodizirana aluminijasta plo\u010devina: 320\u00d7500 mm, debeline 0,5 mm - 42 kosov"},"content":{"rendered":"<p>Odkrijte na\u010dine uporabe anodiziranih aluminijastih plo\u0161\u010d Anodizirane plo\u0161\u010de se uporabljajo povsod, kjer se zahtevata trajnost in kakovost izdelka, npr. na tablicah z imeni naprav, nadzornih plo\u0161\u010dah, opisnih plo\u0161\u010dah, pri ozna\u010devanju stavb in prostorov, muzejskih zaslonih, ozna\u010devanju skladi\u0161\u010d, pa tudi na vrhunskih vizitkah, ravnilih, namenskih plo\u0161\u010dah v nakitu in \u0161tevil\u010dnicah ur. Tehnologija tiskanja na eloksiran aluminij Tehnologija brizgalnega tiskanja na eloksiran aluminij ponuja velike mo\u017enosti za uporabo tega materiala v \u0161tevilnih panogah. Na anodiziran aluminij z ravno povr\u0161ino se z digitalnim tiskom natisne poljubna grafika, nato pa se ga prelije s tesnilno kopeljo. Tehnologija omogo\u010da neuni\u010dljiv tisk, ki je odporen na praske in kemikalije. Konkurira graviranju in drugim na\u010dinom tiskanja, ki ne zagotavljajo tak\u0161ne trajnosti in natan\u010dnosti. V pore oksidne prevleke se nanese posebno \u010drnilo, zaradi \u010desar nastane natan\u010den tisk, ki je viden tudi s pove\u010devalnim steklom. \u017delite za\u010deti z lastno proizvodnjo plo\u0161\u010d? Naro\u010dite tehnolo\u0161ki paket za tiskanje na eloksiran aluminij in boste preusmerjeni na stran o tehnologiji tiskanja na eloksiran aluminij. Uporaba anodiziranega aluminija Anodizirani aluminij se uporablja tam, kjer so deli izpostavljeni atmosferskim dejavnikom ali agresivnim okoljem s kislino in vlago, ki povzro\u010dajo korozijo. Zaradi visoke trdote emajla se deli uporabljajo tudi za sestavne dele, ki so izpostavljeni abrazivnim dejavnikom. Zna\u010dilnost tehnologije eloksiranja je mo\u017enost barvanja delov. S tem dobijo deli zelo estetski videz z mo\u017enostjo personalizacije glede na potrebe. Obarvani elementi se uporabljajo kot sestavni deli ohi\u0161ij strojev in naprav, pohi\u0161tva, nadzornih plo\u0161\u010d in vsakdanjih pripomo\u010dkov. Mo\u017enost barvanja oksidnega premaza ponuja ogromen potencial za prihodnjo uporabo anodiziranega aluminija.<\/p>","protected":false},"excerpt":{"rendered":"<p>Tanke plo\u0161\u010de iz eloksiranega aluminija, velikosti 320 \u00d7 500 mm in debeline 0,5 mm. Povr\u0161ina plo\u010devine: SATEN. Listi so idealni za tiskanje na tiskalniku Aquila Aluminium. Na tej dra\u017ebi ponujamo pakete po 42 listov. Cena na list: PLN.<\/p>","protected":false},"featured_media":9846,"comment_status":"open","ping_status":"closed","template":"","meta":[],"product_brand":[],"product_cat":[87,88,38],"product_tag":[],"class_list":{"0":"post-9847","1":"product","2":"type-product","3":"status-publish","4":"has-post-thumbnail","6":"product_cat-anodized-aluminum-sheets","7":"product_cat-for-printers-from-the-aluminum-series","8":"product_cat-imago-food-printers","10":"first","11":"instock","12":"shipping-taxable","13":"purchasable","14":"product-type-simple"},"_links":{"self":[{"href":"https:\/\/dersuessestopp.com\/sl\/wp-json\/wp\/v2\/product\/9847","targetHints":{"allow":["GET"]}}],"collection":[{"href":"https:\/\/dersuessestopp.com\/sl\/wp-json\/wp\/v2\/product"}],"about":[{"href":"https:\/\/dersuessestopp.com\/sl\/wp-json\/wp\/v2\/types\/product"}],"replies":[{"embeddable":true,"href":"https:\/\/dersuessestopp.com\/sl\/wp-json\/wp\/v2\/comments?post=9847"}],"version-history":[{"count":1,"href":"https:\/\/dersuessestopp.com\/sl\/wp-json\/wp\/v2\/product\/9847\/revisions"}],"predecessor-version":[{"id":10012,"href":"https:\/\/dersuessestopp.com\/sl\/wp-json\/wp\/v2\/product\/9847\/revisions\/10012"}],"wp:featuredmedia":[{"embeddable":true,"href":"https:\/\/dersuessestopp.com\/sl\/wp-json\/wp\/v2\/media\/9846"}],"wp:attachment":[{"href":"https:\/\/dersuessestopp.com\/sl\/wp-json\/wp\/v2\/media?parent=9847"}],"wp:term":[{"taxonomy":"product_brand","embeddable":true,"href":"https:\/\/dersuessestopp.com\/sl\/wp-json\/wp\/v2\/product_brand?post=9847"},{"taxonomy":"product_cat","embeddable":true,"href":"https:\/\/dersuessestopp.com\/sl\/wp-json\/wp\/v2\/product_cat?post=9847"},{"taxonomy":"product_tag","embeddable":true,"href":"https:\/\/dersuessestopp.com\/sl\/wp-json\/wp\/v2\/product_tag?post=9847"}],"curies":[{"name":"wp","href":"https:\/\/api.w.org\/{rel}","templated":true}]}}