{"id":9845,"date":"2025-09-28T03:45:13","date_gmt":"2025-09-28T03:45:13","guid":{"rendered":"https:\/\/dersuessestopp.com\/product\/technical-grease-for-food-printers-10-ml\/"},"modified":"2025-09-28T04:10:40","modified_gmt":"2025-09-28T04:10:40","slug":"tehnicna-mast-za-tiskalnike-za-zivila-10-ml","status":"publish","type":"product","link":"https:\/\/dersuessestopp.com\/sl\/product\/technical-grease-for-food-printers-10-ml\/","title":{"rendered":"Tehni\u010dna mast za tiskalnike za \u017eivila, 10 ml"},"content":{"rendered":"","protected":false},"excerpt":{"rendered":"<p>Tehni\u010dna mast za tiskalnike za \u017eivila.  Ma\u0161\u010doba se prodaja v 10 ml vsebnikih. Izdelek je primeren za \u017eivilsko industrijo.<\/p>","protected":false},"featured_media":9843,"comment_status":"open","ping_status":"closed","template":"","meta":[],"product_brand":[],"product_cat":[81,76,86,38],"product_tag":[],"class_list":{"0":"post-9845","1":"product","2":"type-product","3":"status-publish","4":"has-post-thumbnail","6":"product_cat-equipment-operation","7":"product_cat-food-printers","8":"product_cat-primers-and-cleaning-fluids","9":"product_cat-imago-food-printers","11":"first","12":"instock","13":"shipping-taxable","14":"purchasable","15":"product-type-simple"},"_links":{"self":[{"href":"https:\/\/dersuessestopp.com\/sl\/wp-json\/wp\/v2\/product\/9845","targetHints":{"allow":["GET"]}}],"collection":[{"href":"https:\/\/dersuessestopp.com\/sl\/wp-json\/wp\/v2\/product"}],"about":[{"href":"https:\/\/dersuessestopp.com\/sl\/wp-json\/wp\/v2\/types\/product"}],"replies":[{"embeddable":true,"href":"https:\/\/dersuessestopp.com\/sl\/wp-json\/wp\/v2\/comments?post=9845"}],"version-history":[{"count":1,"href":"https:\/\/dersuessestopp.com\/sl\/wp-json\/wp\/v2\/product\/9845\/revisions"}],"predecessor-version":[{"id":10014,"href":"https:\/\/dersuessestopp.com\/sl\/wp-json\/wp\/v2\/product\/9845\/revisions\/10014"}],"wp:featuredmedia":[{"embeddable":true,"href":"https:\/\/dersuessestopp.com\/sl\/wp-json\/wp\/v2\/media\/9843"}],"wp:attachment":[{"href":"https:\/\/dersuessestopp.com\/sl\/wp-json\/wp\/v2\/media?parent=9845"}],"wp:term":[{"taxonomy":"product_brand","embeddable":true,"href":"https:\/\/dersuessestopp.com\/sl\/wp-json\/wp\/v2\/product_brand?post=9845"},{"taxonomy":"product_cat","embeddable":true,"href":"https:\/\/dersuessestopp.com\/sl\/wp-json\/wp\/v2\/product_cat?post=9845"},{"taxonomy":"product_tag","embeddable":true,"href":"https:\/\/dersuessestopp.com\/sl\/wp-json\/wp\/v2\/product_tag?post=9845"}],"curies":[{"name":"wp","href":"https:\/\/api.w.org\/{rel}","templated":true}]}}