{"id":9842,"date":"2025-09-28T03:45:12","date_gmt":"2025-09-28T03:45:12","guid":{"rendered":"https:\/\/dersuessestopp.com\/product\/kaptop-for-aquila-class-devices\/"},"modified":"2025-09-28T04:10:40","modified_gmt":"2025-09-28T04:10:40","slug":"kaptop-za-naprave-razreda-aquila","status":"publish","type":"product","link":"https:\/\/dersuessestopp.com\/sl\/product\/kaptop-for-aquila-class-devices\/","title":{"rendered":"Kaptop (za naprave razreda Aquila)"},"content":{"rendered":"<p>Varno \u010di\u0161\u010denje: Pokrov\u010dek je v neposrednem stiku s tiskalno glavo, kar omogo\u010da natan\u010dno in varno odstranjevanje odve\u010dnega \u010drnila in ne\u010disto\u010d. Za\u0161\u010dita tiskalne glave: Zagotavlja optimalno za\u0161\u010dito ob\u010dutljivih sestavnih delov tiskalne glave in jo \u0161\u010diti pred nabiranjem \u010drnila in morebitnimi po\u0161kodbami. U\u010dinkovito odstranjevanje odve\u010dnega \u010drnila: Cevka s pokrov\u010dkom se prilepi na tiskalno glavo, u\u010dinkovito odstranjuje odve\u010dno \u010drnilo in omogo\u010da natan\u010dno tiskanje brez made\u017eev ali razmazov. Varno mesto za iztekanje \u010drnila: Med tiskanjem bo tiskalna glava morda morala \u201cizpljuniti\u201d odve\u010dno \u010drnilo. Kaptop je varno mesto, kjer se zbira izpu\u0161\u010deno \u010drnilo in prepre\u010duje, da bi se razlilo po drugih delih tiskalnika.<\/p>","protected":false},"excerpt":{"rendered":"<p>Pokrov\u010dek, ki je del \u010distilne postaje, ima klju\u010dno vlogo pri ohranjanju \u010disto\u010de in u\u010dinkovitosti tiskalne glave v tiskalniku Imago. Je nepogre\u0161ljiv element med postopkom \u010di\u0161\u010denja, ki neposredno vpliva na kakovost in natan\u010dnost va\u0161ih odtisov.<\/p>","protected":false},"featured_media":9838,"comment_status":"open","ping_status":"closed","template":"","meta":[],"product_brand":[],"product_cat":[84,38,85,75,77],"product_tag":[],"class_list":{"0":"post-9842","1":"product","2":"type-product","3":"status-publish","4":"has-post-thumbnail","6":"product_cat-aluminum-printers","7":"product_cat-imago-food-printers","8":"product_cat-nano-solvent-printers","9":"product_cat-operation-of-devices","10":"product_cat-uv-led-printers","12":"first","13":"instock","14":"shipping-taxable","15":"purchasable","16":"product-type-simple"},"_links":{"self":[{"href":"https:\/\/dersuessestopp.com\/sl\/wp-json\/wp\/v2\/product\/9842","targetHints":{"allow":["GET"]}}],"collection":[{"href":"https:\/\/dersuessestopp.com\/sl\/wp-json\/wp\/v2\/product"}],"about":[{"href":"https:\/\/dersuessestopp.com\/sl\/wp-json\/wp\/v2\/types\/product"}],"replies":[{"embeddable":true,"href":"https:\/\/dersuessestopp.com\/sl\/wp-json\/wp\/v2\/comments?post=9842"}],"version-history":[{"count":1,"href":"https:\/\/dersuessestopp.com\/sl\/wp-json\/wp\/v2\/product\/9842\/revisions"}],"predecessor-version":[{"id":10016,"href":"https:\/\/dersuessestopp.com\/sl\/wp-json\/wp\/v2\/product\/9842\/revisions\/10016"}],"wp:featuredmedia":[{"embeddable":true,"href":"https:\/\/dersuessestopp.com\/sl\/wp-json\/wp\/v2\/media\/9838"}],"wp:attachment":[{"href":"https:\/\/dersuessestopp.com\/sl\/wp-json\/wp\/v2\/media?parent=9842"}],"wp:term":[{"taxonomy":"product_brand","embeddable":true,"href":"https:\/\/dersuessestopp.com\/sl\/wp-json\/wp\/v2\/product_brand?post=9842"},{"taxonomy":"product_cat","embeddable":true,"href":"https:\/\/dersuessestopp.com\/sl\/wp-json\/wp\/v2\/product_cat?post=9842"},{"taxonomy":"product_tag","embeddable":true,"href":"https:\/\/dersuessestopp.com\/sl\/wp-json\/wp\/v2\/product_tag?post=9842"}],"curies":[{"name":"wp","href":"https:\/\/api.w.org\/{rel}","templated":true}]}}