{"id":9841,"date":"2025-09-28T03:45:12","date_gmt":"2025-09-28T03:45:12","guid":{"rendered":"https:\/\/dersuessestopp.com\/product\/vsg-lite-module-suction-attachment\/"},"modified":"2025-09-28T04:10:40","modified_gmt":"2025-09-28T04:10:40","slug":"sesalni-nastavek-modula-vsg-lite","status":"publish","type":"product","link":"https:\/\/dersuessestopp.com\/sl\/product\/vsg-lite-module-suction-attachment\/","title":{"rendered":"Modul VSG Lite - sesalni nastavek"},"content":{"rendered":"<p>Enostavna re\u0161itev za podporo digitalnih tiskalnikov IMAGO. Zasnova naprave je estetska in uporabniku prijazna, njeno delovanje in vzdr\u017eevanje pa sta izjemno var\u010dna. Ko naprava VSG Lite ni v uporabi, se samodejno izklopi, kar prispeva k ni\u017ejim obratovalnim stro\u0161kom. Posamezne funkcije upravljate z le tremi gumbi, zaradi \u010desar je upravljanje naprave enostavno.   Sesalna miza za tiskalnike UV LED in nanosolventne tiskalnike Modul VSG Lite med tiskanjem samodejno zgladi podlago in omogo\u010da podpiranje tankih materialov, kar pove\u010da natan\u010dnost in ponovljivost odtisov UV LED na papir, folijo, kovinske plo\u0161\u010de, vezan les in tkanine. Hkrati prepre\u010duje deformacijo podrobnosti pod vplivom toplote svetilke UV LED in tako olaj\u0161a tiskanje na akril, PVC in druge plastike.<\/p>","protected":false},"excerpt":{"rendered":"<p>Modul VSG Lite - Tiskajte z najve\u010djo natan\u010dnostjo na tanke materiale. Modul VSG Lite je univerzalno orodje, opremljeno z vakuumsko mizo. Modul omogo\u010da tiskanje na materiale, na katere je te\u017eko tiskati, kot so tanki substrati in materiali, ki se zlahka deformirajo.<\/p>","protected":false},"featured_media":9840,"comment_status":"open","ping_status":"closed","template":"","meta":[],"product_brand":[],"product_cat":[83,38,82],"product_tag":[],"class_list":{"0":"post-9841","1":"product","2":"type-product","3":"status-publish","4":"has-post-thumbnail","6":"product_cat-devices","7":"product_cat-imago-food-printers","8":"product_cat-peripheral-devices","10":"first","11":"instock","12":"shipping-taxable","13":"purchasable","14":"product-type-simple"},"_links":{"self":[{"href":"https:\/\/dersuessestopp.com\/sl\/wp-json\/wp\/v2\/product\/9841","targetHints":{"allow":["GET"]}}],"collection":[{"href":"https:\/\/dersuessestopp.com\/sl\/wp-json\/wp\/v2\/product"}],"about":[{"href":"https:\/\/dersuessestopp.com\/sl\/wp-json\/wp\/v2\/types\/product"}],"replies":[{"embeddable":true,"href":"https:\/\/dersuessestopp.com\/sl\/wp-json\/wp\/v2\/comments?post=9841"}],"version-history":[{"count":1,"href":"https:\/\/dersuessestopp.com\/sl\/wp-json\/wp\/v2\/product\/9841\/revisions"}],"predecessor-version":[{"id":10015,"href":"https:\/\/dersuessestopp.com\/sl\/wp-json\/wp\/v2\/product\/9841\/revisions\/10015"}],"wp:featuredmedia":[{"embeddable":true,"href":"https:\/\/dersuessestopp.com\/sl\/wp-json\/wp\/v2\/media\/9840"}],"wp:attachment":[{"href":"https:\/\/dersuessestopp.com\/sl\/wp-json\/wp\/v2\/media?parent=9841"}],"wp:term":[{"taxonomy":"product_brand","embeddable":true,"href":"https:\/\/dersuessestopp.com\/sl\/wp-json\/wp\/v2\/product_brand?post=9841"},{"taxonomy":"product_cat","embeddable":true,"href":"https:\/\/dersuessestopp.com\/sl\/wp-json\/wp\/v2\/product_cat?post=9841"},{"taxonomy":"product_tag","embeddable":true,"href":"https:\/\/dersuessestopp.com\/sl\/wp-json\/wp\/v2\/product_tag?post=9841"}],"curies":[{"name":"wp","href":"https:\/\/api.w.org\/{rel}","templated":true}]}}