{"id":9837,"date":"2025-09-28T03:45:06","date_gmt":"2025-09-28T03:45:06","guid":{"rendered":"https:\/\/dersuessestopp.com\/product\/aquila-colour-edge-printer\/"},"modified":"2025-09-28T04:10:40","modified_gmt":"2025-09-28T04:10:40","slug":"tiskalnik-aquila-colour-edge","status":"publish","type":"product","link":"https:\/\/dersuessestopp.com\/sl\/product\/aquila-colour-edge-printer\/","title":{"rendered":"Tiskalnik AQUILA Colour EDGE"},"content":{"rendered":"<p>Aquila Colour EDGE Odkrijte edini poljski tiskalnik za tisk robov knjig, ki ponuja u\u010dinkovit tisk tako za majhne naklade kot za velike serije. Tehnologija digitalnega tiska UV LED zagotavlja trajnost tiska, natan\u010dnost barv in avtomatizacijo postopka ozna\u010devanja, kar zmanj\u0161uje \u010das proizvodnje in stro\u0161ke. S \u0161irokim naborom podprtih velikosti knjig omogo\u010da personalizacijo in celovito dodelavo za vsak projekt. Funkcionalni komplet dodatne opreme Dodatna miza za ponovno tiskanje omogo\u010da pripravo kompleta knjig za ozna\u010devanje med tiskanjem prej\u0161nje serije, kar zagotavlja neprekinjeno delovanje stroja. Oprema vklju\u010duje orodja, kot so kle\u0161\u010de in plo\u0161\u010de za natan\u010dno pozicioniranje knjig, ter odbojnike za postavitev kle\u0161\u010d na mizo. Kompleti plo\u0161\u010d za pozicioniranje so prilagojeni razli\u010dnim velikostim knjig, kar olaj\u0161a pripravo materiala in zmanj\u0161a koli\u010dino odpadnega materiala v proizvodnji. Miza za menjavo je opremljena z vodili, ki omogo\u010dajo enostavno premikanje knji\u017enih polizdelkov na delovno mizo, kar izbolj\u0161a ergonomijo dela. Dodatna preskusna miza za tiskanje omogo\u010da preizku\u0161anje funkcij stroja, ne da bi ga bilo treba razstaviti. To pomeni, da je za upravljanje stroja potreben le en operater. To zmanj\u0161a proizvodne stro\u0161ke in sprosti \u010dlove\u0161ke vire za druge naloge. Tehnologija, prilagojena zahtevam industrije Na\u0161a tehnologija tiska UV LED je posebej zasnovana tako, da ne zlepi robov knjig. \u010crnilo, utrjeno s svetilko UV LED, zagotavlja obstojnost vzorcev, hkrati pa zagotavlja suhe izpise, pripravljene za takoj\u0161njo uporabo. Ta funkcionalnost zagotavlja u\u010dinkovitost procesa in je idealno prilagojena posebnim potrebam zalo\u017eni\u0161ke in tiskarske industrije. Zra\u010dno hlajena svetilka UV LED, ki se uporablja v napravi, ne potrebuje vzdr\u017eevanja in med delovanjem ne potrebuje pozornosti. Poleg tega ustrezno prilagojena mo\u010d svetilke UV LED omogo\u010da tiskanje na toplotno ob\u010dutljive izdelke brez nevarnosti deformacije izdelkov. Prilagodljivost in pospe\u0161itev proizvodnje Aquila Colour Edge omogo\u010da u\u010dinkovit tisk tako majhnih, personaliziranih knji\u017enih naklad kot tudi velikih proizvodnih serij. Napredna tehnologija digitalnega tiska tiskarnam omogo\u010da hitro prilagajanje potrebam strank, kar zagotavlja nemoteno izvedbo posameznih naro\u010dil in obse\u017enih komercialnih projektov. Sistem avtomatizira ozna\u010devanje robov knjig, kar skraj\u0161a \u010das izdelave in zmanj\u0161a stro\u0161ke poslovanja. Hkrati odpravlja potrebo po ro\u010dnem barvanju. S sistemom Aquila Color Edge je mogo\u010de ozna\u010diti robove knjig velikosti od 12 \u00d7 7,5 cm do 45 \u00d7 45 cm, kar vam omogo\u010da, da opravite najrazli\u010dnej\u0161a naro\u010dila in svojim strankam ponudite celovito zaklju\u010dno obdelavo. Zelo natan\u010den tisk v celotnem barvnem spektru Na\u0161a napredna tehnologija digitalnega tiska UV LED zagotavlja natan\u010dno reprodukcijo katere koli grafike v celotnem barvnem spektru. Zagotavlja vam izjemne podrobnosti in intenzivnost barv ter izpolnjuje najvi\u0161je standarde dodelave. Natan\u010dni parametri naprave vam omogo\u010dajo tiskanje fotografij v fotografski kakovosti in kompleksnih grafik z najve\u010djo natan\u010dnostjo. Poleg tega Aquila Colour EDGE ponuja mo\u017enost enakomerne enobarvne pokritosti robov knjig, kar znatno skraj\u0161a \u010das izdelave va\u0161ih trenutnih projektov in zmanj\u0161a koli\u010dino odpadne produkcije. Vi\u0161ja vrednost ponujenega izdelka in raz\u0161iritev palete izdelkov Tiskanje na robove knjig z uporabo napredne tehnologije Aquila Colour EDGE znatno pove\u010da njihovo vizualno privla\u010dnost, kar vam omogo\u010da, da ponudite vi\u0161je prodajne cene in pritegnete nove stranke. Poleg tega vam mo\u017enost ponudbe edinstvenih knjig omogo\u010da raz\u0161iritev portfelja storitev in tiskarnam odpira nove tr\u017ene segmente. Lasten tiskalnik za tisk robov vam omogo\u010da prilagodljivost pri ustvarjanju razli\u010dnih izdelkov, od luksuznih izdaj do posebnih izdaj. Vse to pomeni, da nalo\u017eba v napredno tehnologijo, ki jo ponuja Aquila Color EDGE, krepi polo\u017eaj blagovne znamke kot vodilne na podro\u010dju inovacij na trgu. Napredna personalizacija omejenih in zbirateljskih serij Tiskalnik Edge vam omogo\u010da ustvarjanje omejenih ali ekskluzivnih izdaj knjig, ki so privla\u010dnej\u0161e za zbiratelje in ljubitelje literature. S hkratnim tiskanjem niza knjig na tiskalniku Aquila ColourEDGE je mogo\u010de izbrati razli\u010dne grafike za vsako tiskano knjigo. Ta funkcionalnost je idealna za ustvarjanje serij knjig, pri katerih se tiskani rob vsakega zvezka nana\u0161a na njegov individualni zna\u010daj in vsebino. Ponuja tudi odli\u010dne mo\u017enosti za personalizacijo in ustvarjanje omejenih izdaj izdelkov s posvetili . Hitra povrnitev nalo\u017ebe in \u010dim manj\u0161i proizvodni stro\u0161ki. Napredna funkcionalnost, dolga \u017eivljenjska doba in prednosti uporabe Aquila Colour EDGE omogo\u010dajo ve\u010dje mar\u017ee in pospe\u0161eno proizvodnjo v tiskarnah. To omogo\u010da hitro povrnitev nalo\u017ebe, tiskarnam pa ponuja ve\u010dje prihodke in dolgoro\u010dno zadovoljstvo strank.  Z natan\u010dnim pozicioniranjem in signaliziranjem napak iz sistema Aquila Colour EDGE lahko zmanj\u0161ate \u0161tevilo napak in odpadkov pri izdelavi okra\u0161enih robov knjig.<\/p>","protected":false},"excerpt":{"rendered":"<p>Odkrijte edini poljski tiskalnik za tiskanje knji\u017enih robov, ki ponuja u\u010dinkovito tiskanje tako za majhne naklade kot za velike serije.<\/p>","protected":false},"featured_media":9836,"comment_status":"open","ping_status":"closed","template":"","meta":[],"product_brand":[],"product_cat":[78,38,77],"product_tag":[],"class_list":{"0":"post-9837","1":"product","2":"type-product","3":"status-publish","4":"has-post-thumbnail","6":"product_cat-equipment","7":"product_cat-imago-food-printers","8":"product_cat-uv-led-printers","10":"first","11":"instock","12":"shipping-taxable","13":"purchasable","14":"product-type-simple"},"_links":{"self":[{"href":"https:\/\/dersuessestopp.com\/sl\/wp-json\/wp\/v2\/product\/9837","targetHints":{"allow":["GET"]}}],"collection":[{"href":"https:\/\/dersuessestopp.com\/sl\/wp-json\/wp\/v2\/product"}],"about":[{"href":"https:\/\/dersuessestopp.com\/sl\/wp-json\/wp\/v2\/types\/product"}],"replies":[{"embeddable":true,"href":"https:\/\/dersuessestopp.com\/sl\/wp-json\/wp\/v2\/comments?post=9837"}],"version-history":[{"count":1,"href":"https:\/\/dersuessestopp.com\/sl\/wp-json\/wp\/v2\/product\/9837\/revisions"}],"predecessor-version":[{"id":10018,"href":"https:\/\/dersuessestopp.com\/sl\/wp-json\/wp\/v2\/product\/9837\/revisions\/10018"}],"wp:featuredmedia":[{"embeddable":true,"href":"https:\/\/dersuessestopp.com\/sl\/wp-json\/wp\/v2\/media\/9836"}],"wp:attachment":[{"href":"https:\/\/dersuessestopp.com\/sl\/wp-json\/wp\/v2\/media?parent=9837"}],"wp:term":[{"taxonomy":"product_brand","embeddable":true,"href":"https:\/\/dersuessestopp.com\/sl\/wp-json\/wp\/v2\/product_brand?post=9837"},{"taxonomy":"product_cat","embeddable":true,"href":"https:\/\/dersuessestopp.com\/sl\/wp-json\/wp\/v2\/product_cat?post=9837"},{"taxonomy":"product_tag","embeddable":true,"href":"https:\/\/dersuessestopp.com\/sl\/wp-json\/wp\/v2\/product_tag?post=9837"}],"curies":[{"name":"wp","href":"https:\/\/api.w.org\/{rel}","templated":true}]}}