{"id":9013,"date":"2025-09-23T12:35:14","date_gmt":"2025-09-23T12:35:14","guid":{"rendered":"https:\/\/dersuessestopp.com\/?post_type=product&#038;p=9013"},"modified":"2025-10-08T19:22:32","modified_gmt":"2025-10-08T19:22:32","slug":"cw-120-g2tb","status":"publish","type":"product","link":"https:\/\/dersuessestopp.com\/sl\/product\/cw-120-g2tb\/","title":{"rendered":"CW 120 G2TB"},"content":{"rendered":"<p data-start=\"86\" data-end=\"581\"><img fetchpriority=\"high\" decoding=\"async\" class=\"alignnone wp-image-11517 size-full\" src=\"https:\/\/dersuessestopp.com\/wp-content\/uploads\/2025\/09\/CW120G1TB_CW120G2TB-Dettagli.jpg\" alt=\"\" width=\"2000\" height=\"600\" srcset=\"https:\/\/dersuessestopp.com\/wp-content\/uploads\/2025\/09\/CW120G1TB_CW120G2TB-Dettagli.jpg 2000w, https:\/\/dersuessestopp.com\/wp-content\/uploads\/2025\/09\/CW120G1TB_CW120G2TB-Dettagli-300x90.jpg 300w, https:\/\/dersuessestopp.com\/wp-content\/uploads\/2025\/09\/CW120G1TB_CW120G2TB-Dettagli-1024x307.jpg 1024w, https:\/\/dersuessestopp.com\/wp-content\/uploads\/2025\/09\/CW120G1TB_CW120G2TB-Dettagli-768x230.jpg 768w, https:\/\/dersuessestopp.com\/wp-content\/uploads\/2025\/09\/CW120G1TB_CW120G2TB-Dettagli-1536x461.jpg 1536w, https:\/\/dersuessestopp.com\/wp-content\/uploads\/2025\/09\/CW120G1TB_CW120G2TB-Dettagli-250x75.jpg 250w, https:\/\/dersuessestopp.com\/wp-content\/uploads\/2025\/09\/CW120G1TB_CW120G2TB-Dettagli-600x180.jpg 600w\" sizes=\"(max-width: 2000px) 100vw, 2000px\" \/><\/p>\n<p data-start=\"86\" data-end=\"581\">Spletna stran <strong data-start=\"90\" data-end=\"105\">CW 120 G2TB<\/strong> je visokozmogljiv prezra\u010devani hladilnik za vino z dvema temperaturnima obmo\u010djema, namenjen shranjevanju in ohranjanju razli\u010dnih vin v idealnih pogojih. Ta hladilnik za vino z elegantnimi polnimi steklenimi vrati brez okvirja, energetsko u\u010dinkovito osvetlitvijo LED in drsnimi policami v obliki \u010drke Z zdru\u017euje slog in funkcionalnost za profesionalno in doma\u010do uporabo. Njegova dvostopenjska zasnova omogo\u010da natan\u010den nadzor temperature za razli\u010dne vrste vin, kar zagotavlja optimalne pogoje za staranje in serviranje.<\/p>\n<h3 data-start=\"1240\" data-end=\"1252\">Zmogljivost<\/h3>\n<div class=\"_tableContainer_1rjym_1\">\n<div class=\"group _tableWrapper_1rjym_13 flex w-fit flex-col-reverse\">\n<table>\n<thead>\n<tr>\n<th>Vrsta steklenice \/ plo\u010devinke<\/th>\n<th>Zmogljivost (CW 120 G2TB)<\/th>\n<\/tr>\n<\/thead>\n<tbody>\n<tr>\n<td>75 cl steklenice<\/td>\n<td>56<\/td>\n<\/tr>\n<tr>\n<td>Spremenljiva embala\u017ea<\/td>\n<td>Odvisno od velikosti<\/td>\n<\/tr>\n<\/tbody>\n<\/table>\n<h3 data-start=\"1509\" data-end=\"1523\">Dimenzije<\/h3>\n<div class=\"_tableContainer_1rjym_1\">\n<div class=\"group _tableWrapper_1rjym_13 flex w-fit flex-col-reverse\">\n<table>\n<thead>\n<tr>\n<th>Vrsta dimenzije<\/th>\n<th>CW 120 G2TB (mm)<\/th>\n<\/tr>\n<\/thead>\n<tbody>\n<tr>\n<td>Zunanje mere (\u0160xVxV)<\/td>\n<td>595 x 690 x 1200<\/td>\n<\/tr>\n<tr>\n<td>Dimenzije embala\u017ee (\u0160xVxV)<\/td>\n<td>645 x 770 x 1425<\/td>\n<\/tr>\n<tr>\n<td>\u0160irina (A)<\/td>\n<td>500<\/td>\n<\/tr>\n<tr>\n<td>Globina (B)<\/td>\n<td>540<\/td>\n<\/tr>\n<tr>\n<td>Vi\u0161ina (C)<\/td>\n<td>1030<\/td>\n<\/tr>\n<tr>\n<td>Najmanj\u0161a globina (D)<\/td>\n<td>380<\/td>\n<\/tr>\n<tr>\n<td>Najmanj\u0161a vi\u0161ina (E)<\/td>\n<td>820<\/td>\n<\/tr>\n<tr>\n<td>Stranska nalepka<\/td>\n<td>648 x 1185<\/td>\n<\/tr>\n<tr>\n<td>Steklena nalepka<\/td>\n<td>462 x 940<\/td>\n<\/tr>\n<\/tbody>\n<\/table>\n<h3 data-start=\"1975\" data-end=\"2003\">Tehni\u010dne specifikacije<\/h3>\n<div class=\"_tableContainer_1rjym_1\">\n<div class=\"group _tableWrapper_1rjym_13 flex w-fit flex-col-reverse\">\n<table>\n<thead>\n<tr>\n<th>Funkcija<\/th>\n<th>Specifikacija<\/th>\n<\/tr>\n<\/thead>\n<tbody>\n<tr>\n<td>Temperaturno obmo\u010dje<\/td>\n<td>+2\u00b0C \/ +12\u00b0C<\/td>\n<\/tr>\n<tr>\n<td>Podnebni razred<\/td>\n<td>N-ST<\/td>\n<\/tr>\n<tr>\n<td>Neto bruto obseg<\/td>\n<td>250 \/ 263 L<\/td>\n<\/tr>\n<tr>\n<td>Zunanja povr\u0161ina<\/td>\n<td>Predbarvana plo\u010devina z antikorozijsko obdelavo<\/td>\n<\/tr>\n<tr>\n<td>Vrata<\/td>\n<td>\u010crno polno steklo<\/td>\n<\/tr>\n<tr>\n<td>Notranji vlo\u017eek<\/td>\n<td>ABS<\/td>\n<\/tr>\n<tr>\n<td>Termostat<\/td>\n<td>Elektronski, zaslon na dotik<\/td>\n<\/tr>\n<tr>\n<td>Raven hrupa<\/td>\n<td>38 dB<\/td>\n<\/tr>\n<tr>\n<td>Debelina izolacije<\/td>\n<td>55 mm<\/td>\n<\/tr>\n<tr>\n<td>Odmrzovanje<\/td>\n<td>Samodejni cikel kompresorja<\/td>\n<\/tr>\n<tr>\n<td>Razsvetljava<\/td>\n<td>1 vodoravna + 2 navpi\u010dni LED<\/td>\n<\/tr>\n<tr>\n<td>Police<\/td>\n<td>4 police v obliki \u010drke Z + 1 predal, dimenzije 452 x 380 mm<\/td>\n<\/tr>\n<tr>\n<td>Kolesca - stopala<\/td>\n<td>4 noge<\/td>\n<\/tr>\n<tr>\n<td>Neto bruto te\u017ea<\/td>\n<td>82 \/ 87 kg<\/td>\n<\/tr>\n<tr>\n<td>Napetost<\/td>\n<td>220 V<\/td>\n<\/tr>\n<tr>\n<td>Frekvenca<\/td>\n<td>50 Hz<\/td>\n<\/tr>\n<tr>\n<td>Hladilno sredstvo<\/td>\n<td>R600A<\/td>\n<\/tr>\n<tr>\n<td>Poraba energije<\/td>\n<td>115 W<\/td>\n<\/tr>\n<tr>\n<td>Poraba energije<\/td>\n<td>0,405 kWh\/24H<\/td>\n<\/tr>\n<\/tbody>\n<\/table>\n<\/div>\n<\/div>\n<\/div>\n<\/div>\n<\/div>\n<\/div>","protected":false},"excerpt":{"rendered":"<p>The CW 120 G2TB is a high-performance ventilated wine cooler with dual temperature zones, designed to store and preserve a variety of wines at their ideal conditions. Featuring a sleek full glass frameless door, energy-efficient LED lighting, and Z-shape sliding shelves, this wine cooler combines style and functionality for both professional and home use. Its [&hellip;]<\/p>\n","protected":false},"featured_media":9014,"comment_status":"open","ping_status":"closed","template":"","meta":[],"product_brand":[],"product_cat":[49],"product_tag":[],"class_list":{"0":"post-9013","1":"product","2":"type-product","3":"status-publish","4":"has-post-thumbnail","6":"product_cat-wine-fridges","8":"first","9":"instock","10":"shipping-taxable","11":"product-type-simple"},"_links":{"self":[{"href":"https:\/\/dersuessestopp.com\/sl\/wp-json\/wp\/v2\/product\/9013","targetHints":{"allow":["GET"]}}],"collection":[{"href":"https:\/\/dersuessestopp.com\/sl\/wp-json\/wp\/v2\/product"}],"about":[{"href":"https:\/\/dersuessestopp.com\/sl\/wp-json\/wp\/v2\/types\/product"}],"replies":[{"embeddable":true,"href":"https:\/\/dersuessestopp.com\/sl\/wp-json\/wp\/v2\/comments?post=9013"}],"version-history":[{"count":2,"href":"https:\/\/dersuessestopp.com\/sl\/wp-json\/wp\/v2\/product\/9013\/revisions"}],"predecessor-version":[{"id":11520,"href":"https:\/\/dersuessestopp.com\/sl\/wp-json\/wp\/v2\/product\/9013\/revisions\/11520"}],"wp:featuredmedia":[{"embeddable":true,"href":"https:\/\/dersuessestopp.com\/sl\/wp-json\/wp\/v2\/media\/9014"}],"wp:attachment":[{"href":"https:\/\/dersuessestopp.com\/sl\/wp-json\/wp\/v2\/media?parent=9013"}],"wp:term":[{"taxonomy":"product_brand","embeddable":true,"href":"https:\/\/dersuessestopp.com\/sl\/wp-json\/wp\/v2\/product_brand?post=9013"},{"taxonomy":"product_cat","embeddable":true,"href":"https:\/\/dersuessestopp.com\/sl\/wp-json\/wp\/v2\/product_cat?post=9013"},{"taxonomy":"product_tag","embeddable":true,"href":"https:\/\/dersuessestopp.com\/sl\/wp-json\/wp\/v2\/product_tag?post=9013"}],"curies":[{"name":"wp","href":"https:\/\/api.w.org\/{rel}","templated":true}]}}