{"id":9003,"date":"2025-09-23T12:03:26","date_gmt":"2025-09-23T12:03:26","guid":{"rendered":"https:\/\/dersuessestopp.com\/?post_type=product&#038;p=9003"},"modified":"2025-10-08T19:22:20","modified_gmt":"2025-10-08T19:22:20","slug":"cw-120-g1tb","status":"publish","type":"product","link":"https:\/\/dersuessestopp.com\/sl\/product\/cw-120-g1tb\/","title":{"rendered":"CW 120 G1TB"},"content":{"rendered":"<p data-start=\"115\" data-end=\"368\"><img fetchpriority=\"high\" decoding=\"async\" class=\"alignnone wp-image-11517 size-full\" src=\"https:\/\/dersuessestopp.com\/wp-content\/uploads\/2025\/09\/CW120G1TB_CW120G2TB-Dettagli.jpg\" alt=\"\" width=\"2000\" height=\"600\" srcset=\"https:\/\/dersuessestopp.com\/wp-content\/uploads\/2025\/09\/CW120G1TB_CW120G2TB-Dettagli.jpg 2000w, https:\/\/dersuessestopp.com\/wp-content\/uploads\/2025\/09\/CW120G1TB_CW120G2TB-Dettagli-300x90.jpg 300w, https:\/\/dersuessestopp.com\/wp-content\/uploads\/2025\/09\/CW120G1TB_CW120G2TB-Dettagli-1024x307.jpg 1024w, https:\/\/dersuessestopp.com\/wp-content\/uploads\/2025\/09\/CW120G1TB_CW120G2TB-Dettagli-768x230.jpg 768w, https:\/\/dersuessestopp.com\/wp-content\/uploads\/2025\/09\/CW120G1TB_CW120G2TB-Dettagli-1536x461.jpg 1536w, https:\/\/dersuessestopp.com\/wp-content\/uploads\/2025\/09\/CW120G1TB_CW120G2TB-Dettagli-250x75.jpg 250w, https:\/\/dersuessestopp.com\/wp-content\/uploads\/2025\/09\/CW120G1TB_CW120G2TB-Dettagli-600x180.jpg 600w\" sizes=\"(max-width: 2000px) 100vw, 2000px\" \/><\/p>\n<p data-start=\"115\" data-end=\"368\">Spletna stran <strong data-start=\"119\" data-end=\"134\">CW 120 G1TB<\/strong> je <strong data-start=\"140\" data-end=\"166\">prezra\u010devani hladilnik za vino<\/strong> z <strong data-start=\"179\" data-end=\"208\">polna steklena vrata brez okvirja<\/strong>, osvetlitev LED in <strong data-start=\"228\" data-end=\"261\">Drsne kovinske police v obliki \u010drke Z<\/strong>. Zasnovan je za shranjevanje vina v dveh conah in omogo\u010da natan\u010den nadzor temperature za optimalno shranjevanje.<\/p>\n<h2 data-start=\"737\" data-end=\"748\">Zmogljivost<\/h2>\n<div class=\"_tableContainer_1rjym_1\">\n<div class=\"group _tableWrapper_1rjym_13 flex w-fit flex-col-reverse\">\n<table>\n<thead>\n<tr>\n<th>Model<\/th>\n<th>75 cl steklenice<\/th>\n<th>Opombe<\/th>\n<\/tr>\n<\/thead>\n<tbody>\n<tr>\n<td>CW 120 G1TB<\/td>\n<td>68<\/td>\n<td>Zmogljivost se lahko razlikuje glede na embala\u017eo.<\/td>\n<\/tr>\n<\/tbody>\n<\/table>\n<h2 data-start=\"1065\" data-end=\"1078\">Dimenzije<\/h2>\n<div class=\"_tableContainer_1rjym_1\">\n<div class=\"group _tableWrapper_1rjym_13 flex w-fit flex-col-reverse\">\n<table>\n<thead>\n<tr>\n<th>Opis<\/th>\n<th>Meritev (mm)<\/th>\n<\/tr>\n<\/thead>\n<tbody>\n<tr>\n<td>Zunanje mere (\u0160xVxV)<\/td>\n<td>595 \u00d7 700 \u00d7 1210<\/td>\n<\/tr>\n<tr>\n<td>Dimenzije embala\u017ee (\u0160xVxV)<\/td>\n<td>645 \u00d7 770 \u00d7 1411<\/td>\n<\/tr>\n<tr>\n<td>Notranja \u0161irina (A)<\/td>\n<td>500<\/td>\n<\/tr>\n<tr>\n<td>Notranja globina (B)<\/td>\n<td>540<\/td>\n<\/tr>\n<tr>\n<td>Notranja vi\u0161ina (C)<\/td>\n<td>1030<\/td>\n<\/tr>\n<tr>\n<td>Najmanj\u0161a globina (D)<\/td>\n<td>380<\/td>\n<\/tr>\n<tr>\n<td>Najmanj\u0161a vi\u0161ina (E)<\/td>\n<td>820<\/td>\n<\/tr>\n<tr>\n<td>Stranska nalepka<\/td>\n<td>648 \u00d7 1185<\/td>\n<\/tr>\n<tr>\n<td>Steklena nalepka<\/td>\n<td>462 \u00d7 940<\/td>\n<\/tr>\n<\/tbody>\n<\/table>\n<h2 data-start=\"1461\" data-end=\"1482\">Tehni\u010dne lastnosti<\/h2>\n<div class=\"_tableContainer_1rjym_1\">\n<div class=\"group _tableWrapper_1rjym_13 flex w-fit flex-col-reverse\">\n<table>\n<thead>\n<tr>\n<th>Funkcija<\/th>\n<th>Specifikacija<\/th>\n<\/tr>\n<\/thead>\n<tbody>\n<tr>\n<td>Temperaturno obmo\u010dje<\/td>\n<td>+2\u00b0C \/ +20\u00b0C<\/td>\n<\/tr>\n<tr>\n<td>Podnebni razred<\/td>\n<td>N-ST<\/td>\n<\/tr>\n<tr>\n<td>Neto \/ bruto obseg<\/td>\n<td>257 \/ 265 L<\/td>\n<\/tr>\n<tr>\n<td>Zunanje telo<\/td>\n<td>Predbarvana plo\u010devina z antikorozijsko obdelavo<\/td>\n<\/tr>\n<tr>\n<td>Vrata<\/td>\n<td>\u010crno polno steklo<\/td>\n<\/tr>\n<tr>\n<td>Notranji vlo\u017eek<\/td>\n<td>ABS<\/td>\n<\/tr>\n<tr>\n<td>Termostat<\/td>\n<td>Elektronski zaslon na dotik<\/td>\n<\/tr>\n<tr>\n<td>Raven hrupa<\/td>\n<td>42 dB<\/td>\n<\/tr>\n<tr>\n<td>Debelina izolacije<\/td>\n<td>55 mm<\/td>\n<\/tr>\n<tr>\n<td>Sistem za odmrzovanje<\/td>\n<td>Samodejno (kompresor izklopljen)<\/td>\n<\/tr>\n<tr>\n<td>Razsvetljava<\/td>\n<td>1 vodoravna + 2 navpi\u010dni LED diodi<\/td>\n<\/tr>\n<tr>\n<td>Zaklepanje in klju\u010d<\/td>\n<td>Da<\/td>\n<\/tr>\n<tr>\n<td>Reverzibilna vrata<\/td>\n<td>Da<\/td>\n<\/tr>\n<tr>\n<td>Police<\/td>\n<td>5 \u00d7 452 \u00d7 535 mm + 1 \u00d7 452 \u00d7 380 mm (drsne kovinske police v obliki \u010drke Z)<\/td>\n<\/tr>\n<tr>\n<td>Kole\u0161\u010dki in noge<\/td>\n<td>4 noge<\/td>\n<\/tr>\n<\/tbody>\n<\/table>\n<h2 data-start=\"2108\" data-end=\"2126\">Elektri\u010dni podatki<\/h2>\n<div class=\"_tableContainer_1rjym_1\">\n<div class=\"group _tableWrapper_1rjym_13 flex w-fit flex-col-reverse\">\n<table>\n<thead>\n<tr>\n<th>Specifikacija<\/th>\n<th>Vrednost<\/th>\n<\/tr>\n<\/thead>\n<tbody>\n<tr>\n<td>Napetost<\/td>\n<td>220 V<\/td>\n<\/tr>\n<tr>\n<td>Frekvenca<\/td>\n<td>50 Hz<\/td>\n<\/tr>\n<tr>\n<td>Hladilno sredstvo<\/td>\n<td>R600A<\/td>\n<\/tr>\n<tr>\n<td>Absorpcija energije<\/td>\n<td>115 W<\/td>\n<\/tr>\n<tr>\n<td>Poraba energije (24 ur)<\/td>\n<td>0,43 kWh<\/td>\n<\/tr>\n<tr>\n<td>Neto \/ bruto te\u017ea<\/td>\n<td>80 \/ 85 kg<\/td>\n<\/tr>\n<\/tbody>\n<\/table>\n<\/div>\n<\/div>\n<\/div>\n<\/div>\n<\/div>\n<\/div>\n<\/div>\n<\/div>","protected":false},"excerpt":{"rendered":"<p>The CW 120 G1TB is a ventilated wine cooler featuring a full glass frameless door, LED lighting, and Z-shape sliding metal shelves. Designed for dual-zone wine storage, it maintains precise temperature control for optimal preservation. Capacity Model 75 cl Bottles Notes CW 120 G1TB 68 Capacity may vary depending on packaging Dimensions Description Measurement (mm) [&hellip;]<\/p>\n","protected":false},"featured_media":9004,"comment_status":"open","ping_status":"closed","template":"","meta":[],"product_brand":[],"product_cat":[49],"product_tag":[],"class_list":{"0":"post-9003","1":"product","2":"type-product","3":"status-publish","4":"has-post-thumbnail","6":"product_cat-wine-fridges","8":"first","9":"instock","10":"shipping-taxable","11":"product-type-simple"},"_links":{"self":[{"href":"https:\/\/dersuessestopp.com\/sl\/wp-json\/wp\/v2\/product\/9003","targetHints":{"allow":["GET"]}}],"collection":[{"href":"https:\/\/dersuessestopp.com\/sl\/wp-json\/wp\/v2\/product"}],"about":[{"href":"https:\/\/dersuessestopp.com\/sl\/wp-json\/wp\/v2\/types\/product"}],"replies":[{"embeddable":true,"href":"https:\/\/dersuessestopp.com\/sl\/wp-json\/wp\/v2\/comments?post=9003"}],"version-history":[{"count":4,"href":"https:\/\/dersuessestopp.com\/sl\/wp-json\/wp\/v2\/product\/9003\/revisions"}],"predecessor-version":[{"id":11519,"href":"https:\/\/dersuessestopp.com\/sl\/wp-json\/wp\/v2\/product\/9003\/revisions\/11519"}],"wp:featuredmedia":[{"embeddable":true,"href":"https:\/\/dersuessestopp.com\/sl\/wp-json\/wp\/v2\/media\/9004"}],"wp:attachment":[{"href":"https:\/\/dersuessestopp.com\/sl\/wp-json\/wp\/v2\/media?parent=9003"}],"wp:term":[{"taxonomy":"product_brand","embeddable":true,"href":"https:\/\/dersuessestopp.com\/sl\/wp-json\/wp\/v2\/product_brand?post=9003"},{"taxonomy":"product_cat","embeddable":true,"href":"https:\/\/dersuessestopp.com\/sl\/wp-json\/wp\/v2\/product_cat?post=9003"},{"taxonomy":"product_tag","embeddable":true,"href":"https:\/\/dersuessestopp.com\/sl\/wp-json\/wp\/v2\/product_tag?post=9003"}],"curies":[{"name":"wp","href":"https:\/\/api.w.org\/{rel}","templated":true}]}}