{"id":8999,"date":"2025-09-23T11:58:55","date_gmt":"2025-09-23T11:58:55","guid":{"rendered":"https:\/\/dersuessestopp.com\/?post_type=product&#038;p=8999"},"modified":"2025-10-08T20:32:25","modified_gmt":"2025-10-08T20:32:25","slug":"cw-37-g2tb","status":"publish","type":"product","link":"https:\/\/dersuessestopp.com\/sl\/product\/cw-37-g2tb\/","title":{"rendered":"CW 37 G2TB"},"content":{"rendered":"<p data-start=\"125\" data-end=\"422\"><img fetchpriority=\"high\" decoding=\"async\" class=\"alignnone wp-image-11495 size-full\" src=\"https:\/\/dersuessestopp.com\/wp-content\/uploads\/2025\/09\/CW20G1TB_CW37G1TB_CW37G2TB-Dettagli.jpg\" alt=\"\" width=\"2000\" height=\"600\" srcset=\"https:\/\/dersuessestopp.com\/wp-content\/uploads\/2025\/09\/CW20G1TB_CW37G1TB_CW37G2TB-Dettagli.jpg 2000w, https:\/\/dersuessestopp.com\/wp-content\/uploads\/2025\/09\/CW20G1TB_CW37G1TB_CW37G2TB-Dettagli-300x90.jpg 300w, https:\/\/dersuessestopp.com\/wp-content\/uploads\/2025\/09\/CW20G1TB_CW37G1TB_CW37G2TB-Dettagli-1024x307.jpg 1024w, https:\/\/dersuessestopp.com\/wp-content\/uploads\/2025\/09\/CW20G1TB_CW37G1TB_CW37G2TB-Dettagli-768x230.jpg 768w, https:\/\/dersuessestopp.com\/wp-content\/uploads\/2025\/09\/CW20G1TB_CW37G1TB_CW37G2TB-Dettagli-1536x461.jpg 1536w, https:\/\/dersuessestopp.com\/wp-content\/uploads\/2025\/09\/CW20G1TB_CW37G1TB_CW37G2TB-Dettagli-250x75.jpg 250w, https:\/\/dersuessestopp.com\/wp-content\/uploads\/2025\/09\/CW20G1TB_CW37G1TB_CW37G2TB-Dettagli-600x180.jpg 600w\" sizes=\"(max-width: 2000px) 100vw, 2000px\" \/><\/p>\n<p data-start=\"125\" data-end=\"422\">Spletna stran <strong data-start=\"129\" data-end=\"143\">CW 37 G2TB<\/strong> je <strong data-start=\"149\" data-end=\"185\">prezra\u010devani dvobarvni hladilnik za vino<\/strong> z <strong data-start=\"198\" data-end=\"227\">polna steklena vrata brez okvirja<\/strong>, elektronski termostat z zaslonom na dotik in odstranljive lesene police. Zasnovana je za profesionalno shranjevanje vina in ponuja <strong data-start=\"344\" data-end=\"375\">natan\u010den nadzor temperature<\/strong> od +2 \u00b0C do +20 \u00b0C za optimalno shranjevanje.<\/p>\n<h2 data-start=\"809\" data-end=\"820\">Zmogljivost<\/h2>\n<div class=\"_tableContainer_1rjym_1\">\n<div class=\"group _tableWrapper_1rjym_13 flex w-fit flex-col-reverse\">\n<table>\n<thead>\n<tr>\n<th>Model<\/th>\n<th>75 cl steklenice<\/th>\n<th>Opombe<\/th>\n<\/tr>\n<\/thead>\n<tbody>\n<tr>\n<td>CW 37 G2TB<\/td>\n<td>28<\/td>\n<td>Zmogljivost se lahko razlikuje glede na embala\u017eo.<\/td>\n<\/tr>\n<\/tbody>\n<\/table>\n<h2 data-start=\"1214\" data-end=\"1227\">Dimenzije<\/h2>\n<div class=\"_tableContainer_1rjym_1\">\n<div class=\"group _tableWrapper_1rjym_13 flex w-fit flex-col-reverse\">\n<table>\n<thead>\n<tr>\n<th>Opis<\/th>\n<th>Meritev (mm)<\/th>\n<\/tr>\n<\/thead>\n<tbody>\n<tr>\n<td>Zunanje mere (\u0160xVxV)<\/td>\n<td>380 \u00d7 578 \u00d7 820<\/td>\n<\/tr>\n<tr>\n<td>Dimenzije embala\u017ee (\u0160xVxV)<\/td>\n<td>435 \u00d7 655 \u00d7 870<\/td>\n<\/tr>\n<tr>\n<td>Notranja \u0161irina (A)<\/td>\n<td>300<\/td>\n<\/tr>\n<tr>\n<td>Notranja globina (B)<\/td>\n<td>445<\/td>\n<\/tr>\n<tr>\n<td>Notranja vi\u0161ina (C)<\/td>\n<td>650<\/td>\n<\/tr>\n<tr>\n<td>Najmanj\u0161a globina (D)<\/td>\n<td>325<\/td>\n<\/tr>\n<tr>\n<td>Najmanj\u0161a vi\u0161ina (E)<\/td>\n<td>530<\/td>\n<\/tr>\n<tr>\n<td>Stranska nalepka<\/td>\n<td>530 \u00d7 805<\/td>\n<\/tr>\n<tr>\n<td>Steklena nalepka<\/td>\n<td>247 \u00d7 560<\/td>\n<\/tr>\n<\/tbody>\n<\/table>\n<h2 data-start=\"1606\" data-end=\"1627\">Tehni\u010dne lastnosti<\/h2>\n<div class=\"_tableContainer_1rjym_1\">\n<div class=\"group _tableWrapper_1rjym_13 flex w-fit flex-col-reverse\">\n<table>\n<thead>\n<tr>\n<th>Funkcija<\/th>\n<th>Specifikacija<\/th>\n<\/tr>\n<\/thead>\n<tbody>\n<tr>\n<td>Temperaturno obmo\u010dje<\/td>\n<td>+2\u00b0C \/ +20\u00b0C<\/td>\n<\/tr>\n<tr>\n<td>Podnebni razred<\/td>\n<td>N-ST<\/td>\n<\/tr>\n<tr>\n<td>Neto \/ bruto obseg<\/td>\n<td>80 \/ 85 L<\/td>\n<\/tr>\n<tr>\n<td>Zunanje telo<\/td>\n<td>Predbarvana plo\u010devina z antikorozijsko obdelavo<\/td>\n<\/tr>\n<tr>\n<td>Vrata<\/td>\n<td>\u010crno polno steklo<\/td>\n<\/tr>\n<tr>\n<td>Notranji vlo\u017eek<\/td>\n<td>ABS<\/td>\n<\/tr>\n<tr>\n<td>Termostat<\/td>\n<td>Elektronski zaslon na dotik<\/td>\n<\/tr>\n<tr>\n<td>Raven hrupa<\/td>\n<td>40 dB<\/td>\n<\/tr>\n<tr>\n<td>Debelina izolacije<\/td>\n<td>45 mm<\/td>\n<\/tr>\n<tr>\n<td>Sistem za odmrzovanje<\/td>\n<td>Samodejno (kompresor izklopljen)<\/td>\n<\/tr>\n<tr>\n<td>Razsvetljava<\/td>\n<td>1 navpi\u010dna LED dioda<\/td>\n<\/tr>\n<tr>\n<td>Zaklepanje in klju\u010d<\/td>\n<td>Da<\/td>\n<\/tr>\n<tr>\n<td>Reverzibilna vrata<\/td>\n<td>Da<\/td>\n<\/tr>\n<tr>\n<td>Police<\/td>\n<td>5 \u00d7 447 \u00d7 297 mm + 1 \u00d7 308 \u00d7 288 mm (odstranljive lesene police)<\/td>\n<\/tr>\n<tr>\n<td>Kole\u0161\u010dki in noge<\/td>\n<td>4 noge<\/td>\n<\/tr>\n<\/tbody>\n<\/table>\n<h2 data-start=\"2230\" data-end=\"2248\">Elektri\u010dni podatki<\/h2>\n<div class=\"_tableContainer_1rjym_1\">\n<div class=\"group _tableWrapper_1rjym_13 flex w-fit flex-col-reverse\">\n<table>\n<thead>\n<tr>\n<th>Specifikacija<\/th>\n<th>Vrednost<\/th>\n<\/tr>\n<\/thead>\n<tbody>\n<tr>\n<td>Napetost<\/td>\n<td>220 V<\/td>\n<\/tr>\n<tr>\n<td>Frekvenca<\/td>\n<td>50 Hz<\/td>\n<\/tr>\n<tr>\n<td>Hladilno sredstvo<\/td>\n<td>R600A<\/td>\n<\/tr>\n<tr>\n<td>Absorpcija energije<\/td>\n<td>80 W<\/td>\n<\/tr>\n<tr>\n<td>Poraba energije (24 ur)<\/td>\n<td>0,39 kWh<\/td>\n<\/tr>\n<tr>\n<td>Neto \/ bruto te\u017ea<\/td>\n<td>38 \/ 41 kg<\/td>\n<\/tr>\n<\/tbody>\n<\/table>\n<\/div>\n<\/div>\n<\/div>\n<\/div>\n<\/div>\n<\/div>\n<\/div>\n<\/div>","protected":false},"excerpt":{"rendered":"<p>The CW 37 G2TB is a ventilated dual-zone wine cooler featuring a full glass frameless door, electronic touchscreen thermostat, and removable wooden shelves. Designed for professional wine storage, it offers precise temperature control from +2\u00b0C to +20\u00b0C for optimal preservation. Capacity Model 75 cl Bottles Notes CW 37 G2TB 28 Capacity may vary depending on [&hellip;]<\/p>\n","protected":false},"featured_media":9000,"comment_status":"open","ping_status":"closed","template":"","meta":[],"product_brand":[],"product_cat":[49],"product_tag":[],"class_list":{"0":"post-8999","1":"product","2":"type-product","3":"status-publish","4":"has-post-thumbnail","6":"product_cat-wine-fridges","8":"first","9":"instock","10":"shipping-taxable","11":"product-type-simple"},"_links":{"self":[{"href":"https:\/\/dersuessestopp.com\/sl\/wp-json\/wp\/v2\/product\/8999","targetHints":{"allow":["GET"]}}],"collection":[{"href":"https:\/\/dersuessestopp.com\/sl\/wp-json\/wp\/v2\/product"}],"about":[{"href":"https:\/\/dersuessestopp.com\/sl\/wp-json\/wp\/v2\/types\/product"}],"replies":[{"embeddable":true,"href":"https:\/\/dersuessestopp.com\/sl\/wp-json\/wp\/v2\/comments?post=8999"}],"version-history":[{"count":2,"href":"https:\/\/dersuessestopp.com\/sl\/wp-json\/wp\/v2\/product\/8999\/revisions"}],"predecessor-version":[{"id":11524,"href":"https:\/\/dersuessestopp.com\/sl\/wp-json\/wp\/v2\/product\/8999\/revisions\/11524"}],"wp:featuredmedia":[{"embeddable":true,"href":"https:\/\/dersuessestopp.com\/sl\/wp-json\/wp\/v2\/media\/9000"}],"wp:attachment":[{"href":"https:\/\/dersuessestopp.com\/sl\/wp-json\/wp\/v2\/media?parent=8999"}],"wp:term":[{"taxonomy":"product_brand","embeddable":true,"href":"https:\/\/dersuessestopp.com\/sl\/wp-json\/wp\/v2\/product_brand?post=8999"},{"taxonomy":"product_cat","embeddable":true,"href":"https:\/\/dersuessestopp.com\/sl\/wp-json\/wp\/v2\/product_cat?post=8999"},{"taxonomy":"product_tag","embeddable":true,"href":"https:\/\/dersuessestopp.com\/sl\/wp-json\/wp\/v2\/product_tag?post=8999"}],"curies":[{"name":"wp","href":"https:\/\/api.w.org\/{rel}","templated":true}]}}