{"id":8994,"date":"2025-09-23T11:55:58","date_gmt":"2025-09-23T11:55:58","guid":{"rendered":"https:\/\/dersuessestopp.com\/?post_type=product&#038;p=8994"},"modified":"2025-10-08T19:21:02","modified_gmt":"2025-10-08T19:21:02","slug":"cw-46-g2tb","status":"publish","type":"product","link":"https:\/\/dersuessestopp.com\/sl\/product\/cw-46-g2tb\/","title":{"rendered":"CW 46 G2TB"},"content":{"rendered":"<p data-start=\"171\" data-end=\"474\"><img fetchpriority=\"high\" decoding=\"async\" class=\"alignnone wp-image-11526 size-full\" src=\"https:\/\/dersuessestopp.com\/wp-content\/uploads\/2025\/09\/CW-46-G2TB-1.jpg\" alt=\"\" width=\"2000\" height=\"600\" srcset=\"https:\/\/dersuessestopp.com\/wp-content\/uploads\/2025\/09\/CW-46-G2TB-1.jpg 2000w, https:\/\/dersuessestopp.com\/wp-content\/uploads\/2025\/09\/CW-46-G2TB-1-300x90.jpg 300w, https:\/\/dersuessestopp.com\/wp-content\/uploads\/2025\/09\/CW-46-G2TB-1-1024x307.jpg 1024w, https:\/\/dersuessestopp.com\/wp-content\/uploads\/2025\/09\/CW-46-G2TB-1-768x230.jpg 768w, https:\/\/dersuessestopp.com\/wp-content\/uploads\/2025\/09\/CW-46-G2TB-1-1536x461.jpg 1536w, https:\/\/dersuessestopp.com\/wp-content\/uploads\/2025\/09\/CW-46-G2TB-1-250x75.jpg 250w, https:\/\/dersuessestopp.com\/wp-content\/uploads\/2025\/09\/CW-46-G2TB-1-600x180.jpg 600w\" sizes=\"(max-width: 2000px) 100vw, 2000px\" \/><\/p>\n<p data-start=\"171\" data-end=\"474\">Spletna stran <strong data-start=\"175\" data-end=\"189\">CW 46 G2TB<\/strong> je <strong data-start=\"195\" data-end=\"231\">prezra\u010devani dvobarvni hladilnik za vino<\/strong> z <strong data-start=\"239\" data-end=\"268\">polna steklena vrata brez okvirja<\/strong>, elektronski termostat z zaslonom na dotik in odstranljive lesene police. Zasnovan za <strong data-start=\"348\" data-end=\"377\">profesionalno shranjevanje vina<\/strong> in optimalno shranjevanje steklenic, ponuja <strong data-start=\"421\" data-end=\"452\">natan\u010den nadzor temperature<\/strong> od +2 \u00b0C do +20 \u00b0C.<\/p>\n<h2 data-start=\"952\" data-end=\"963\">Zmogljivost<\/h2>\n<div class=\"_tableContainer_1rjym_1\">\n<div class=\"group _tableWrapper_1rjym_13 flex w-fit flex-col-reverse\">\n<table>\n<thead>\n<tr>\n<th>Model<\/th>\n<th>75 cl steklenice<\/th>\n<th>33 cl plo\u010devink<\/th>\n<th>Opombe<\/th>\n<\/tr>\n<\/thead>\n<tbody>\n<tr>\n<td>CW 46 G2TB<\/td>\n<td>46<\/td>\n<td>&#8211;<\/td>\n<td>Zmogljivost se lahko razlikuje glede na embala\u017eo.<\/td>\n<\/tr>\n<\/tbody>\n<\/table>\n<h2 data-start=\"1586\" data-end=\"1599\">Dimenzije<\/h2>\n<div class=\"_tableContainer_1rjym_1\">\n<div class=\"group _tableWrapper_1rjym_13 flex w-fit flex-col-reverse\">\n<table>\n<thead>\n<tr>\n<th>Opis<\/th>\n<th>Meritev (mm)<\/th>\n<\/tr>\n<\/thead>\n<tbody>\n<tr>\n<td>Zunanje mere (\u0160xVxV)<\/td>\n<td>595 \u00d7 573 \u00d7 820<\/td>\n<\/tr>\n<tr>\n<td>Dimenzije embala\u017ee (\u0160xVxV)<\/td>\n<td>660 \u00d7 625 \u00d7 1015<\/td>\n<\/tr>\n<tr>\n<td>Notranja \u0161irina (A)<\/td>\n<td>510<\/td>\n<\/tr>\n<tr>\n<td>Notranja globina (B)<\/td>\n<td>445<\/td>\n<\/tr>\n<tr>\n<td>Notranja vi\u0161ina (C)<\/td>\n<td>650<\/td>\n<\/tr>\n<tr>\n<td>Najmanj\u0161a globina (D)<\/td>\n<td>305<\/td>\n<\/tr>\n<tr>\n<td>Najmanj\u0161a vi\u0161ina (E)<\/td>\n<td>550<\/td>\n<\/tr>\n<tr>\n<td>Stranska nalepka<\/td>\n<td>530 \u00d7 805<\/td>\n<\/tr>\n<tr>\n<td>Steklena nalepka<\/td>\n<td>462 \u00d7 560<\/td>\n<\/tr>\n<\/tbody>\n<\/table>\n<\/div>\n<h2 data-start=\"1979\" data-end=\"2000\">Tehni\u010dne lastnosti<\/h2>\n<div class=\"_tableContainer_1rjym_1\">\n<div class=\"group _tableWrapper_1rjym_13 flex w-fit flex-col-reverse\">\n<table>\n<thead>\n<tr>\n<th>Funkcija<\/th>\n<th>Specifikacija<\/th>\n<\/tr>\n<\/thead>\n<tbody>\n<tr>\n<td>Temperaturno obmo\u010dje<\/td>\n<td>+2\u00b0C \/ +20\u00b0C<\/td>\n<\/tr>\n<tr>\n<td>Podnebni razred<\/td>\n<td>N-ST<\/td>\n<\/tr>\n<tr>\n<td>Neto \/ bruto obseg<\/td>\n<td>143 \/ 148 L<\/td>\n<\/tr>\n<tr>\n<td>Zunanje telo<\/td>\n<td>Predbarvana plo\u010devina z antikorozijsko obdelavo<\/td>\n<\/tr>\n<tr>\n<td>Vrata<\/td>\n<td>\u010crno polno steklo<\/td>\n<\/tr>\n<tr>\n<td>Notranji vlo\u017eek<\/td>\n<td>ABS<\/td>\n<\/tr>\n<tr>\n<td>Termostat<\/td>\n<td>Elektronski zaslon na dotik<\/td>\n<\/tr>\n<tr>\n<td>Raven hrupa<\/td>\n<td>38 dB<\/td>\n<\/tr>\n<tr>\n<td>Debelina izolacije<\/td>\n<td>45 mm<\/td>\n<\/tr>\n<tr>\n<td>Sistem za odmrzovanje<\/td>\n<td>Samodejno (kompresor izklopljen)<\/td>\n<\/tr>\n<tr>\n<td>Razsvetljava<\/td>\n<td>2 vodoravni LED diodi<\/td>\n<\/tr>\n<tr>\n<td>Zaklepanje in klju\u010d<\/td>\n<td>Da<\/td>\n<\/tr>\n<tr>\n<td>Reverzibilna vrata<\/td>\n<td>Da<\/td>\n<\/tr>\n<tr>\n<td>Police<\/td>\n<td>5 \u00d7 447 \u00d7 492 mm + 1 \u00d7 292 \u00d7 492 mm (odstranljive lesene police)<\/td>\n<\/tr>\n<tr>\n<td>Kole\u0161\u010dki in noge<\/td>\n<td>4 noge<\/td>\n<\/tr>\n<\/tbody>\n<\/table>\n<\/div>\n<h2 data-start=\"2608\" data-end=\"2626\">Elektri\u010dni podatki<\/h2>\n<div class=\"_tableContainer_1rjym_1\">\n<div class=\"group _tableWrapper_1rjym_13 flex w-fit flex-col-reverse\">\n<table>\n<thead>\n<tr>\n<th>Specifikacija<\/th>\n<th>Vrednost<\/th>\n<\/tr>\n<\/thead>\n<tbody>\n<tr>\n<td>Napetost<\/td>\n<td>220 V<\/td>\n<\/tr>\n<tr>\n<td>Frekvenca<\/td>\n<td>50 Hz<\/td>\n<\/tr>\n<tr>\n<td>Hladilno sredstvo<\/td>\n<td>R600A<\/td>\n<\/tr>\n<tr>\n<td>Absorpcija energije<\/td>\n<td>95 W<\/td>\n<\/tr>\n<tr>\n<td>Poraba energije (24 ur)<\/td>\n<td>0,39 kWh<\/td>\n<\/tr>\n<tr>\n<td>Neto \/ bruto te\u017ea<\/td>\n<td>45 \/ 49 kg<\/td>\n<\/tr>\n<\/tbody>\n<\/table>\n<\/div>\n<\/div>\n<\/div>\n<\/div>\n<\/div>\n<\/div>","protected":false},"excerpt":{"rendered":"<p>The CW 46 G2TB is a ventilated dual-zone wine cooler with a full glass frameless door, electronic touchscreen thermostat, and removable wooden shelves. Designed for professional wine storage and optimal bottle preservation, it offers precise temperature control from +2\u00b0C to +20\u00b0C. Capacity Model 75 cl Bottles 33 cl Cans Notes CW 46 G2TB 46 &#8211; [&hellip;]<\/p>\n","protected":false},"featured_media":8997,"comment_status":"open","ping_status":"closed","template":"","meta":[],"product_brand":[],"product_cat":[49],"product_tag":[],"class_list":{"0":"post-8994","1":"product","2":"type-product","3":"status-publish","4":"has-post-thumbnail","6":"product_cat-wine-fridges","8":"first","9":"instock","10":"shipping-taxable","11":"product-type-simple"},"_links":{"self":[{"href":"https:\/\/dersuessestopp.com\/sl\/wp-json\/wp\/v2\/product\/8994","targetHints":{"allow":["GET"]}}],"collection":[{"href":"https:\/\/dersuessestopp.com\/sl\/wp-json\/wp\/v2\/product"}],"about":[{"href":"https:\/\/dersuessestopp.com\/sl\/wp-json\/wp\/v2\/types\/product"}],"replies":[{"embeddable":true,"href":"https:\/\/dersuessestopp.com\/sl\/wp-json\/wp\/v2\/comments?post=8994"}],"version-history":[{"count":3,"href":"https:\/\/dersuessestopp.com\/sl\/wp-json\/wp\/v2\/product\/8994\/revisions"}],"predecessor-version":[{"id":11527,"href":"https:\/\/dersuessestopp.com\/sl\/wp-json\/wp\/v2\/product\/8994\/revisions\/11527"}],"wp:featuredmedia":[{"embeddable":true,"href":"https:\/\/dersuessestopp.com\/sl\/wp-json\/wp\/v2\/media\/8997"}],"wp:attachment":[{"href":"https:\/\/dersuessestopp.com\/sl\/wp-json\/wp\/v2\/media?parent=8994"}],"wp:term":[{"taxonomy":"product_brand","embeddable":true,"href":"https:\/\/dersuessestopp.com\/sl\/wp-json\/wp\/v2\/product_brand?post=8994"},{"taxonomy":"product_cat","embeddable":true,"href":"https:\/\/dersuessestopp.com\/sl\/wp-json\/wp\/v2\/product_cat?post=8994"},{"taxonomy":"product_tag","embeddable":true,"href":"https:\/\/dersuessestopp.com\/sl\/wp-json\/wp\/v2\/product_tag?post=8994"}],"curies":[{"name":"wp","href":"https:\/\/api.w.org\/{rel}","templated":true}]}}