{"id":8985,"date":"2025-09-23T11:51:51","date_gmt":"2025-09-23T11:51:51","guid":{"rendered":"https:\/\/dersuessestopp.com\/?post_type=product&#038;p=8985"},"modified":"2025-10-08T19:17:58","modified_gmt":"2025-10-08T19:17:58","slug":"cw-20-g1tb","status":"publish","type":"product","link":"https:\/\/dersuessestopp.com\/sl\/product\/cw-20-g1tb\/","title":{"rendered":"CW 20 G1TB"},"content":{"rendered":"<p data-start=\"187\" data-end=\"430\"><img fetchpriority=\"high\" decoding=\"async\" class=\"alignnone wp-image-11495 size-full\" src=\"https:\/\/dersuessestopp.com\/wp-content\/uploads\/2025\/09\/CW20G1TB_CW37G1TB_CW37G2TB-Dettagli.jpg\" alt=\"\" width=\"2000\" height=\"600\" srcset=\"https:\/\/dersuessestopp.com\/wp-content\/uploads\/2025\/09\/CW20G1TB_CW37G1TB_CW37G2TB-Dettagli.jpg 2000w, https:\/\/dersuessestopp.com\/wp-content\/uploads\/2025\/09\/CW20G1TB_CW37G1TB_CW37G2TB-Dettagli-300x90.jpg 300w, https:\/\/dersuessestopp.com\/wp-content\/uploads\/2025\/09\/CW20G1TB_CW37G1TB_CW37G2TB-Dettagli-1024x307.jpg 1024w, https:\/\/dersuessestopp.com\/wp-content\/uploads\/2025\/09\/CW20G1TB_CW37G1TB_CW37G2TB-Dettagli-768x230.jpg 768w, https:\/\/dersuessestopp.com\/wp-content\/uploads\/2025\/09\/CW20G1TB_CW37G1TB_CW37G2TB-Dettagli-1536x461.jpg 1536w, https:\/\/dersuessestopp.com\/wp-content\/uploads\/2025\/09\/CW20G1TB_CW37G1TB_CW37G2TB-Dettagli-250x75.jpg 250w, https:\/\/dersuessestopp.com\/wp-content\/uploads\/2025\/09\/CW20G1TB_CW37G1TB_CW37G2TB-Dettagli-600x180.jpg 600w\" sizes=\"(max-width: 2000px) 100vw, 2000px\" \/><\/p>\n<p data-start=\"187\" data-end=\"430\">Spletna stran <strong data-start=\"207\" data-end=\"221\">CW 20 G1TB<\/strong> je kompaktna prezra\u010devana hladilna naprava za vino s steklenimi vrati brez okvirja in odstranljivimi lesenimi policami. Zasnovan je za natan\u010den nadzor temperature in je idealen za vinske navdu\u0161ence in manj\u0161e profesionalne prostore.<\/p>\n<p data-start=\"432\" data-end=\"451\"><strong data-start=\"432\" data-end=\"449\">Klju\u010dne lastnosti:<\/strong><\/p>\n<ul data-start=\"452\" data-end=\"688\">\n<li data-start=\"452\" data-end=\"481\">\n<p data-start=\"454\" data-end=\"481\">Celotna steklena vrata brez okvirja<\/p>\n<\/li>\n<li data-start=\"482\" data-end=\"507\">\n<p data-start=\"484\" data-end=\"507\">Elektronski termostat<\/p>\n<\/li>\n<li data-start=\"508\" data-end=\"536\">\n<p data-start=\"510\" data-end=\"536\">Odstranljive lesene police<\/p>\n<\/li>\n<li data-start=\"537\" data-end=\"566\">\n<p data-start=\"539\" data-end=\"566\">Prezra\u010devani hladilni sistem<\/p>\n<\/li>\n<li data-start=\"567\" data-end=\"603\">\n<p data-start=\"569\" data-end=\"603\">Temperaturno obmo\u010dje: +2\u00b0C do +20\u00b0C<\/p>\n<\/li>\n<li data-start=\"604\" data-end=\"625\">\n<p data-start=\"606\" data-end=\"625\">Samodejno odmrzovanje<\/p>\n<\/li>\n<li data-start=\"626\" data-end=\"651\">\n<p data-start=\"628\" data-end=\"651\">Vertikalna osvetlitev LED<\/p>\n<\/li>\n<li data-start=\"652\" data-end=\"668\">\n<p data-start=\"654\" data-end=\"668\">Zaklepanje in klju\u010d<\/p>\n<\/li>\n<li data-start=\"669\" data-end=\"688\">\n<p data-start=\"671\" data-end=\"688\">Reverzibilna vrata<\/p>\n<\/li>\n<\/ul>\n<h3 data-start=\"695\" data-end=\"709\"><strong>Zmogljivost<\/strong><\/h3>\n<table>\n<thead>\n<tr>\n<th>Model<\/th>\n<th>Prostornina steklenice (75 cl)<\/th>\n<th>Opombe<\/th>\n<\/tr>\n<\/thead>\n<tbody>\n<tr>\n<td>CW 20 G1TB<\/td>\n<td>18<\/td>\n<td>Podatki se lahko razlikujejo glede na embala\u017eo<\/td>\n<\/tr>\n<tr>\n<td>CW 37 G1TB<\/td>\n<td>28<\/td>\n<td>Podatki se lahko razlikujejo glede na embala\u017eo<\/td>\n<\/tr>\n<tr>\n<td>CW 37 G2TB<\/td>\n<td>28<\/td>\n<td>Dvoobmo\u010dni temperaturni hladilnik<\/td>\n<\/tr>\n<\/tbody>\n<\/table>\n<div><\/div>\n<h3><strong>Dimenzije<\/strong><\/h3>\n<table>\n<thead>\n<tr>\n<th>Model<\/th>\n<th>Zunanje (\u0160xGxV mm)<\/th>\n<th>Embala\u017ea (\u0160xVxH mm)<\/th>\n<th>Notranja \u0161irina (A)<\/th>\n<th>Globina (B)<\/th>\n<th>Vi\u0161ina (C)<\/th>\n<th>Najmanj\u0161a globina (D)<\/th>\n<th>Najmanj\u0161a vi\u0161ina (E)<\/th>\n<th>Steklena nalepka (mm)<\/th>\n<th>Stranska nalepka (mm)<\/th>\n<\/tr>\n<\/thead>\n<tbody>\n<tr>\n<td>CW 20 G1TB<\/td>\n<td>295 \u00d7 573 \u00d7 820<\/td>\n<td>332 \u00d7 625 \u00d7 870<\/td>\n<td>215<\/td>\n<td>445<\/td>\n<td>650<\/td>\n<td>325<\/td>\n<td>530<\/td>\n<td>162 \u00d7 560<\/td>\n<td>530 \u00d7 805<\/td>\n<\/tr>\n<tr>\n<td>CW 37 G1TB<\/td>\n<td>380 \u00d7 578 \u00d7 820<\/td>\n<td>435 \u00d7 655 \u00d7 870<\/td>\n<td>300<\/td>\n<td>445<\/td>\n<td>650<\/td>\n<td>325<\/td>\n<td>530<\/td>\n<td>247 \u00d7 560<\/td>\n<td>530 \u00d7 805<\/td>\n<\/tr>\n<tr>\n<td>CW 37 G2TB<\/td>\n<td>380 \u00d7 578 \u00d7 820<\/td>\n<td>435 \u00d7 655 \u00d7 870<\/td>\n<td>300<\/td>\n<td>445<\/td>\n<td>650<\/td>\n<td>325<\/td>\n<td>530<\/td>\n<td>247 \u00d7 560<\/td>\n<td>530 \u00d7 805<\/td>\n<\/tr>\n<\/tbody>\n<\/table>\n<div class=\"group _tableWrapper_1rjym_13 flex w-fit flex-col-reverse\"><\/div>\n<h3><strong>Tehni\u010dne lastnosti<\/strong><\/h3>\n<table>\n<thead>\n<tr>\n<th>Funkcija<\/th>\n<th>CW 20 G1TB<\/th>\n<th>CW 37 G1TB<\/th>\n<th>CW 37 G2TB<\/th>\n<\/tr>\n<\/thead>\n<tbody>\n<tr>\n<td>Temperaturno obmo\u010dje<\/td>\n<td>+2\u00b0C \/ +20\u00b0C<\/td>\n<td>+2\u00b0C \/ +20\u00b0C<\/td>\n<td>+2\u00b0C \/ +20\u00b0C<\/td>\n<\/tr>\n<tr>\n<td>Podnebni razred<\/td>\n<td>N-ST<\/td>\n<td>N-ST<\/td>\n<td>N-ST<\/td>\n<\/tr>\n<tr>\n<td>Neto \/ bruto obseg<\/td>\n<td>58 \/ 60 L<\/td>\n<td>85 \/ 88 L<\/td>\n<td>80 \/ 85 L<\/td>\n<\/tr>\n<tr>\n<td>Zunanje telo<\/td>\n<td>Predbarvana plo\u010devina z antikorozijsko za\u0161\u010dito<\/td>\n<td>Predbarvana plo\u010devina z antikorozijsko za\u0161\u010dito<\/td>\n<td>Predbarvana plo\u010devina z antikorozijsko za\u0161\u010dito<\/td>\n<\/tr>\n<tr>\n<td>Vrata<\/td>\n<td>\u010crno polno steklo<\/td>\n<td>\u010crno polno steklo<\/td>\n<td>\u010crno polno steklo<\/td>\n<\/tr>\n<tr>\n<td>Notranji vlo\u017eek<\/td>\n<td>ABS<\/td>\n<td>ABS<\/td>\n<td>ABS<\/td>\n<\/tr>\n<tr>\n<td>Termostat<\/td>\n<td>Elektronski zaslon na dotik<\/td>\n<td>Elektronski zaslon na dotik<\/td>\n<td>Elektronski zaslon na dotik<\/td>\n<\/tr>\n<tr>\n<td>Raven hrupa<\/td>\n<td>40 dB<\/td>\n<td>42 dB<\/td>\n<td>40 dB<\/td>\n<\/tr>\n<tr>\n<td>Debelina izolacije<\/td>\n<td>45 mm<\/td>\n<td>45 mm<\/td>\n<td>45 mm<\/td>\n<\/tr>\n<tr>\n<td>Odmrzovanje<\/td>\n<td>Samodejno (kompresor izklopljen)<\/td>\n<td>Samodejno (kompresor izklopljen)<\/td>\n<td>Samodejno (kompresor izklopljen)<\/td>\n<\/tr>\n<tr>\n<td>Razsvetljava<\/td>\n<td>1 navpi\u010dna LED dioda<\/td>\n<td>1 navpi\u010dna LED dioda<\/td>\n<td>1 navpi\u010dna LED dioda<\/td>\n<\/tr>\n<tr>\n<td>Zaklepanje in klju\u010d<\/td>\n<td>Da<\/td>\n<td>Da<\/td>\n<td>Da<\/td>\n<\/tr>\n<tr>\n<td>Reverzibilna vrata<\/td>\n<td>Da<\/td>\n<td>Da<\/td>\n<td>Da<\/td>\n<\/tr>\n<tr>\n<td>Police (WxD)<\/td>\n<td>5 \u00d7 447 \u00d7 199 + 1 \u00d7 296 \u00d7 203<\/td>\n<td>5 \u00d7 447 \u00d7 297 + 1 \u00d7 308 \u00d7 288<\/td>\n<td>5 \u00d7 447 \u00d7 297 + 1 \u00d7 308 \u00d7 288<\/td>\n<\/tr>\n<tr>\n<td>Kole\u0161\u010dki in noge<\/td>\n<td>4 noge<\/td>\n<td>4 noge<\/td>\n<td>4 noge<\/td>\n<\/tr>\n<tr>\n<td>Neto \/ bruto te\u017ea<\/td>\n<td>30 \/ 32 kg<\/td>\n<td>36 \/ 39 kg<\/td>\n<td>38 \/ 41 kg<\/td>\n<\/tr>\n<\/tbody>\n<\/table>\n<h3><strong>Elektri\u010dni podatki<\/strong><\/h3>\n<table>\n<thead>\n<tr>\n<th>Funkcija<\/th>\n<th>CW 20 G1TB<\/th>\n<th>CW 37 G1TB<\/th>\n<th>CW 37 G2TB<\/th>\n<\/tr>\n<\/thead>\n<tbody>\n<tr>\n<td>Napetost<\/td>\n<td>220 V<\/td>\n<td>220 V<\/td>\n<td>220 V<\/td>\n<\/tr>\n<tr>\n<td>Frekvenca<\/td>\n<td>50 Hz<\/td>\n<td>50 Hz<\/td>\n<td>50 Hz<\/td>\n<\/tr>\n<tr>\n<td>Hladilno sredstvo<\/td>\n<td>R600A<\/td>\n<td>R600A<\/td>\n<td>R600A<\/td>\n<\/tr>\n<tr>\n<td>Absorpcija energije<\/td>\n<td>65 W<\/td>\n<td>80 W<\/td>\n<td>80 W<\/td>\n<\/tr>\n<tr>\n<td>Poraba energije (24 ur)<\/td>\n<td>0,35 kWh<\/td>\n<td>0,39 kWh<\/td>\n<td>0,39 kWh<\/td>\n<\/tr>\n<\/tbody>\n<\/table>","protected":false},"excerpt":{"rendered":"<p>The CW 20 G1TB is a compact ventilated wine cooler with a full frameless glass door and removable wooden shelves. Designed for precise temperature control, it is ideal for wine enthusiasts and small professional settings. Key Features: Full glass frameless door Electronic thermostat Removable wooden shelves Ventilated cooling system Temperature range: +2\u00b0C to +20\u00b0C Automatic [&hellip;]<\/p>\n","protected":false},"featured_media":8991,"comment_status":"open","ping_status":"closed","template":"","meta":[],"product_brand":[],"product_cat":[49],"product_tag":[],"class_list":{"0":"post-8985","1":"product","2":"type-product","3":"status-publish","4":"has-post-thumbnail","6":"product_cat-wine-fridges","8":"first","9":"instock","10":"shipping-taxable","11":"product-type-simple"},"_links":{"self":[{"href":"https:\/\/dersuessestopp.com\/sl\/wp-json\/wp\/v2\/product\/8985","targetHints":{"allow":["GET"]}}],"collection":[{"href":"https:\/\/dersuessestopp.com\/sl\/wp-json\/wp\/v2\/product"}],"about":[{"href":"https:\/\/dersuessestopp.com\/sl\/wp-json\/wp\/v2\/types\/product"}],"replies":[{"embeddable":true,"href":"https:\/\/dersuessestopp.com\/sl\/wp-json\/wp\/v2\/comments?post=8985"}],"version-history":[{"count":3,"href":"https:\/\/dersuessestopp.com\/sl\/wp-json\/wp\/v2\/product\/8985\/revisions"}],"predecessor-version":[{"id":11521,"href":"https:\/\/dersuessestopp.com\/sl\/wp-json\/wp\/v2\/product\/8985\/revisions\/11521"}],"wp:featuredmedia":[{"embeddable":true,"href":"https:\/\/dersuessestopp.com\/sl\/wp-json\/wp\/v2\/media\/8991"}],"wp:attachment":[{"href":"https:\/\/dersuessestopp.com\/sl\/wp-json\/wp\/v2\/media?parent=8985"}],"wp:term":[{"taxonomy":"product_brand","embeddable":true,"href":"https:\/\/dersuessestopp.com\/sl\/wp-json\/wp\/v2\/product_brand?post=8985"},{"taxonomy":"product_cat","embeddable":true,"href":"https:\/\/dersuessestopp.com\/sl\/wp-json\/wp\/v2\/product_cat?post=8985"},{"taxonomy":"product_tag","embeddable":true,"href":"https:\/\/dersuessestopp.com\/sl\/wp-json\/wp\/v2\/product_tag?post=8985"}],"curies":[{"name":"wp","href":"https:\/\/api.w.org\/{rel}","templated":true}]}}