{"id":8978,"date":"2025-09-23T11:47:40","date_gmt":"2025-09-23T11:47:40","guid":{"rendered":"https:\/\/dersuessestopp.com\/?post_type=product&#038;p=8978"},"modified":"2025-10-08T20:07:45","modified_gmt":"2025-10-08T20:07:45","slug":"cv-180-bev","status":"publish","type":"product","link":"https:\/\/dersuessestopp.com\/sl\/product\/cv-180-bev\/","title":{"rendered":"CV 180 BEV"},"content":{"rendered":"<p data-start=\"174\" data-end=\"482\"><img fetchpriority=\"high\" decoding=\"async\" class=\"alignnone wp-image-11515 size-full\" src=\"https:\/\/dersuessestopp.com\/wp-content\/uploads\/2025\/09\/CV-180-BEV-Dettagli.jpg\" alt=\"\" width=\"2000\" height=\"600\" srcset=\"https:\/\/dersuessestopp.com\/wp-content\/uploads\/2025\/09\/CV-180-BEV-Dettagli.jpg 2000w, https:\/\/dersuessestopp.com\/wp-content\/uploads\/2025\/09\/CV-180-BEV-Dettagli-300x90.jpg 300w, https:\/\/dersuessestopp.com\/wp-content\/uploads\/2025\/09\/CV-180-BEV-Dettagli-1024x307.jpg 1024w, https:\/\/dersuessestopp.com\/wp-content\/uploads\/2025\/09\/CV-180-BEV-Dettagli-768x230.jpg 768w, https:\/\/dersuessestopp.com\/wp-content\/uploads\/2025\/09\/CV-180-BEV-Dettagli-1536x461.jpg 1536w, https:\/\/dersuessestopp.com\/wp-content\/uploads\/2025\/09\/CV-180-BEV-Dettagli-250x75.jpg 250w, https:\/\/dersuessestopp.com\/wp-content\/uploads\/2025\/09\/CV-180-BEV-Dettagli-600x180.jpg 600w\" sizes=\"(max-width: 2000px) 100vw, 2000px\" \/><\/p>\n<p data-start=\"174\" data-end=\"482\">Spletna stran <strong data-start=\"178\" data-end=\"192\">CV 180 BEV<\/strong> je <strong data-start=\"198\" data-end=\"228\">prezra\u010devani hladilnik za pija\u010do<\/strong> s sodobnim <strong data-start=\"243\" data-end=\"272\">polna steklena vrata brez okvirja<\/strong>, elektronski termostat in dodatne lesene police. Zasnovan za <strong data-start=\"339\" data-end=\"391\">bari, restavracije, prodajalne in kavarne.<\/strong>, zagotavlja natan\u010den nadzor temperature in u\u010dinkovito shranjevanje za <strong data-start=\"459\" data-end=\"479\">steklenice in plo\u010devinke<\/strong>.<\/p>\n<h2 data-start=\"911\" data-end=\"922\"><strong>Zmogljivost<\/strong><\/h2>\n<div class=\"_tableContainer_1rjym_1\">\n<div class=\"group _tableWrapper_1rjym_13 flex w-fit flex-col-reverse\">\n<table>\n<thead>\n<tr>\n<th>Model<\/th>\n<th>75 cl steklenice<\/th>\n<th>33 cl steklenice<\/th>\n<th>33 cl plo\u010devink<\/th>\n<th>Opombe<\/th>\n<\/tr>\n<\/thead>\n<tbody>\n<tr>\n<td>CV 180 BEV<\/td>\n<td>160<\/td>\n<td>280<\/td>\n<td>630<\/td>\n<td>Zmogljivost se lahko razlikuje glede na embala\u017eo.<\/td>\n<\/tr>\n<\/tbody>\n<\/table>\n<h2 data-start=\"1244\" data-end=\"1257\"><strong>Dimenzije<\/strong><\/h2>\n<table>\n<thead>\n<tr>\n<th>Opis<\/th>\n<th>Meritev (mm)<\/th>\n<\/tr>\n<\/thead>\n<tbody>\n<tr>\n<td>Zunanje mere (\u0160xVxV)<\/td>\n<td>595 \u00d7 700 \u00d7 1804<\/td>\n<\/tr>\n<tr>\n<td>Dimenzije embala\u017ee (\u0160xVxV)<\/td>\n<td>645 \u00d7 770 \u00d7 1996<\/td>\n<\/tr>\n<tr>\n<td>Notranja \u0161irina (A)<\/td>\n<td>500<\/td>\n<\/tr>\n<tr>\n<td>Notranja globina (B)<\/td>\n<td>540<\/td>\n<\/tr>\n<tr>\n<td>Notranja vi\u0161ina (C)<\/td>\n<td>1630<\/td>\n<\/tr>\n<tr>\n<td>Najmanj\u0161a globina (D)<\/td>\n<td>380<\/td>\n<\/tr>\n<tr>\n<td>Najmanj\u0161a vi\u0161ina (E)<\/td>\n<td>1420<\/td>\n<\/tr>\n<tr>\n<td>Stranska nalepka<\/td>\n<td>648 \u00d7 1785<\/td>\n<\/tr>\n<tr>\n<td>Steklena nalepka<\/td>\n<td>462 \u00d7 1580<\/td>\n<\/tr>\n<\/tbody>\n<\/table>\n<div><\/div>\n<div class=\"_tableContainer_1rjym_1\">\n<div class=\"group _tableWrapper_1rjym_13 flex w-fit flex-col-reverse\">\n<h2 data-start=\"1642\" data-end=\"1663\"><strong>Tehni\u010dne lastnosti<\/strong><\/h2>\n<div class=\"_tableContainer_1rjym_1\">\n<div class=\"group _tableWrapper_1rjym_13 flex w-fit flex-col-reverse\">\n<table>\n<thead>\n<tr>\n<th>Funkcija<\/th>\n<th>Specifikacija<\/th>\n<\/tr>\n<\/thead>\n<tbody>\n<tr>\n<td>Temperaturno obmo\u010dje<\/td>\n<td>0\u00b0C \/ +10\u00b0C<\/td>\n<\/tr>\n<tr>\n<td>Podnebni razred<\/td>\n<td>4<\/td>\n<\/tr>\n<tr>\n<td>Neto \/ bruto obseg<\/td>\n<td>409 \/ 425 L<\/td>\n<\/tr>\n<tr>\n<td>Zunanje telo<\/td>\n<td>Predbarvana plo\u010devina z antikorozijsko obdelavo<\/td>\n<\/tr>\n<tr>\n<td>Vrata<\/td>\n<td>\u010crno polno steklo<\/td>\n<\/tr>\n<tr>\n<td>Notranji vlo\u017eek<\/td>\n<td>ABS<\/td>\n<\/tr>\n<tr>\n<td>Termostat<\/td>\n<td>Elektronska stran<\/td>\n<\/tr>\n<tr>\n<td>Raven hrupa<\/td>\n<td>44 dB<\/td>\n<\/tr>\n<tr>\n<td>Debelina izolacije<\/td>\n<td>55 mm<\/td>\n<\/tr>\n<tr>\n<td>Sistem za odmrzovanje<\/td>\n<td>Samodejno (izklop kompresorja) + ro\u010dno<\/td>\n<\/tr>\n<tr>\n<td>Razsvetljava<\/td>\n<td>2 navpi\u010dni + 1 vodoravna LED dioda<\/td>\n<\/tr>\n<tr>\n<td>Zaklepanje in klju\u010d<\/td>\n<td>Da<\/td>\n<\/tr>\n<tr>\n<td>Reverzibilna vrata<\/td>\n<td>Da<\/td>\n<\/tr>\n<tr>\n<td>Police (WxD)<\/td>\n<td>5 \u00d7 478 \u00d7 536 mm<\/td>\n<\/tr>\n<tr>\n<td>Ko\u0161arica (\u0160xVxV)<\/td>\n<td>1 \u00d7 481 \u00d7 381 \u00d7 136 mm<\/td>\n<\/tr>\n<tr>\n<td>Lesene police<\/td>\n<td>Izbirno<\/td>\n<\/tr>\n<tr>\n<td>Kole\u0161\u010dki in noge<\/td>\n<td>4 noge<\/td>\n<\/tr>\n<\/tbody>\n<\/table>\n<h2 data-start=\"2311\" data-end=\"2329\"><strong>Elektri\u010dni podatki<\/strong><\/h2>\n<div class=\"_tableContainer_1rjym_1\">\n<div class=\"group _tableWrapper_1rjym_13 flex w-fit flex-col-reverse\">\n<table>\n<thead>\n<tr>\n<th>Specifikacija<\/th>\n<th>Vrednost<\/th>\n<\/tr>\n<\/thead>\n<tbody>\n<tr>\n<td>Napetost<\/td>\n<td>220 V<\/td>\n<\/tr>\n<tr>\n<td>Frekvenca<\/td>\n<td>50 Hz<\/td>\n<\/tr>\n<tr>\n<td>Hladilno sredstvo<\/td>\n<td>R600A<\/td>\n<\/tr>\n<tr>\n<td>Absorpcija energije<\/td>\n<td>118 W<\/td>\n<\/tr>\n<tr>\n<td>Poraba energije (24 ur)<\/td>\n<td>0,425 kWh<\/td>\n<\/tr>\n<tr>\n<td>Neto \/ bruto te\u017ea<\/td>\n<td>98 \/ 116 kg<\/td>\n<\/tr>\n<\/tbody>\n<\/table>\n<\/div>\n<\/div>\n<\/div>\n<\/div>\n<\/div>\n<\/div>\n<\/div>\n<\/div>","protected":false},"excerpt":{"rendered":"<p>The CV 180 BEV is a ventilated beverage cooler with a modern full glass frameless door, electronic thermostat, and optional wooden shelves. Designed for bars, restaurants, convenience stores, and caf\u00e9s, it provides precise temperature control and efficient storage for bottles and cans. Capacity Model 75 cl Bottles 33 cl Bottles 33 cl Cans Notes CV [&hellip;]<\/p>\n","protected":false},"featured_media":8983,"comment_status":"open","ping_status":"closed","template":"","meta":[],"product_brand":[],"product_cat":[49],"product_tag":[],"class_list":{"0":"post-8978","1":"product","2":"type-product","3":"status-publish","4":"has-post-thumbnail","6":"product_cat-wine-fridges","8":"first","9":"instock","10":"shipping-taxable","11":"product-type-simple"},"_links":{"self":[{"href":"https:\/\/dersuessestopp.com\/sl\/wp-json\/wp\/v2\/product\/8978","targetHints":{"allow":["GET"]}}],"collection":[{"href":"https:\/\/dersuessestopp.com\/sl\/wp-json\/wp\/v2\/product"}],"about":[{"href":"https:\/\/dersuessestopp.com\/sl\/wp-json\/wp\/v2\/types\/product"}],"replies":[{"embeddable":true,"href":"https:\/\/dersuessestopp.com\/sl\/wp-json\/wp\/v2\/comments?post=8978"}],"version-history":[{"count":3,"href":"https:\/\/dersuessestopp.com\/sl\/wp-json\/wp\/v2\/product\/8978\/revisions"}],"predecessor-version":[{"id":11516,"href":"https:\/\/dersuessestopp.com\/sl\/wp-json\/wp\/v2\/product\/8978\/revisions\/11516"}],"wp:featuredmedia":[{"embeddable":true,"href":"https:\/\/dersuessestopp.com\/sl\/wp-json\/wp\/v2\/media\/8983"}],"wp:attachment":[{"href":"https:\/\/dersuessestopp.com\/sl\/wp-json\/wp\/v2\/media?parent=8978"}],"wp:term":[{"taxonomy":"product_brand","embeddable":true,"href":"https:\/\/dersuessestopp.com\/sl\/wp-json\/wp\/v2\/product_brand?post=8978"},{"taxonomy":"product_cat","embeddable":true,"href":"https:\/\/dersuessestopp.com\/sl\/wp-json\/wp\/v2\/product_cat?post=8978"},{"taxonomy":"product_tag","embeddable":true,"href":"https:\/\/dersuessestopp.com\/sl\/wp-json\/wp\/v2\/product_tag?post=8978"}],"curies":[{"name":"wp","href":"https:\/\/api.w.org\/{rel}","templated":true}]}}