{"id":7463,"date":"2025-09-01T08:58:44","date_gmt":"2025-09-01T08:58:44","guid":{"rendered":"https:\/\/dersuessestopp.com\/?post_type=product&#038;p=7463"},"modified":"2025-09-01T08:58:44","modified_gmt":"2025-09-01T08:58:44","slug":"predor","status":"publish","type":"product","link":"https:\/\/dersuessestopp.com\/sl\/product\/tunnel\/","title":{"rendered":"Predor"},"content":{"rendered":"<p data-start=\"98\" data-end=\"343\">Spletna stran <strong data-start=\"102\" data-end=\"127\">Hladilni predor Bilait<\/strong> je zasnovan tako, da <strong data-start=\"143\" data-end=\"194\">hitro in u\u010dinkovito hlajenje \u010dokoladnih izdelkov.<\/strong>, ki zagotavlja, da <strong data-start=\"205\" data-end=\"232\">enakomerna kristalizacija<\/strong> in visokokakovosten kon\u010dni izdelek. Idealen je za velike laboratorije in majhno do srednjo industrijsko proizvodnjo.<\/p>\n<h2 data-start=\"701\" data-end=\"718\">Klju\u010dne lastnosti<\/h2>\n<ul data-start=\"720\" data-end=\"1017\">\n<li data-start=\"720\" data-end=\"772\">\n<p data-start=\"722\" data-end=\"772\">Hitro in enakomerno hlajenje \u010dokoladnih izdelkov<\/p>\n<\/li>\n<li data-start=\"773\" data-end=\"808\">\n<p data-start=\"775\" data-end=\"808\">Dosledni rezultati brez napak<\/p>\n<\/li>\n<li data-start=\"809\" data-end=\"872\">\n<p data-start=\"811\" data-end=\"872\"><strong data-start=\"811\" data-end=\"838\">Energetsko u\u010dinkovita zasnova<\/strong> zmanj\u0161a porabo elektri\u010dne energije.<\/p>\n<\/li>\n<li data-start=\"873\" data-end=\"952\">\n<p data-start=\"875\" data-end=\"952\"><strong data-start=\"875\" data-end=\"907\">Konstrukcija iz nerjave\u010dega jekla<\/strong> za vzdr\u017eljivost, higieno in enostavno \u010di\u0161\u010denje<\/p>\n<\/li>\n<li data-start=\"953\" data-end=\"1017\">\n<p data-start=\"955\" data-end=\"1017\">Na voljo so prilagodljive mo\u017enosti (dol\u017eina, \u0161irina traku, napetost)<\/p>\n<\/li>\n<\/ul>\n<h2 data-start=\"1024\" data-end=\"1053\">Tehni\u010dne specifikacije<\/h2>\n<table>\n<thead>\n<tr>\n<th>Funkcija<\/th>\n<th>Podrobnosti<\/th>\n<\/tr>\n<\/thead>\n<tbody>\n<tr>\n<td><strong>Dol\u017eine hladilnega obmo\u010dja<\/strong><\/td>\n<td>4 \/ 6 \/ 8 \/ 10 \/ 12 m<\/td>\n<\/tr>\n<tr>\n<td><strong>\u0160irina traku<\/strong><\/td>\n<td>220 mm \/ 300 mm \/ 400 mm (po meri)<\/td>\n<\/tr>\n<tr>\n<td><strong>Primerno za<\/strong><\/td>\n<td>Veliki laboratoriji in majhne ter srednje velike industrije<\/td>\n<\/tr>\n<tr>\n<td><strong>Gradbeni\u0161tvo<\/strong><\/td>\n<td>Iz nerjave\u010dega jekla<\/td>\n<\/tr>\n<tr>\n<td><strong>Mo\u017enosti napetosti<\/strong><\/td>\n<td>Prilagodljiv na 220 V trifazno napetost - 50\/60 Hz<\/td>\n<\/tr>\n<tr>\n<td><strong>Energetska u\u010dinkovitost<\/strong><\/td>\n<td>Optimizirana zasnova za zmanj\u0161anje porabe<\/td>\n<\/tr>\n<\/tbody>\n<\/table>","protected":false},"excerpt":{"rendered":"<p>The Bilait Cooling Tunnel is designed to rapidly and effectively cool chocolate products, ensuring uniform crystallization and a high-quality finished product. Ideal for large laboratories and small-to-medium industrial production. Key Features Rapid and uniform cooling for chocolate products Consistent, defect-free results Energy-efficient design reduces electricity consumption Stainless steel construction for durability, hygiene, and easy cleaning [&hellip;]<\/p>\n","protected":false},"featured_media":7464,"comment_status":"open","ping_status":"closed","template":"","meta":[],"product_brand":[],"product_cat":[56],"product_tag":[],"class_list":{"0":"post-7463","1":"product","2":"type-product","3":"status-publish","4":"has-post-thumbnail","6":"product_cat-cooling-tunnel","8":"first","9":"instock","10":"shipping-taxable","11":"product-type-simple"},"_links":{"self":[{"href":"https:\/\/dersuessestopp.com\/sl\/wp-json\/wp\/v2\/product\/7463","targetHints":{"allow":["GET"]}}],"collection":[{"href":"https:\/\/dersuessestopp.com\/sl\/wp-json\/wp\/v2\/product"}],"about":[{"href":"https:\/\/dersuessestopp.com\/sl\/wp-json\/wp\/v2\/types\/product"}],"replies":[{"embeddable":true,"href":"https:\/\/dersuessestopp.com\/sl\/wp-json\/wp\/v2\/comments?post=7463"}],"version-history":[{"count":2,"href":"https:\/\/dersuessestopp.com\/sl\/wp-json\/wp\/v2\/product\/7463\/revisions"}],"predecessor-version":[{"id":7476,"href":"https:\/\/dersuessestopp.com\/sl\/wp-json\/wp\/v2\/product\/7463\/revisions\/7476"}],"wp:featuredmedia":[{"embeddable":true,"href":"https:\/\/dersuessestopp.com\/sl\/wp-json\/wp\/v2\/media\/7464"}],"wp:attachment":[{"href":"https:\/\/dersuessestopp.com\/sl\/wp-json\/wp\/v2\/media?parent=7463"}],"wp:term":[{"taxonomy":"product_brand","embeddable":true,"href":"https:\/\/dersuessestopp.com\/sl\/wp-json\/wp\/v2\/product_brand?post=7463"},{"taxonomy":"product_cat","embeddable":true,"href":"https:\/\/dersuessestopp.com\/sl\/wp-json\/wp\/v2\/product_cat?post=7463"},{"taxonomy":"product_tag","embeddable":true,"href":"https:\/\/dersuessestopp.com\/sl\/wp-json\/wp\/v2\/product_tag?post=7463"}],"curies":[{"name":"wp","href":"https:\/\/api.w.org\/{rel}","templated":true}]}}