{"id":7459,"date":"2025-09-01T08:14:18","date_gmt":"2025-09-01T08:14:18","guid":{"rendered":"https:\/\/dersuessestopp.com\/?post_type=product&#038;p=7459"},"modified":"2025-09-24T21:57:28","modified_gmt":"2025-09-24T21:57:28","slug":"6795-c","status":"publish","type":"product","link":"https:\/\/dersuessestopp.com\/sl\/product\/6795-c\/","title":{"rendered":"6795-C"},"content":{"rendered":"<p data-start=\"153\" data-end=\"445\">Spletna stran <strong data-start=\"157\" data-end=\"176\">Spaceman 6795-C<\/strong> je <strong data-start=\"182\" data-end=\"247\">talni model zamrzovalnika za zamrznjene pija\u010de z visoko zmogljivostjo in dvema okusoma<\/strong>, zasnovan za postopke z velikim \u0161tevilom pija\u010d. Odli\u010den je za bare, restavracije in gostinske lokale, saj u\u010dinkovito postre\u017ee <strong data-start=\"375\" data-end=\"420\">alkoholne in brezalkoholne zamrznjene pija\u010de<\/strong>, vklju\u010dno z mle\u010dnimi koktajli.<\/p>\n<p data-start=\"447\" data-end=\"728\">Predstavljamo <strong data-start=\"457\" data-end=\"489\">prozorna vrata za doziranje<\/strong>, <strong data-start=\"491\" data-end=\"511\">hitro zamrznitev<\/strong>, in <strong data-start=\"517\" data-end=\"537\">me\u0161alniki za lijak<\/strong>, 6795-C zagotavlja stalno kakovost izdelkov in hitro storitev. Opcijske funkcije vklju\u010dujejo <strong data-start=\"632\" data-end=\"661\">enoro\u010dno upravljan vrtiljak<\/strong> in . <strong data-start=\"666\" data-end=\"679\">svetlobna \u0161katla<\/strong> za ve\u010djo produktivnost in privla\u010dnost za stranke.<\/p>\n<h2 data-start=\"735\" data-end=\"752\">Klju\u010dne lastnosti<\/h2>\n<ul data-start=\"754\" data-end=\"1408\">\n<li data-start=\"754\" data-end=\"820\">\n<p data-start=\"756\" data-end=\"820\"><strong data-start=\"756\" data-end=\"782\">Talni model z dvema okusoma<\/strong> za zamrznjene pija\u010de in mle\u010dne napitke<\/p>\n<\/li>\n<li data-start=\"821\" data-end=\"884\">\n<p data-start=\"823\" data-end=\"884\"><strong data-start=\"823\" data-end=\"855\">Prozorna vrata za doziranje<\/strong> pove\u010danje prepoznavnosti izdelkov<\/p>\n<\/li>\n<li data-start=\"885\" data-end=\"954\">\n<p data-start=\"887\" data-end=\"954\"><strong data-start=\"887\" data-end=\"907\">Hitro zamrzovanje<\/strong> s patentiranim visoko u\u010dinkovitim izmenjevalnikom toplote<\/p>\n<\/li>\n<li data-start=\"955\" data-end=\"1009\">\n<p data-start=\"957\" data-end=\"1009\"><strong data-start=\"957\" data-end=\"984\">Indikator nizke koli\u010dine me\u0161anice<\/strong> opozorila ob pomanjkanju me\u0161anice<\/p>\n<\/li>\n<li data-start=\"1010\" data-end=\"1082\">\n<p data-start=\"1012\" data-end=\"1082\"><strong data-start=\"1012\" data-end=\"1051\">Hladilni lijaki z me\u0161alniki<\/strong> ohranjanje skladnosti izdelkov.<\/p>\n<\/li>\n<li data-start=\"1083\" data-end=\"1142\">\n<p data-start=\"1085\" data-end=\"1142\"><strong data-start=\"1085\" data-end=\"1101\">Na\u010din pripravljenosti<\/strong> me\u0161anico \u010dez no\u010d hranite pri temperaturi pod 4,4 \u00b0C.<\/p>\n<\/li>\n<li data-start=\"1143\" data-end=\"1198\">\n<p data-start=\"1145\" data-end=\"1198\"><strong data-start=\"1145\" data-end=\"1179\">Samodejno zapiranje dozirnih ventilov<\/strong> prepre\u010devanje prelivanja<\/p>\n<\/li>\n<li data-start=\"1199\" data-end=\"1268\">\n<p data-start=\"1201\" data-end=\"1268\"><strong data-start=\"1201\" data-end=\"1223\">Varnostna za\u0161\u010dita<\/strong>: Visokotla\u010dno stikalo in toplotna preobremenitev<\/p>\n<\/li>\n<li data-start=\"1269\" data-end=\"1341\">\n<p data-start=\"1271\" data-end=\"1341\"><strong data-start=\"1271\" data-end=\"1309\">Izbirno enoro\u010dno upravljanje vrtiljaka<\/strong> za me\u0161anje in ve\u010dopravilnost<\/p>\n<\/li>\n<li data-start=\"1342\" data-end=\"1408\">\n<p data-start=\"1344\" data-end=\"1408\"><strong data-start=\"1344\" data-end=\"1366\">Izbirna svetlobna \u0161katla<\/strong> za osvetljene kartice okusov in opozorila<\/p>\n<\/li>\n<\/ul>\n<h2 data-start=\"1415\" data-end=\"1434\">Specifikacije<\/h2>\n<table>\n<thead>\n<tr>\n<th><strong>Model<\/strong><\/th>\n<th>Spaceman 6795-C<\/th>\n<\/tr>\n<\/thead>\n<tbody>\n<tr>\n<td><strong>Okusi<\/strong><\/td>\n<td>2<\/td>\n<\/tr>\n<tr>\n<td><strong>Zamrzovanje jeklenk<\/strong><\/td>\n<td>2 \u00d7 6,9 L (7,3 qt)<\/td>\n<\/tr>\n<tr>\n<td><strong>Me\u0161alniki za me\u0161anico<\/strong><\/td>\n<td>2 \u00d7 12 L (12,7 qt)<\/td>\n<\/tr>\n<tr>\n<td><strong>Izhodna zmogljivost (250 ml)<\/strong><\/td>\n<td>480 obrokov\/uro<\/td>\n<\/tr>\n<tr>\n<td><strong>Nadzorni sistem<\/strong><\/td>\n<td>Mehanski, 2 enoti<\/td>\n<\/tr>\n<tr>\n<td><strong>Dozirni ventili<\/strong><\/td>\n<td>Samodejno zapiranje<\/td>\n<\/tr>\n<tr>\n<td><strong>me\u0161alniki za lijak<\/strong><\/td>\n<td>Da<\/td>\n<\/tr>\n<tr>\n<td><strong>Na\u010din pripravljenosti<\/strong><\/td>\n<td>Da (vzdr\u017euje me\u0161anico pod 4,4 \u00b0C)<\/td>\n<\/tr>\n<tr>\n<td><strong>Varnostne funkcije<\/strong><\/td>\n<td>Za\u0161\u010dita pred visokim tlakom, za\u0161\u010dita pred toplotno preobremenitvijo<\/td>\n<\/tr>\n<\/tbody>\n<\/table>\n<h2 data-start=\"1925\" data-end=\"1949\">Dimenzije in te\u017ea<\/h2>\n<div class=\"_tableContainer_1rjym_1\">\n<div class=\"_tableWrapper_1rjym_13 group flex w-fit flex-col-reverse\">\n<table>\n<thead>\n<tr>\n<th><strong>Merjenje<\/strong><\/th>\n<th><strong>Neto (mm \/ in)<\/strong><\/th>\n<th><strong>Dostava (mm \/ in)<\/strong><\/th>\n<\/tr>\n<\/thead>\n<tbody>\n<tr>\n<td>\u0160irina<\/td>\n<td>553 mm \/ 21,8 palca<\/td>\n<td>710 mm \/ 28,0 in<\/td>\n<\/tr>\n<tr>\n<td>Globina<\/td>\n<td>651 mm \/ 25,6 palca<\/td>\n<td>830 mm \/ 32,7 palca<\/td>\n<\/tr>\n<tr>\n<td>Vi\u0161ina<\/td>\n<td>1497 mm \/ 58,9 palca<\/td>\n<td>1670 mm \/ 65,7 palca<\/td>\n<\/tr>\n<tr>\n<td>Te\u017ea<\/td>\n<td>250 kg \/ 551 lb<\/td>\n<td>270 kg \/ 595 funtov<\/td>\n<\/tr>\n<tr>\n<td>Zvezek<\/td>\n<td>0,98 CBM \/ 34,75 CBF<\/td>\n<td>&#8211;<\/td>\n<\/tr>\n<\/tbody>\n<\/table>\n<h2 data-start=\"2318\" data-end=\"2333\">Elektri\u010dni<\/h2>\n<div class=\"_tableContainer_1rjym_1\">\n<div class=\"_tableWrapper_1rjym_13 group flex w-fit flex-col-reverse\">\n<table>\n<thead>\n<tr>\n<th><strong>Napetost<\/strong><\/th>\n<th><strong>Mo\u010d (kW)<\/strong><\/th>\n<th><strong>Skupni amperi (A)<\/strong><\/th>\n<th><strong>Varovalka (A)<\/strong><\/th>\n<\/tr>\n<\/thead>\n<tbody>\n<tr>\n<td>220-240V \/ 50Hz \/ 1Ph<\/td>\n<td>4.6<\/td>\n<td>22<\/td>\n<td>30<\/td>\n<\/tr>\n<tr>\n<td>208-230V \/ 60Hz \/ 1Ph<\/td>\n<td>5.0<\/td>\n<td>24<\/td>\n<td>35<\/td>\n<\/tr>\n<\/tbody>\n<\/table>\n<\/div>\n<\/div>\n<\/div>\n<\/div>","protected":false},"excerpt":{"rendered":"<p>The Spaceman 6795-C is a high-capacity, two-flavor floor model frozen beverage freezer, designed for high-volume beverage operations. Perfect for bars, restaurants, and foodservice locations, it efficiently serves alcoholic and non-alcoholic frozen drinks, including milkshakes. Featuring see-through dispensing doors, fast freeze down, and hopper agitators, the 6795-C ensures consistent product quality and quick service. Optional features [&hellip;]<\/p>\n","protected":false},"featured_media":7460,"comment_status":"open","ping_status":"closed","template":"","meta":[],"product_brand":[],"product_cat":[55,67],"product_tag":[],"class_list":{"0":"post-7459","1":"product","2":"type-product","3":"status-publish","4":"has-post-thumbnail","6":"product_cat-frozen-drinks-machines","7":"product_cat-professional-frozen-drink-maschines","9":"first","10":"instock","11":"shipping-taxable","12":"product-type-simple"},"_links":{"self":[{"href":"https:\/\/dersuessestopp.com\/sl\/wp-json\/wp\/v2\/product\/7459","targetHints":{"allow":["GET"]}}],"collection":[{"href":"https:\/\/dersuessestopp.com\/sl\/wp-json\/wp\/v2\/product"}],"about":[{"href":"https:\/\/dersuessestopp.com\/sl\/wp-json\/wp\/v2\/types\/product"}],"replies":[{"embeddable":true,"href":"https:\/\/dersuessestopp.com\/sl\/wp-json\/wp\/v2\/comments?post=7459"}],"version-history":[{"count":2,"href":"https:\/\/dersuessestopp.com\/sl\/wp-json\/wp\/v2\/product\/7459\/revisions"}],"predecessor-version":[{"id":7462,"href":"https:\/\/dersuessestopp.com\/sl\/wp-json\/wp\/v2\/product\/7459\/revisions\/7462"}],"wp:featuredmedia":[{"embeddable":true,"href":"https:\/\/dersuessestopp.com\/sl\/wp-json\/wp\/v2\/media\/7460"}],"wp:attachment":[{"href":"https:\/\/dersuessestopp.com\/sl\/wp-json\/wp\/v2\/media?parent=7459"}],"wp:term":[{"taxonomy":"product_brand","embeddable":true,"href":"https:\/\/dersuessestopp.com\/sl\/wp-json\/wp\/v2\/product_brand?post=7459"},{"taxonomy":"product_cat","embeddable":true,"href":"https:\/\/dersuessestopp.com\/sl\/wp-json\/wp\/v2\/product_cat?post=7459"},{"taxonomy":"product_tag","embeddable":true,"href":"https:\/\/dersuessestopp.com\/sl\/wp-json\/wp\/v2\/product_tag?post=7459"}],"curies":[{"name":"wp","href":"https:\/\/api.w.org\/{rel}","templated":true}]}}