{"id":7452,"date":"2025-09-01T08:11:35","date_gmt":"2025-09-01T08:11:35","guid":{"rendered":"https:\/\/dersuessestopp.com\/?post_type=product&#038;p=7452"},"modified":"2025-09-24T21:57:49","modified_gmt":"2025-09-24T21:57:49","slug":"6695-c","status":"publish","type":"product","link":"https:\/\/dersuessestopp.com\/sl\/product\/6695-c\/","title":{"rendered":"6695-C"},"content":{"rendered":"<p data-start=\"161\" data-end=\"436\">Spletna stran <strong data-start=\"165\" data-end=\"184\">Spaceman 6695-C<\/strong> je <strong data-start=\"190\" data-end=\"254\">zamrzovalnik za zamrznjene pija\u010de z veliko zmogljivostjo in dvema okusoma<\/strong>, kot nala\u0161\u010d za natrpane bare, restavracije in prodajalne pija\u010d z velikim \u0161tevilom obiskovalcev. Slu\u017ei <strong data-start=\"336\" data-end=\"381\">alkoholne in brezalkoholne zamrznjene pija\u010de<\/strong>, vklju\u010dno z mle\u010dnimi koktajli, u\u010dinkovito in dosledno.<\/p>\n<p data-start=\"438\" data-end=\"792\">Zna\u010dilnosti modela 6695-C <strong data-start=\"458\" data-end=\"490\">prozorna vrata za doziranje<\/strong>, <strong data-start=\"492\" data-end=\"512\">hitro zamrznitev<\/strong>, in <strong data-start=\"518\" data-end=\"538\">me\u0161alniki za lijak<\/strong> za ohranjanje popolne konsistence izdelka. Njegova <strong data-start=\"584\" data-end=\"613\">mehanski nadzorni sistem<\/strong> omogo\u010da enostavno upravljanje in natan\u010dno nastavitev viskoznosti. Opcijske funkcije vklju\u010dujejo <strong data-start=\"698\" data-end=\"727\">enoro\u010dno upravljan vrtiljak<\/strong> in . <strong data-start=\"732\" data-end=\"745\">svetlobna \u0161katla<\/strong> za ve\u010djo produktivnost in vizualno privla\u010dnost.<\/p>\n<h2 data-start=\"799\" data-end=\"816\">Klju\u010dne lastnosti<\/h2>\n<ul data-start=\"818\" data-end=\"1477\">\n<li data-start=\"818\" data-end=\"889\">\n<p data-start=\"820\" data-end=\"889\"><strong data-start=\"820\" data-end=\"851\">Model pulta z dvema okusoma<\/strong> za zamrznjene pija\u010de in mle\u010dne napitke<\/p>\n<\/li>\n<li data-start=\"890\" data-end=\"953\">\n<p data-start=\"892\" data-end=\"953\"><strong data-start=\"892\" data-end=\"924\">Prozorna vrata za doziranje<\/strong> pove\u010danje prepoznavnosti izdelkov<\/p>\n<\/li>\n<li data-start=\"954\" data-end=\"1023\">\n<p data-start=\"956\" data-end=\"1023\"><strong data-start=\"956\" data-end=\"976\">Hitro zamrzovanje<\/strong> s patentiranim visoko u\u010dinkovitim izmenjevalnikom toplote<\/p>\n<\/li>\n<li data-start=\"1024\" data-end=\"1078\">\n<p data-start=\"1026\" data-end=\"1078\"><strong data-start=\"1026\" data-end=\"1053\">Indikator nizke koli\u010dine me\u0161anice<\/strong> opozorila ob pomanjkanju me\u0161anice<\/p>\n<\/li>\n<li data-start=\"1079\" data-end=\"1149\">\n<p data-start=\"1081\" data-end=\"1149\"><strong data-start=\"1081\" data-end=\"1120\">Hladilni lijaki z me\u0161alniki<\/strong> prepre\u010devanje lo\u010devanja izdelkov<\/p>\n<\/li>\n<li data-start=\"1150\" data-end=\"1210\">\n<p data-start=\"1152\" data-end=\"1210\"><strong data-start=\"1152\" data-end=\"1168\">Na\u010din pripravljenosti<\/strong> ohranja temperaturo izdelka \u010dez no\u010d.<\/p>\n<\/li>\n<li data-start=\"1211\" data-end=\"1266\">\n<p data-start=\"1213\" data-end=\"1266\"><strong data-start=\"1213\" data-end=\"1247\">Samodejno zapiranje dozirnih ventilov<\/strong> prepre\u010devanje prelivanja<\/p>\n<\/li>\n<li data-start=\"1267\" data-end=\"1336\">\n<p data-start=\"1269\" data-end=\"1336\"><strong data-start=\"1269\" data-end=\"1291\">Varnostna za\u0161\u010dita<\/strong>: Visokotla\u010dno stikalo in toplotna preobremenitev<\/p>\n<\/li>\n<li data-start=\"1337\" data-end=\"1410\">\n<p data-start=\"1339\" data-end=\"1410\"><strong data-start=\"1339\" data-end=\"1377\">Izbirno enoro\u010dno upravljanje vrtiljaka<\/strong> za ve\u010dopravilnost in me\u0161anje<\/p>\n<\/li>\n<li data-start=\"1411\" data-end=\"1477\">\n<p data-start=\"1413\" data-end=\"1477\"><strong data-start=\"1413\" data-end=\"1435\">Izbirna svetlobna \u0161katla<\/strong> za osvetljene kartice okusov in opozorila<\/p>\n<\/li>\n<\/ul>\n<h2 data-start=\"1484\" data-end=\"1503\">Specifikacije<\/h2>\n<table>\n<thead>\n<tr>\n<th><strong>Model<\/strong><\/th>\n<th>Spaceman 6695-C<\/th>\n<\/tr>\n<\/thead>\n<tbody>\n<tr>\n<td><strong>Okusi<\/strong><\/td>\n<td>2<\/td>\n<\/tr>\n<tr>\n<td><strong>Zamrzovanje jeklenk<\/strong><\/td>\n<td>2 \u00d7 6,9 L (7,3 qt)<\/td>\n<\/tr>\n<tr>\n<td><strong>Me\u0161alniki za me\u0161anico<\/strong><\/td>\n<td>2 \u00d7 12 L (12,7 qt)<\/td>\n<\/tr>\n<tr>\n<td><strong>Izhodna zmogljivost (250 ml)<\/strong><\/td>\n<td>320 obrokov\/uro<\/td>\n<\/tr>\n<tr>\n<td><strong>Nadzorni sistem<\/strong><\/td>\n<td>Mehanski, 2 enoti<\/td>\n<\/tr>\n<tr>\n<td><strong>Dozirni ventili<\/strong><\/td>\n<td>Samodejno zapiranje<\/td>\n<\/tr>\n<tr>\n<td><strong>me\u0161alniki za lijak<\/strong><\/td>\n<td>Da<\/td>\n<\/tr>\n<tr>\n<td><strong>Na\u010din pripravljenosti<\/strong><\/td>\n<td>Da (vzdr\u017euje me\u0161anico pod 4,4 \u00b0C)<\/td>\n<\/tr>\n<tr>\n<td><strong>Varnostne funkcije<\/strong><\/td>\n<td>Za\u0161\u010dita pred visokim tlakom, za\u0161\u010dita pred toplotno preobremenitvijo<\/td>\n<\/tr>\n<\/tbody>\n<\/table>\n<h2 data-start=\"1994\" data-end=\"2018\">Dimenzije in te\u017ea<\/h2>\n<div class=\"_tableContainer_1rjym_1\">\n<div class=\"_tableWrapper_1rjym_13 group flex w-fit flex-col-reverse\">\n<table>\n<thead>\n<tr>\n<th><strong>Merjenje<\/strong><\/th>\n<th><strong>Neto (mm \/ in)<\/strong><\/th>\n<th><strong>Dostava (mm \/ in)<\/strong><\/th>\n<\/tr>\n<\/thead>\n<tbody>\n<tr>\n<td>\u0160irina<\/td>\n<td>532 mm \/ 20,9 palca<\/td>\n<td>570 mm \/ 22,4 palca<\/td>\n<\/tr>\n<tr>\n<td>Globina<\/td>\n<td>652 mm \/ 25,7 palca<\/td>\n<td>800 mm \/ 31,5 palca<\/td>\n<\/tr>\n<tr>\n<td>Vi\u0161ina<\/td>\n<td>995 mm \/ 39,2 palca<\/td>\n<td>1140 mm \/ 44,9 palca<\/td>\n<\/tr>\n<tr>\n<td>Te\u017ea<\/td>\n<td>220 kg \/ 485 lb<\/td>\n<td>235 kg \/ 518 lb<\/td>\n<\/tr>\n<tr>\n<td>Zvezek<\/td>\n<td>0,52 CBM \/ 18,36 CBF<\/td>\n<td>&#8211;<\/td>\n<\/tr>\n<\/tbody>\n<\/table>\n<h2 data-start=\"2386\" data-end=\"2401\">Elektri\u010dni<\/h2>\n<div class=\"_tableContainer_1rjym_1\">\n<div class=\"_tableWrapper_1rjym_13 group flex w-fit flex-col-reverse\">\n<table>\n<thead>\n<tr>\n<th><strong>Napetost<\/strong><\/th>\n<th><strong>Mo\u010d (kW)<\/strong><\/th>\n<th><strong>Skupni amperi (A)<\/strong><\/th>\n<th><strong>Varovalka (A)<\/strong><\/th>\n<\/tr>\n<\/thead>\n<tbody>\n<tr>\n<td>220-240V \/ 50Hz \/ 1Ph<\/td>\n<td>3.0<\/td>\n<td>15<\/td>\n<td>25<\/td>\n<\/tr>\n<tr>\n<td>208-230V \/ 60Hz \/ 1Ph<\/td>\n<td>3.2<\/td>\n<td>16<\/td>\n<td>25<\/td>\n<\/tr>\n<\/tbody>\n<\/table>\n<\/div>\n<\/div>\n<\/div>\n<\/div>","protected":false},"excerpt":{"rendered":"<p>The Spaceman 6695-C is a high-capacity, two-flavor countertop frozen beverage freezer, perfect for busy bars, restaurants, and high-volume beverage outlets. It serves alcoholic and non-alcoholic frozen drinks, including milkshakes, efficiently and consistently. The 6695-C features see-through dispensing doors, fast freeze down, and hopper agitators to maintain perfect product consistency. Its mechanical control system allows easy [&hellip;]<\/p>\n","protected":false},"featured_media":7456,"comment_status":"open","ping_status":"closed","template":"","meta":[],"product_brand":[],"product_cat":[66,67,55],"product_tag":[],"class_list":{"0":"post-7452","1":"product","2":"type-product","3":"status-publish","4":"has-post-thumbnail","6":"product_cat-milkshake-maschines","7":"product_cat-professional-frozen-drink-maschines","8":"product_cat-frozen-drinks-machines","10":"first","11":"instock","12":"shipping-taxable","13":"product-type-simple"},"_links":{"self":[{"href":"https:\/\/dersuessestopp.com\/sl\/wp-json\/wp\/v2\/product\/7452","targetHints":{"allow":["GET"]}}],"collection":[{"href":"https:\/\/dersuessestopp.com\/sl\/wp-json\/wp\/v2\/product"}],"about":[{"href":"https:\/\/dersuessestopp.com\/sl\/wp-json\/wp\/v2\/types\/product"}],"replies":[{"embeddable":true,"href":"https:\/\/dersuessestopp.com\/sl\/wp-json\/wp\/v2\/comments?post=7452"}],"version-history":[{"count":2,"href":"https:\/\/dersuessestopp.com\/sl\/wp-json\/wp\/v2\/product\/7452\/revisions"}],"predecessor-version":[{"id":7458,"href":"https:\/\/dersuessestopp.com\/sl\/wp-json\/wp\/v2\/product\/7452\/revisions\/7458"}],"wp:featuredmedia":[{"embeddable":true,"href":"https:\/\/dersuessestopp.com\/sl\/wp-json\/wp\/v2\/media\/7456"}],"wp:attachment":[{"href":"https:\/\/dersuessestopp.com\/sl\/wp-json\/wp\/v2\/media?parent=7452"}],"wp:term":[{"taxonomy":"product_brand","embeddable":true,"href":"https:\/\/dersuessestopp.com\/sl\/wp-json\/wp\/v2\/product_brand?post=7452"},{"taxonomy":"product_cat","embeddable":true,"href":"https:\/\/dersuessestopp.com\/sl\/wp-json\/wp\/v2\/product_cat?post=7452"},{"taxonomy":"product_tag","embeddable":true,"href":"https:\/\/dersuessestopp.com\/sl\/wp-json\/wp\/v2\/product_tag?post=7452"}],"curies":[{"name":"wp","href":"https:\/\/api.w.org\/{rel}","templated":true}]}}