{"id":7448,"date":"2025-09-01T08:06:33","date_gmt":"2025-09-01T08:06:33","guid":{"rendered":"https:\/\/dersuessestopp.com\/?post_type=product&#038;p=7448"},"modified":"2025-09-24T21:58:21","modified_gmt":"2025-09-24T21:58:21","slug":"6455-c","status":"publish","type":"product","link":"https:\/\/dersuessestopp.com\/sl\/product\/6455-c\/","title":{"rendered":"6455-C"},"content":{"rendered":"<p data-start=\"171\" data-end=\"451\">Spletna stran <strong data-start=\"175\" data-end=\"194\">Spaceman 6455-C<\/strong> je <strong data-start=\"200\" data-end=\"268\">kompakten, vsestranski zamrzovalnik za zamrznjene pija\u010de z dvema okusoma<\/strong>, idealen za bare, restavracije, \u0161ole, bolni\u0161nice in kioske. Zagotavlja zamrznjene pija\u010de, smoothije ter alkoholne in brezalkoholne pija\u010de z dosledno kakovostjo in u\u010dinkovitostjo.<\/p>\n<p data-start=\"453\" data-end=\"785\">Zna\u010dilnosti modela 6455-C <strong data-start=\"473\" data-end=\"505\">prozorna vrata za doziranje<\/strong>, <strong data-start=\"507\" data-end=\"533\">tehnologija hitrega zamrzovanja<\/strong>, in <strong data-start=\"539\" data-end=\"559\">me\u0161alniki za lijak<\/strong> za ohranjanje konsistentnosti izdelka. Intuitivno mehansko upravljanje omogo\u010da natan\u010dno nastavitev viskoznosti. Opcijski dodatki, kot je npr. <strong data-start=\"690\" data-end=\"719\">enoro\u010dno upravljan vrtiljak<\/strong> in . <strong data-start=\"724\" data-end=\"737\">svetlobna \u0161katla<\/strong> izbolj\u0161anje produktivnosti in sodelovanja s strankami.<\/p>\n<h2 data-start=\"792\" data-end=\"809\">Klju\u010dne lastnosti<\/h2>\n<ul data-start=\"811\" data-end=\"1463\">\n<li data-start=\"811\" data-end=\"881\">\n<p data-start=\"813\" data-end=\"881\"><strong data-start=\"813\" data-end=\"844\">Model pulta z dvema okusoma<\/strong> za zamrznjene pija\u010de in smoothije<\/p>\n<\/li>\n<li data-start=\"882\" data-end=\"959\">\n<p data-start=\"884\" data-end=\"959\"><strong data-start=\"884\" data-end=\"916\">Prozorna vrata za doziranje<\/strong> pove\u010danje prepoznavnosti in tr\u017eenja izdelkov.<\/p>\n<\/li>\n<li data-start=\"960\" data-end=\"1020\">\n<p data-start=\"962\" data-end=\"1020\"><strong data-start=\"962\" data-end=\"982\">Hitro zamrzovanje<\/strong> z visoko u\u010dinkovitim izmenjevalnikom toplote<\/p>\n<\/li>\n<li data-start=\"1021\" data-end=\"1075\">\n<p data-start=\"1023\" data-end=\"1075\"><strong data-start=\"1023\" data-end=\"1050\">Indikator nizke koli\u010dine me\u0161anice<\/strong> opozorila ob pomanjkanju me\u0161anice<\/p>\n<\/li>\n<li data-start=\"1076\" data-end=\"1146\">\n<p data-start=\"1078\" data-end=\"1146\"><strong data-start=\"1078\" data-end=\"1117\">Hladilni lijaki z me\u0161alniki<\/strong> prepre\u010devanje lo\u010devanja izdelkov<\/p>\n<\/li>\n<li data-start=\"1147\" data-end=\"1207\">\n<p data-start=\"1149\" data-end=\"1207\"><strong data-start=\"1149\" data-end=\"1165\">Na\u010din pripravljenosti<\/strong> ohranja temperaturo izdelka \u010dez no\u010d.<\/p>\n<\/li>\n<li data-start=\"1208\" data-end=\"1263\">\n<p data-start=\"1210\" data-end=\"1263\"><strong data-start=\"1210\" data-end=\"1244\">Samodejno zapiranje dozirnih ventilov<\/strong> prepre\u010devanje prelivanja<\/p>\n<\/li>\n<li data-start=\"1264\" data-end=\"1333\">\n<p data-start=\"1266\" data-end=\"1333\"><strong data-start=\"1266\" data-end=\"1288\">Varnostna za\u0161\u010dita<\/strong>: Visokotla\u010dno stikalo in toplotna preobremenitev<\/p>\n<\/li>\n<li data-start=\"1334\" data-end=\"1396\">\n<p data-start=\"1336\" data-end=\"1396\"><strong data-start=\"1336\" data-end=\"1374\">Izbirno enoro\u010dno upravljanje vrtiljaka<\/strong> za me\u0161anje dobrot<\/p>\n<\/li>\n<li data-start=\"1397\" data-end=\"1463\">\n<p data-start=\"1399\" data-end=\"1463\"><strong data-start=\"1399\" data-end=\"1421\">Izbirna svetlobna \u0161katla<\/strong> za osvetljene kartice okusov in opozorila<\/p>\n<\/li>\n<\/ul>\n<h2 data-start=\"1470\" data-end=\"1489\">Specifikacije<\/h2>\n<table>\n<thead>\n<tr>\n<th><strong>Model<\/strong><\/th>\n<th>Spaceman 6455-C<\/th>\n<\/tr>\n<\/thead>\n<tbody>\n<tr>\n<td><strong>Okusi<\/strong><\/td>\n<td>2<\/td>\n<\/tr>\n<tr>\n<td><strong>Zamrzovanje jeklenk<\/strong><\/td>\n<td>2 \u00d7 3,8 L (4,0 qt)<\/td>\n<\/tr>\n<tr>\n<td><strong>Me\u0161alniki za me\u0161anico<\/strong><\/td>\n<td>2 \u00d7 8,0 L (8,5 qt)<\/td>\n<\/tr>\n<tr>\n<td><strong>Izhodna zmogljivost (250 ml)<\/strong><\/td>\n<td>112 obrokov\/uro<\/td>\n<\/tr>\n<tr>\n<td><strong>Nadzorni sistem<\/strong><\/td>\n<td>Mehanski, 2 enoti<\/td>\n<\/tr>\n<tr>\n<td><strong>Dozirni ventili<\/strong><\/td>\n<td>Samodejno zapiranje<\/td>\n<\/tr>\n<tr>\n<td><strong>me\u0161alniki za lijak<\/strong><\/td>\n<td>Da<\/td>\n<\/tr>\n<tr>\n<td><strong>Na\u010din pripravljenosti<\/strong><\/td>\n<td>Da (vzdr\u017euje me\u0161anico pod 4,4 \u00b0C)<\/td>\n<\/tr>\n<tr>\n<td><strong>Varnostne funkcije<\/strong><\/td>\n<td>Za\u0161\u010dita pred visokim tlakom, za\u0161\u010dita pred toplotno preobremenitvijo<\/td>\n<\/tr>\n<\/tbody>\n<\/table>\n<h2 data-start=\"1980\" data-end=\"2004\">Dimenzije in te\u017ea<\/h2>\n<div class=\"_tableContainer_1rjym_1\">\n<div class=\"_tableWrapper_1rjym_13 group flex w-fit flex-col-reverse\">\n<table>\n<thead>\n<tr>\n<th><strong>Merjenje<\/strong><\/th>\n<th><strong>Neto (mm \/ in)<\/strong><\/th>\n<th><strong>Dostava (mm \/ in)<\/strong><\/th>\n<\/tr>\n<\/thead>\n<tbody>\n<tr>\n<td>\u0160irina<\/td>\n<td>476 mm \/ 18,7 palca<\/td>\n<td>520 mm \/ 20,5 palca<\/td>\n<\/tr>\n<tr>\n<td>Globina<\/td>\n<td>651 mm \/ 25,6 palca<\/td>\n<td>800 mm \/ 31,5 palca<\/td>\n<\/tr>\n<tr>\n<td>Vi\u0161ina<\/td>\n<td>972 mm \/ 38,3 palca<\/td>\n<td>1090 mm \/ 42,9 palca<\/td>\n<\/tr>\n<tr>\n<td>Te\u017ea<\/td>\n<td>146 kg \/ 322 funtov<\/td>\n<td>166 kg \/ 366 funtov<\/td>\n<\/tr>\n<tr>\n<td>Zvezek<\/td>\n<td>0,45 CBM \/ 16,01 CBF<\/td>\n<td>&#8211;<\/td>\n<\/tr>\n<\/tbody>\n<\/table>\n<h2 data-start=\"2372\" data-end=\"2387\">Elektri\u010dni<\/h2>\n<div class=\"_tableContainer_1rjym_1\">\n<div class=\"_tableWrapper_1rjym_13 group flex w-fit flex-col-reverse\">\n<table>\n<thead>\n<tr>\n<th><strong>Napetost<\/strong><\/th>\n<th><strong>Mo\u010d (kW)<\/strong><\/th>\n<th><strong>Skupni amperi (A)<\/strong><\/th>\n<th><strong>Varovalka (A)<\/strong><\/th>\n<\/tr>\n<\/thead>\n<tbody>\n<tr>\n<td>220-240V \/ 50Hz \/ 1Ph<\/td>\n<td>2.3<\/td>\n<td>12<\/td>\n<td>16<\/td>\n<\/tr>\n<tr>\n<td>208-230V \/ 60Hz \/ 1Ph<\/td>\n<td>2.3<\/td>\n<td>12<\/td>\n<td>15<\/td>\n<\/tr>\n<\/tbody>\n<\/table>\n<\/div>\n<\/div>\n<\/div>\n<\/div>","protected":false},"excerpt":{"rendered":"<p>The Spaceman 6455-C is a compact, versatile two-flavor countertop frozen beverage freezer, ideal for bars, restaurants, schools, hospitals, and kiosks. It delivers frozen drinks, smoothies, and alcoholic or non-alcoholic beverages with consistent quality and efficiency. The 6455-C features see-through dispensing doors, fast freeze technology, and hopper agitators to maintain product consistency. Its intuitive mechanical controls [&hellip;]<\/p>\n","protected":false},"featured_media":7449,"comment_status":"open","ping_status":"closed","template":"","meta":[],"product_brand":[],"product_cat":[55,66,67],"product_tag":[],"class_list":{"0":"post-7448","1":"product","2":"type-product","3":"status-publish","4":"has-post-thumbnail","6":"product_cat-frozen-drinks-machines","7":"product_cat-milkshake-maschines","8":"product_cat-professional-frozen-drink-maschines","10":"first","11":"instock","12":"shipping-taxable","13":"product-type-simple"},"_links":{"self":[{"href":"https:\/\/dersuessestopp.com\/sl\/wp-json\/wp\/v2\/product\/7448","targetHints":{"allow":["GET"]}}],"collection":[{"href":"https:\/\/dersuessestopp.com\/sl\/wp-json\/wp\/v2\/product"}],"about":[{"href":"https:\/\/dersuessestopp.com\/sl\/wp-json\/wp\/v2\/types\/product"}],"replies":[{"embeddable":true,"href":"https:\/\/dersuessestopp.com\/sl\/wp-json\/wp\/v2\/comments?post=7448"}],"version-history":[{"count":3,"href":"https:\/\/dersuessestopp.com\/sl\/wp-json\/wp\/v2\/product\/7448\/revisions"}],"predecessor-version":[{"id":7453,"href":"https:\/\/dersuessestopp.com\/sl\/wp-json\/wp\/v2\/product\/7448\/revisions\/7453"}],"wp:featuredmedia":[{"embeddable":true,"href":"https:\/\/dersuessestopp.com\/sl\/wp-json\/wp\/v2\/media\/7449"}],"wp:attachment":[{"href":"https:\/\/dersuessestopp.com\/sl\/wp-json\/wp\/v2\/media?parent=7448"}],"wp:term":[{"taxonomy":"product_brand","embeddable":true,"href":"https:\/\/dersuessestopp.com\/sl\/wp-json\/wp\/v2\/product_brand?post=7448"},{"taxonomy":"product_cat","embeddable":true,"href":"https:\/\/dersuessestopp.com\/sl\/wp-json\/wp\/v2\/product_cat?post=7448"},{"taxonomy":"product_tag","embeddable":true,"href":"https:\/\/dersuessestopp.com\/sl\/wp-json\/wp\/v2\/product_tag?post=7448"}],"curies":[{"name":"wp","href":"https:\/\/api.w.org\/{rel}","templated":true}]}}