{"id":7444,"date":"2025-09-01T08:05:00","date_gmt":"2025-09-01T08:05:00","guid":{"rendered":"https:\/\/dersuessestopp.com\/?post_type=product&#038;p=7444"},"modified":"2025-09-24T21:58:39","modified_gmt":"2025-09-24T21:58:39","slug":"6690-c","status":"publish","type":"product","link":"https:\/\/dersuessestopp.com\/sl\/product\/6690-c\/","title":{"rendered":"6690-C"},"content":{"rendered":"<p data-start=\"172\" data-end=\"397\">Spletna stran <strong data-start=\"176\" data-end=\"195\">Spaceman 6690-C<\/strong> je <strong data-start=\"201\" data-end=\"268\">zamrzovalnik za zamrznjene pija\u010de z visoko zmogljivostjo in enim okusom<\/strong>, kot nala\u0161\u010d za kavarne, restavracije in prireditvene prostore, ki \u017eelijo z zamrznjenimi pija\u010dami, smoothiji in mle\u010dnimi napitki postre\u010di velikim mno\u017eicam ljudi.<\/p>\n<p data-start=\"399\" data-end=\"736\">Ta model ima <strong data-start=\"421\" data-end=\"452\">prozorna vrata za doziranje<\/strong> za prepoznavnost izdelka, <strong data-start=\"479\" data-end=\"501\">sistem hitrega zamrzovanja<\/strong> za hitro pripravo in <strong data-start=\"529\" data-end=\"549\">me\u0161alniki za lijak<\/strong> za ohranitev konsistentnosti izdelka. Vklju\u010duje intuitivno upravljanje za enostavno upravljanje in prilagajanje viskoznosti ter varnostne funkcije, kot sta toplotna preobremenitev in visokotla\u010dna za\u0161\u010dita.<\/p>\n<p data-start=\"738\" data-end=\"883\">Neobvezni dodatki, kot je <strong data-start=\"765\" data-end=\"776\">vrti\u010dek<\/strong> za me\u0161ane pija\u010de in <strong data-start=\"802\" data-end=\"815\">svetlobna \u0161katla<\/strong> za ogla\u0161evanje in opozorila pove\u010dajo prilagodljivost in produktivnost.<\/p>\n<h2 data-start=\"890\" data-end=\"907\">Klju\u010dne lastnosti<\/h2>\n<ul data-start=\"909\" data-end=\"1531\">\n<li data-start=\"909\" data-end=\"982\">\n<p data-start=\"911\" data-end=\"982\"><strong data-start=\"911\" data-end=\"942\">Prozorna vrata za doziranje<\/strong> pove\u010da privla\u010dnost in tr\u017eenje izdelkov.<\/p>\n<\/li>\n<li data-start=\"983\" data-end=\"1052\">\n<p data-start=\"985\" data-end=\"1052\"><strong data-start=\"985\" data-end=\"1005\">Hitro zamrzovanje<\/strong> s patentiranim visoko u\u010dinkovitim izmenjevalnikom toplote<\/p>\n<\/li>\n<li data-start=\"1053\" data-end=\"1123\">\n<p data-start=\"1055\" data-end=\"1123\"><strong data-start=\"1055\" data-end=\"1093\">Hladilni lijak z me\u0161alniki<\/strong> prepre\u010duje lo\u010devanje izdelkov.<\/p>\n<\/li>\n<li data-start=\"1124\" data-end=\"1187\">\n<p data-start=\"1126\" data-end=\"1187\"><strong data-start=\"1126\" data-end=\"1153\">Indikator nizke koli\u010dine me\u0161anice<\/strong> opozori upravljavca, ko je me\u0161anice premalo.<\/p>\n<\/li>\n<li data-start=\"1188\" data-end=\"1248\">\n<p data-start=\"1190\" data-end=\"1248\"><strong data-start=\"1190\" data-end=\"1206\">Na\u010din pripravljenosti<\/strong> ohranja temperaturo izdelka \u010dez no\u010d.<\/p>\n<\/li>\n<li data-start=\"1249\" data-end=\"1304\">\n<p data-start=\"1251\" data-end=\"1304\"><strong data-start=\"1251\" data-end=\"1284\">Samodejno zapiranje dozirnega ventila<\/strong> prepre\u010duje prelivanje<\/p>\n<\/li>\n<li data-start=\"1305\" data-end=\"1382\">\n<p data-start=\"1307\" data-end=\"1382\"><strong data-start=\"1307\" data-end=\"1338\">Vgrajena varnostna za\u0161\u010dita<\/strong> (visokotla\u010dno stikalo in toplotna preobremenitev)<\/p>\n<\/li>\n<li data-start=\"1383\" data-end=\"1449\">\n<p data-start=\"1385\" data-end=\"1449\"><strong data-start=\"1385\" data-end=\"1405\">Izbirni vrti\u010dek<\/strong> za me\u0161anje mle\u010dnih napitkov in zamrznjenih pija\u010d<\/p>\n<\/li>\n<li data-start=\"1450\" data-end=\"1531\">\n<p data-start=\"1452\" data-end=\"1531\"><strong data-start=\"1452\" data-end=\"1474\">Izbirna svetlobna \u0161katla<\/strong> osvetljuje kartice z okusom in ozna\u010duje nizko stopnjo me\u0161anja \/ pripravljenosti<\/p>\n<\/li>\n<\/ul>\n<h2 data-start=\"1538\" data-end=\"1557\">Specifikacije<\/h2>\n<table>\n<thead>\n<tr>\n<th><strong>Model<\/strong><\/th>\n<th>Spaceman 6690-C<\/th>\n<\/tr>\n<\/thead>\n<tbody>\n<tr>\n<td><strong>Okusi<\/strong><\/td>\n<td>1 (en okus)<\/td>\n<\/tr>\n<tr>\n<td><strong>Cilinder za zamrzovanje<\/strong><\/td>\n<td>1 \u00d7 6,9 L (7,3 qt)<\/td>\n<\/tr>\n<tr>\n<td><strong>Me\u0161alnik za me\u0161anico<\/strong><\/td>\n<td>1 \u00d7 20 L (21,2 qt)<\/td>\n<\/tr>\n<tr>\n<td><strong>Izhodna zmogljivost<\/strong><\/td>\n<td>~240 obrokov\/uro (po 250 ml)<\/td>\n<\/tr>\n<tr>\n<td><strong>Nadzorni sistem<\/strong><\/td>\n<td>Mehanski<\/td>\n<\/tr>\n<tr>\n<td><strong>Dozirni ventil<\/strong><\/td>\n<td>Samodejno zapiranje<\/td>\n<\/tr>\n<tr>\n<td><strong>Me\u0161alnik za lijak<\/strong><\/td>\n<td>Da<\/td>\n<\/tr>\n<tr>\n<td><strong>Funkcija pripravljenosti<\/strong><\/td>\n<td>Da (me\u0161anico ohranja pod 4,4 \u00b0C)<\/td>\n<\/tr>\n<tr>\n<td><strong>Varnostne funkcije<\/strong><\/td>\n<td>Visokotla\u010dno stikalo, toplotna za\u0161\u010dita pred preobremenitvijo<\/td>\n<\/tr>\n<\/tbody>\n<\/table>\n<h2 data-start=\"2054\" data-end=\"2069\">Elektri\u010dni<\/h2>\n<div class=\"_tableContainer_1rjym_1\">\n<div class=\"_tableWrapper_1rjym_13 group flex w-fit flex-col-reverse\">\n<table>\n<thead>\n<tr>\n<th><strong>Napetost<\/strong><\/th>\n<th><strong>Mo\u010d (kW)<\/strong><\/th>\n<th><strong>Skupni amperi (A)<\/strong><\/th>\n<th><strong>Varovalka (A)<\/strong><\/th>\n<\/tr>\n<\/thead>\n<tbody>\n<tr>\n<td>220-240V \/ 50Hz \/ 1Ph<\/td>\n<td>2.4<\/td>\n<td>12<\/td>\n<td>20<\/td>\n<\/tr>\n<tr>\n<td>208-230V \/ 60Hz \/ 1Ph<\/td>\n<td>2.6<\/td>\n<td>13<\/td>\n<td>20<\/td>\n<\/tr>\n<\/tbody>\n<\/table>\n<h2 data-start=\"2300\" data-end=\"2324\">Dimenzije in te\u017ea<\/h2>\n<div class=\"_tableContainer_1rjym_1\">\n<div class=\"_tableWrapper_1rjym_13 group flex w-fit flex-col-reverse\">\n<table>\n<thead>\n<tr>\n<th><strong>Merjenje<\/strong><\/th>\n<th><strong>Neto (mm \/ in)<\/strong><\/th>\n<th><strong>Dostava (mm \/ in)<\/strong><\/th>\n<\/tr>\n<\/thead>\n<tbody>\n<tr>\n<td>\u0160irina<\/td>\n<td>454 mm \/ 17,9 palca<\/td>\n<td>520 mm \/ 20,5 palca<\/td>\n<\/tr>\n<tr>\n<td>Globina<\/td>\n<td>657 mm \/ 25,9 palca<\/td>\n<td>860 mm \/ 33,9 palca<\/td>\n<\/tr>\n<tr>\n<td>Vi\u0161ina<\/td>\n<td>862 mm \/ 33,9 palca<\/td>\n<td>980 mm \/ 38,6 palca<\/td>\n<\/tr>\n<\/tbody>\n<\/table>\n<\/div>\n<\/div>\n<\/div>\n<\/div>","protected":false},"excerpt":{"rendered":"<p>The Spaceman 6690-C is a high-capacity, single-flavor countertop frozen beverage freezer, perfect for caf\u00e9s, restaurants, and event spaces looking to serve large crowds with frozen drinks, smoothies, and milkshakes. This model features a see-through dispensing door for product visibility, a fast freeze system for quick preparation, and hopper agitators to maintain product consistency. It includes [&hellip;]<\/p>\n","protected":false},"featured_media":7445,"comment_status":"open","ping_status":"closed","template":"","meta":[],"product_brand":[],"product_cat":[55,66,67],"product_tag":[],"class_list":{"0":"post-7444","1":"product","2":"type-product","3":"status-publish","4":"has-post-thumbnail","6":"product_cat-frozen-drinks-machines","7":"product_cat-milkshake-maschines","8":"product_cat-professional-frozen-drink-maschines","10":"first","11":"instock","12":"shipping-taxable","13":"product-type-simple"},"_links":{"self":[{"href":"https:\/\/dersuessestopp.com\/sl\/wp-json\/wp\/v2\/product\/7444","targetHints":{"allow":["GET"]}}],"collection":[{"href":"https:\/\/dersuessestopp.com\/sl\/wp-json\/wp\/v2\/product"}],"about":[{"href":"https:\/\/dersuessestopp.com\/sl\/wp-json\/wp\/v2\/types\/product"}],"replies":[{"embeddable":true,"href":"https:\/\/dersuessestopp.com\/sl\/wp-json\/wp\/v2\/comments?post=7444"}],"version-history":[{"count":3,"href":"https:\/\/dersuessestopp.com\/sl\/wp-json\/wp\/v2\/product\/7444\/revisions"}],"predecessor-version":[{"id":7454,"href":"https:\/\/dersuessestopp.com\/sl\/wp-json\/wp\/v2\/product\/7444\/revisions\/7454"}],"wp:featuredmedia":[{"embeddable":true,"href":"https:\/\/dersuessestopp.com\/sl\/wp-json\/wp\/v2\/media\/7445"}],"wp:attachment":[{"href":"https:\/\/dersuessestopp.com\/sl\/wp-json\/wp\/v2\/media?parent=7444"}],"wp:term":[{"taxonomy":"product_brand","embeddable":true,"href":"https:\/\/dersuessestopp.com\/sl\/wp-json\/wp\/v2\/product_brand?post=7444"},{"taxonomy":"product_cat","embeddable":true,"href":"https:\/\/dersuessestopp.com\/sl\/wp-json\/wp\/v2\/product_cat?post=7444"},{"taxonomy":"product_tag","embeddable":true,"href":"https:\/\/dersuessestopp.com\/sl\/wp-json\/wp\/v2\/product_tag?post=7444"}],"curies":[{"name":"wp","href":"https:\/\/api.w.org\/{rel}","templated":true}]}}