{"id":7439,"date":"2025-09-01T08:02:54","date_gmt":"2025-09-01T08:02:54","guid":{"rendered":"https:\/\/dersuessestopp.com\/?post_type=product&#038;p=7439"},"modified":"2025-09-24T21:59:02","modified_gmt":"2025-09-24T21:59:02","slug":"6450-c","status":"publish","type":"product","link":"https:\/\/dersuessestopp.com\/sl\/product\/6450-c\/","title":{"rendered":"6450-C"},"content":{"rendered":"<p data-start=\"172\" data-end=\"425\">Spletna stran <strong data-start=\"176\" data-end=\"195\">Spaceman 6450-C<\/strong> je kompakten in vsestranski namizni zamrzovalnik pija\u010d z enim okusom, idealen za kavarne, bare, restavracije in prireditvene prostore, ki \u017eelijo postre\u010di zamrznjene pija\u010de, smoothije, mle\u010dne napitke ter alkoholne in brezalkoholne pija\u010de.<\/p>\n<p data-start=\"427\" data-end=\"862\">Ta model ima prozorna vrata za doziranje, ki pove\u010dujejo vidnost izdelka in so mo\u010dno tr\u017eno orodje. S patentirano tehnologijo hitrega zamrzovanja skraj\u0161a \u010das zamrzovanja, hkrati pa ohranja nizko porabo energije. Hladilni lijak in me\u0161ala ohranjajo konsistenco izdelka, intuitivna nadzorna plo\u0161\u010da pa omogo\u010da preprosto upravljanje. Varnostne funkcije, kot sta za\u0161\u010dita kompresorja in motorja, zagotavljajo vzdr\u017eljivost in zanesljivost.<\/p>\n<p data-start=\"864\" data-end=\"1003\">Neobvezni dodatki, kot je <strong data-start=\"891\" data-end=\"902\">vrti\u010dek<\/strong> za me\u0161ane dobrote in <strong data-start=\"928\" data-end=\"941\">svetlobna \u0161katla<\/strong> za ogla\u0161evanje zagotavljajo prilagodljivost poslovnim potrebam.<\/p>\n<h2 data-start=\"1010\" data-end=\"1027\">Klju\u010dne lastnosti<\/h2>\n<ul data-start=\"1029\" data-end=\"1626\">\n<li data-start=\"1029\" data-end=\"1101\">\n<p data-start=\"1031\" data-end=\"1101\"><strong data-start=\"1031\" data-end=\"1062\">Prozorna vrata za doziranje<\/strong> za prepoznavnost in tr\u017eenje izdelkov<\/p>\n<\/li>\n<li data-start=\"1102\" data-end=\"1171\">\n<p data-start=\"1104\" data-end=\"1171\"><strong data-start=\"1104\" data-end=\"1124\">Hitro zamrzovanje<\/strong> s patentiranim visoko u\u010dinkovitim izmenjevalnikom toplote<\/p>\n<\/li>\n<li data-start=\"1172\" data-end=\"1244\">\n<p data-start=\"1174\" data-end=\"1244\"><strong data-start=\"1174\" data-end=\"1212\">Hladilni lijak z me\u0161alniki<\/strong> za prepre\u010devanje lo\u010devanja izdelkov<\/p>\n<\/li>\n<li data-start=\"1245\" data-end=\"1294\">\n<p data-start=\"1247\" data-end=\"1294\"><strong data-start=\"1247\" data-end=\"1274\">Indikator nizke koli\u010dine me\u0161anice<\/strong> za opozarjanje upravljavca<\/p>\n<\/li>\n<li data-start=\"1295\" data-end=\"1363\">\n<p data-start=\"1297\" data-end=\"1363\"><strong data-start=\"1297\" data-end=\"1313\">Na\u010din pripravljenosti<\/strong> ohranja izdelek varen \u010dez no\u010d pri temperaturi pod 4,4 \u00b0C (40 \u00b0F)<\/p>\n<\/li>\n<li data-start=\"1364\" data-end=\"1419\">\n<p data-start=\"1366\" data-end=\"1419\"><strong data-start=\"1366\" data-end=\"1399\">Samodejno zapiranje dozirnega ventila<\/strong> da bi se izognili prelivanju<\/p>\n<\/li>\n<li data-start=\"1420\" data-end=\"1497\">\n<p data-start=\"1422\" data-end=\"1497\"><strong data-start=\"1422\" data-end=\"1453\">Vgrajena varnostna za\u0161\u010dita<\/strong> (visokotla\u010dno stikalo in toplotna preobremenitev)<\/p>\n<\/li>\n<li data-start=\"1498\" data-end=\"1564\">\n<p data-start=\"1500\" data-end=\"1564\"><strong data-start=\"1500\" data-end=\"1520\">Izbirni vrti\u010dek<\/strong> za me\u0161anje mle\u010dnih napitkov in zamrznjenih pija\u010d<\/p>\n<\/li>\n<li data-start=\"1565\" data-end=\"1626\">\n<p data-start=\"1567\" data-end=\"1626\"><strong data-start=\"1567\" data-end=\"1589\">Izbirna svetlobna \u0161katla<\/strong> z osvetljenimi reklamnimi karticami<\/p>\n<\/li>\n<\/ul>\n<h2 data-start=\"1633\" data-end=\"1652\">Specifikacije<\/h2>\n<div class=\"_tableContainer_1rjym_1\">\n<div class=\"_tableWrapper_1rjym_13 group flex w-fit flex-col-reverse\">\n<table>\n<thead>\n<tr>\n<th><strong>Model<\/strong><\/th>\n<th>Spaceman 6450-C<\/th>\n<\/tr>\n<\/thead>\n<tbody>\n<tr>\n<td><strong>Okusi<\/strong><\/td>\n<td>1 (en okus)<\/td>\n<\/tr>\n<tr>\n<td><strong>Cilinder za zamrzovanje<\/strong><\/td>\n<td>1 \u00d7 3,8 L (4,0 qt)<\/td>\n<\/tr>\n<tr>\n<td><strong>Me\u0161alnik za me\u0161anico<\/strong><\/td>\n<td>1 \u00d7 12 L (12,7 qt)<\/td>\n<\/tr>\n<tr>\n<td><strong>Izhodna zmogljivost<\/strong><\/td>\n<td>~80 obrokov\/uro (po 250 ml)<\/td>\n<\/tr>\n<tr>\n<td><strong>Nadzorni sistem<\/strong><\/td>\n<td>Mehanski<\/td>\n<\/tr>\n<tr>\n<td><strong>Dozirni ventil<\/strong><\/td>\n<td>Samodejno zapiranje<\/td>\n<\/tr>\n<tr>\n<td><strong>Me\u0161alnik za lijak<\/strong><\/td>\n<td>Da<\/td>\n<\/tr>\n<tr>\n<td><strong>Funkcija pripravljenosti<\/strong><\/td>\n<td>Da (me\u0161anico ohranja pod 4,4 \u00b0C)<\/td>\n<\/tr>\n<tr>\n<td><strong>Varnostne funkcije<\/strong><\/td>\n<td>Visokotla\u010dno stikalo, toplotna za\u0161\u010dita pred preobremenitvijo<\/td>\n<\/tr>\n<\/tbody>\n<\/table>\n<h2 data-start=\"2148\" data-end=\"2163\">Elektri\u010dni<\/h2>\n<div class=\"_tableContainer_1rjym_1\">\n<div class=\"_tableWrapper_1rjym_13 group flex w-fit flex-col-reverse\">\n<table>\n<thead>\n<tr>\n<th><strong>Napetost<\/strong><\/th>\n<th><strong>Mo\u010d (kW)<\/strong><\/th>\n<th><strong>Skupni amperi (A)<\/strong><\/th>\n<th><strong>Varovalka (A)<\/strong><\/th>\n<\/tr>\n<\/thead>\n<tbody>\n<tr>\n<td>220-240V \/ 50Hz \/ 1Ph<\/td>\n<td>1.6<\/td>\n<td>7<\/td>\n<td>13<\/td>\n<\/tr>\n<tr>\n<td>208-230V \/ 60Hz \/ 1Ph<\/td>\n<td>1.6<\/td>\n<td>8<\/td>\n<td>15<\/td>\n<\/tr>\n<tr>\n<td>110-120V \/ 60Hz \/ 1Ph<\/td>\n<td>1.4<\/td>\n<td>14<\/td>\n<td>20<\/td>\n<\/tr>\n<\/tbody>\n<\/table>\n<h2 data-start=\"2434\" data-end=\"2458\">Dimenzije in te\u017ea<\/h2>\n<div class=\"_tableContainer_1rjym_1\">\n<div class=\"_tableWrapper_1rjym_13 group flex w-fit flex-col-reverse\">\n<table>\n<thead>\n<tr>\n<th><strong>Merjenje<\/strong><\/th>\n<th><strong>Neto (mm \/ in)<\/strong><\/th>\n<th><strong>Dostava (mm \/ in)<\/strong><\/th>\n<\/tr>\n<\/thead>\n<tbody>\n<tr>\n<td>\u0160irina<\/td>\n<td>384 mm \/ 15,1 palca<\/td>\n<td>420 mm \/ 16,5 palca<\/td>\n<\/tr>\n<tr>\n<td>Globina<\/td>\n<td>645 mm \/ 25,4 palca<\/td>\n<td>790 mm \/ 31,1 palca<\/td>\n<\/tr>\n<tr>\n<td>Vi\u0161ina<\/td>\n<td>760 mm \/ 29,9 palca<\/td>\n<td>890 mm \/ 35,0 in<\/td>\n<\/tr>\n<\/tbody>\n<\/table>\n<\/div>\n<\/div>\n<\/div>\n<\/div>\n<\/div>\n<\/div>","protected":false},"excerpt":{"rendered":"<p>The Spaceman 6450-C is a compact and versatile single-flavor countertop beverage freezer, ideal for caf\u00e9s, bars, restaurants, and event spaces that want to serve frozen beverages, smoothies, milkshakes, and both alcoholic and non-alcoholic drinks. This model features a clear dispensing door that enhances product visibility and serves as a strong marketing tool. With patented fast [&hellip;]<\/p>\n","protected":false},"featured_media":7440,"comment_status":"open","ping_status":"closed","template":"","meta":[],"product_brand":[],"product_cat":[55,66,67],"product_tag":[],"class_list":{"0":"post-7439","1":"product","2":"type-product","3":"status-publish","4":"has-post-thumbnail","6":"product_cat-frozen-drinks-machines","7":"product_cat-milkshake-maschines","8":"product_cat-professional-frozen-drink-maschines","10":"first","11":"instock","12":"shipping-taxable","13":"product-type-simple"},"_links":{"self":[{"href":"https:\/\/dersuessestopp.com\/sl\/wp-json\/wp\/v2\/product\/7439","targetHints":{"allow":["GET"]}}],"collection":[{"href":"https:\/\/dersuessestopp.com\/sl\/wp-json\/wp\/v2\/product"}],"about":[{"href":"https:\/\/dersuessestopp.com\/sl\/wp-json\/wp\/v2\/types\/product"}],"replies":[{"embeddable":true,"href":"https:\/\/dersuessestopp.com\/sl\/wp-json\/wp\/v2\/comments?post=7439"}],"version-history":[{"count":4,"href":"https:\/\/dersuessestopp.com\/sl\/wp-json\/wp\/v2\/product\/7439\/revisions"}],"predecessor-version":[{"id":7455,"href":"https:\/\/dersuessestopp.com\/sl\/wp-json\/wp\/v2\/product\/7439\/revisions\/7455"}],"wp:featuredmedia":[{"embeddable":true,"href":"https:\/\/dersuessestopp.com\/sl\/wp-json\/wp\/v2\/media\/7440"}],"wp:attachment":[{"href":"https:\/\/dersuessestopp.com\/sl\/wp-json\/wp\/v2\/media?parent=7439"}],"wp:term":[{"taxonomy":"product_brand","embeddable":true,"href":"https:\/\/dersuessestopp.com\/sl\/wp-json\/wp\/v2\/product_brand?post=7439"},{"taxonomy":"product_cat","embeddable":true,"href":"https:\/\/dersuessestopp.com\/sl\/wp-json\/wp\/v2\/product_cat?post=7439"},{"taxonomy":"product_tag","embeddable":true,"href":"https:\/\/dersuessestopp.com\/sl\/wp-json\/wp\/v2\/product_tag?post=7439"}],"curies":[{"name":"wp","href":"https:\/\/api.w.org\/{rel}","templated":true}]}}