{"id":7428,"date":"2025-09-01T07:37:21","date_gmt":"2025-09-01T07:37:21","guid":{"rendered":"https:\/\/dersuessestopp.com\/?post_type=product&#038;p=7428"},"modified":"2025-09-01T07:37:21","modified_gmt":"2025-09-01T07:37:21","slug":"pisalna-miza-flow-a3","status":"publish","type":"product","link":"https:\/\/dersuessestopp.com\/sl\/product\/flow-a3-desk\/","title":{"rendered":"Pisalna miza Flow A3"},"content":{"rendered":"<p data-start=\"202\" data-end=\"522\">Spletna stran <strong data-start=\"206\" data-end=\"222\">Pisalna miza FLOW A3<\/strong> je profesionalni stroj za termoformiranje, namenjen obdelavi <strong data-start=\"283\" data-end=\"310\">Plasti\u010dni listi velikosti A3<\/strong> z debelino od <strong data-start=\"341\" data-end=\"356\">0,5 do 4 mm<\/strong>. Je odli\u010dna re\u0161itev za sla\u0161\u010di\u010darje, \u010dokoladarje in kreativce, ki \u017eelijo prese\u010di standardne kalupe in izdelati <strong data-start=\"493\" data-end=\"519\">unikatni modeli po meri<\/strong>.<\/p>\n<p data-start=\"524\" data-end=\"810\">S pisalno mizo FLOW A3 lahko ustvarite <strong data-start=\"562\" data-end=\"646\">personalizirane \u010dokoladne plo\u0161\u010dice, kalupi po meri z logotipi ali imeni in tematske oblike.<\/strong> kot so orodja, igra\u010de ali modeli. Vsak predmet z ravno povr\u0161ino, primerno za toplotno oblikovanje, lahko spremenite v kalup, kar odpira neomejene ustvarjalne mo\u017enosti.<\/p>\n<h3 data-start=\"812\" data-end=\"834\">Lastnosti izdelka<\/h3>\n<ul data-start=\"835\" data-end=\"1195\">\n<li data-start=\"835\" data-end=\"892\">\n<p data-start=\"837\" data-end=\"892\"><strong data-start=\"837\" data-end=\"861\">Vgrajena vakuumska \u010drpalka<\/strong> za popoln oprijem listov.<\/p>\n<\/li>\n<li data-start=\"893\" data-end=\"976\">\n<p data-start=\"895\" data-end=\"976\"><strong data-start=\"895\" data-end=\"933\">Takoj\u0161nje ogrevanje s halogenskimi sijalkami<\/strong> (1.600 W) za hitro in u\u010dinkovito delovanje.<\/p>\n<\/li>\n<li data-start=\"977\" data-end=\"1050\">\n<p data-start=\"979\" data-end=\"1050\">Idealno za <strong data-start=\"989\" data-end=\"1047\">izdelava prototipov in profesionalna izdelava sla\u0161\u010di\u010darskih kalupov<\/strong>.<\/p>\n<\/li>\n<li data-start=\"1051\" data-end=\"1112\">\n<p data-start=\"1053\" data-end=\"1112\">\u0160iroko se uporablja v <strong data-start=\"1072\" data-end=\"1109\">\u017eivilski, medicinski in zobozdravstveni sektor.<\/strong>.<\/p>\n<\/li>\n<li data-start=\"1113\" data-end=\"1195\">\n<p data-start=\"1115\" data-end=\"1195\"><strong data-start=\"1115\" data-end=\"1135\">Obratna funkcija<\/strong> za enostaven izvlek termoformiranega izdelka iz kalupa.<\/p>\n<\/li>\n<\/ul>\n<h3 data-start=\"1197\" data-end=\"1227\">Tehni\u010dne specifikacije<\/h3>\n<table>\n<thead>\n<tr>\n<th><strong>Kategorija<\/strong><\/th>\n<th><strong>Podrobnosti<\/strong><\/th>\n<\/tr>\n<\/thead>\n<tbody>\n<tr>\n<td><strong>Dimenzije in te\u017ea<\/strong><\/td>\n<td>Dol\u017eina: 45 cm\u0160irina: 30 cmTe\u017ea: 21 kgMaterial telesa: Telo: plastikaPovr\u0161ina za tiskanje: Velikost povr\u0161ine za tiskanje: 41 \u00d7 26 cm<\/td>\n<\/tr>\n<tr>\n<td><strong>Poraba<\/strong><\/td>\n<td>1.780 kW (trifazno) 230 V - 50\/60 Hz<\/td>\n<\/tr>\n<tr>\n<td><strong>Raven hrupa<\/strong><\/td>\n<td>69 dBA max<\/td>\n<\/tr>\n<tr>\n<td><strong>Mo\u010d motorja<\/strong><\/td>\n<td>180 W pri 220 V - 0,7 Ah<\/td>\n<\/tr>\n<tr>\n<td><strong>Stopnja pretoka \u010drpalke<\/strong><\/td>\n<td>4 mc\/h<\/td>\n<\/tr>\n<tr>\n<td><strong>Kon\u010dno vakuumiranje<\/strong><\/td>\n<td>150 mbar<\/td>\n<\/tr>\n<tr>\n<td><strong>Ogrevalni sistem<\/strong><\/td>\n<td>Halogenske \u017earnice (4 \u00d7 400 W)Takoj\u0161nje ogrevanje - 1.600 W<\/td>\n<\/tr>\n<tr>\n<td><strong>Podprta debelina plo\u010devine (PETG za \u017eivila)<\/strong><\/td>\n<td>0,50 mm0,75 mm1 mm2 mm3 mm<\/td>\n<\/tr>\n<tr>\n<td><strong>Obratna funkcija<\/strong><\/td>\n<td>Da - za enostavno odstranjevanje izdelkov<\/td>\n<\/tr>\n<\/tbody>\n<\/table>","protected":false},"excerpt":{"rendered":"<p>The FLOW A3 Desk is a professional thermoforming machine designed to process A3-sized plastic sheets with thicknesses ranging from 0.5 to 4 mm. It is the perfect solution for pastry chefs, chocolatiers, and creative professionals who want to go beyond standard molds and produce custom, unique designs. With the FLOW A3 Desk, you can create [&hellip;]<\/p>\n","protected":false},"featured_media":7429,"comment_status":"open","ping_status":"closed","template":"","meta":[],"product_brand":[],"product_cat":[54],"product_tag":[],"class_list":{"0":"post-7428","1":"product","2":"type-product","3":"status-publish","4":"has-post-thumbnail","6":"product_cat-other-machines","8":"first","9":"instock","10":"shipping-taxable","11":"product-type-simple"},"_links":{"self":[{"href":"https:\/\/dersuessestopp.com\/sl\/wp-json\/wp\/v2\/product\/7428","targetHints":{"allow":["GET"]}}],"collection":[{"href":"https:\/\/dersuessestopp.com\/sl\/wp-json\/wp\/v2\/product"}],"about":[{"href":"https:\/\/dersuessestopp.com\/sl\/wp-json\/wp\/v2\/types\/product"}],"replies":[{"embeddable":true,"href":"https:\/\/dersuessestopp.com\/sl\/wp-json\/wp\/v2\/comments?post=7428"}],"version-history":[{"count":2,"href":"https:\/\/dersuessestopp.com\/sl\/wp-json\/wp\/v2\/product\/7428\/revisions"}],"predecessor-version":[{"id":7438,"href":"https:\/\/dersuessestopp.com\/sl\/wp-json\/wp\/v2\/product\/7428\/revisions\/7438"}],"wp:featuredmedia":[{"embeddable":true,"href":"https:\/\/dersuessestopp.com\/sl\/wp-json\/wp\/v2\/media\/7429"}],"wp:attachment":[{"href":"https:\/\/dersuessestopp.com\/sl\/wp-json\/wp\/v2\/media?parent=7428"}],"wp:term":[{"taxonomy":"product_brand","embeddable":true,"href":"https:\/\/dersuessestopp.com\/sl\/wp-json\/wp\/v2\/product_brand?post=7428"},{"taxonomy":"product_cat","embeddable":true,"href":"https:\/\/dersuessestopp.com\/sl\/wp-json\/wp\/v2\/product_cat?post=7428"},{"taxonomy":"product_tag","embeddable":true,"href":"https:\/\/dersuessestopp.com\/sl\/wp-json\/wp\/v2\/product_tag?post=7428"}],"curies":[{"name":"wp","href":"https:\/\/api.w.org\/{rel}","templated":true}]}}