{"id":7414,"date":"2025-09-01T07:32:20","date_gmt":"2025-09-01T07:32:20","guid":{"rendered":"https:\/\/dersuessestopp.com\/?post_type=product&#038;p=7414"},"modified":"2025-09-24T22:16:14","modified_gmt":"2025-09-24T22:16:14","slug":"minijel","status":"publish","type":"product","link":"https:\/\/dersuessestopp.com\/sl\/product\/minijel\/","title":{"rendered":"Minijel"},"content":{"rendered":"<p data-start=\"285\" data-end=\"611\">Spletna stran <strong data-start=\"289\" data-end=\"300\">Minijel<\/strong> je profesionalna re\u0161itev, namenjena sla\u0161\u010di\u010darnam, pekarnam in predelovalcem hrane, ki morajo poenostaviti postopek premazovanja z \u017eelatino. \u017delatina, ki se pogosto uporablja v \u017eivilski industriji, slu\u017ei kot naravni konzervans, saj tvori za\u0161\u010ditno plast, ki \u0161\u010diti izdelke pred oksidacijo in podalj\u0161uje njihov rok uporabe.<\/p>\n<p data-start=\"613\" data-end=\"1029\">Minijel je odli\u010den za premazovanje sadnih tort, peciva in sla\u0161\u010dic, saj jim daje poseben pe\u010dat. <strong data-start=\"716\" data-end=\"743\">sijajen sijajni zaklju\u010dek<\/strong> ki izbolj\u0161a videz in sve\u017eino. Stroj segreva \u017eelatino neposredno iz zunanje posode, kar odpravlja omejitve zmogljivosti, nato pa ohranja njeno temperaturo, ko gre skozi segreto cev do zra\u010dnega \u010dopi\u010da iz nerjavnega jekla, kjer se fino razpr\u0161i za enakomeren nanos.<\/p>\n<p data-start=\"1031\" data-end=\"1168\">Ta inovativni sistem zagotavlja natan\u010dnost, u\u010dinkovitost in profesionalne rezultate, hkrati pa je kompakten, prakti\u010den in enostaven za uporabo.<\/p>\n<h3 data-start=\"1175\" data-end=\"1197\">Lastnosti izdelka<\/h3>\n<ul data-start=\"1198\" data-end=\"1568\">\n<li data-start=\"1198\" data-end=\"1270\">\n<p data-start=\"1200\" data-end=\"1270\">Neposredno sesanje iz zunanje posode za \u017eelatino (brez omejitev zmogljivosti).<\/p>\n<\/li>\n<li data-start=\"1271\" data-end=\"1328\">\n<p data-start=\"1273\" data-end=\"1328\">Sistem za samodejno ogrevanje in vzdr\u017eevanje temperature.<\/p>\n<\/li>\n<li data-start=\"1329\" data-end=\"1376\">\n<p data-start=\"1331\" data-end=\"1376\">Ogrevana dozirna cev za neprekinjen pretok.<\/p>\n<\/li>\n<li data-start=\"1377\" data-end=\"1443\">\n<p data-start=\"1379\" data-end=\"1443\">Profesionalni airbrush iz nerjave\u010dega jekla za natan\u010dno razpr\u0161evanje.<\/p>\n<\/li>\n<li data-start=\"1444\" data-end=\"1514\">\n<p data-start=\"1446\" data-end=\"1514\">Kompaktna konstrukcija iz nerjave\u010dega jekla z ro\u010daji za la\u017eje premikanje.<\/p>\n<\/li>\n<li data-start=\"1515\" data-end=\"1568\">\n<p data-start=\"1517\" data-end=\"1568\">Zasnovan za u\u010dinkovitost, higieno in vzdr\u017eljivost.<\/p>\n<\/li>\n<\/ul>\n<h3 data-start=\"1575\" data-end=\"1605\">Tehni\u010dne specifikacije<\/h3>\n<div class=\"_tableContainer_1rjym_1\">\n<div class=\"_tableWrapper_1rjym_13 group flex w-fit flex-col-reverse\">\n<table>\n<thead>\n<tr>\n<th><strong>Kategorija<\/strong><\/th>\n<th><strong>Podrobnosti<\/strong><\/th>\n<\/tr>\n<\/thead>\n<tbody>\n<tr>\n<td><strong>Dimenzije in te\u017ea<\/strong><\/td>\n<td>Dol\u017eina: 28 cm - \u0160irina: 32 cm - Vi\u0161ina: 38 cm - Te\u017ea: 32 kg - Ohi\u0161je iz nerjave\u010dega jekla z ro\u010daji<\/td>\n<\/tr>\n<tr>\n<td><strong>Poraba<\/strong><\/td>\n<td>2,1 kW - 230 V - 50\/60 Hz<\/td>\n<\/tr>\n<tr>\n<td><strong>Nadzorni in elektri\u010dni sistem<\/strong><\/td>\n<td>Plo\u0161\u010da z vidnimi upravljalnimi elementi: - 2 regulatorja temperature - 2 regulatorja tlaka (max. 3,5 bar) - 1 manometer - 1 zra\u010dna \u0161\u010detka iz nerjave\u010dega jekla - 1 toplotna varnostna podloga<\/td>\n<\/tr>\n<tr>\n<td><strong>Sistem za ravnanje z izdelki<\/strong><\/td>\n<td>- Plasti\u010dna \u010drpalka za \u017eivila - Vgrajen kompresor - Sesalna cev - Ogrevana dozirna cev<\/td>\n<\/tr>\n<tr>\n<td><strong>Ogrevalni sistem<\/strong><\/td>\n<td>- Notranji bojler - Ogrevana dozirna cev - Nastavljiva temperatura 0\u00b0-90\u00b0<\/td>\n<\/tr>\n<\/tbody>\n<\/table>\n<\/div>\n<\/div>","protected":false},"excerpt":{"rendered":"<h3 data-start=\"1278\" data-end=\"1355\"><strong data-start=\"1282\" data-end=\"1353\">Minijel - Visokotemperaturni stroj za razpr\u0161evanje teko\u010de \u017eelatine<\/strong><\/h3>\n<p data-start=\"1357\" data-end=\"1555\"><em data-start=\"1357\" data-end=\"1553\">Kompaktni razpr\u0161ilni stroj za enakomerno nana\u0161anje vro\u010de teko\u010de \u017eelatine ali nevtralne glazure na pecivo, sadne torte in sla\u0161\u010dice. Zagotavlja profesionalen, sijo\u010d zaklju\u010dek, hkrati pa prihrani \u010das in zmanj\u0161a koli\u010dino odpadkov.<\/em><\/p>","protected":false},"featured_media":7415,"comment_status":"open","ping_status":"closed","template":"","meta":[],"product_brand":[],"product_cat":[70],"product_tag":[],"class_list":{"0":"post-7414","1":"product","2":"type-product","3":"status-publish","4":"has-post-thumbnail","6":"product_cat-pastry-line","8":"first","9":"instock","10":"shipping-taxable","11":"product-type-simple"},"_links":{"self":[{"href":"https:\/\/dersuessestopp.com\/sl\/wp-json\/wp\/v2\/product\/7414","targetHints":{"allow":["GET"]}}],"collection":[{"href":"https:\/\/dersuessestopp.com\/sl\/wp-json\/wp\/v2\/product"}],"about":[{"href":"https:\/\/dersuessestopp.com\/sl\/wp-json\/wp\/v2\/types\/product"}],"replies":[{"embeddable":true,"href":"https:\/\/dersuessestopp.com\/sl\/wp-json\/wp\/v2\/comments?post=7414"}],"version-history":[{"count":3,"href":"https:\/\/dersuessestopp.com\/sl\/wp-json\/wp\/v2\/product\/7414\/revisions"}],"predecessor-version":[{"id":9298,"href":"https:\/\/dersuessestopp.com\/sl\/wp-json\/wp\/v2\/product\/7414\/revisions\/9298"}],"wp:featuredmedia":[{"embeddable":true,"href":"https:\/\/dersuessestopp.com\/sl\/wp-json\/wp\/v2\/media\/7415"}],"wp:attachment":[{"href":"https:\/\/dersuessestopp.com\/sl\/wp-json\/wp\/v2\/media?parent=7414"}],"wp:term":[{"taxonomy":"product_brand","embeddable":true,"href":"https:\/\/dersuessestopp.com\/sl\/wp-json\/wp\/v2\/product_brand?post=7414"},{"taxonomy":"product_cat","embeddable":true,"href":"https:\/\/dersuessestopp.com\/sl\/wp-json\/wp\/v2\/product_cat?post=7414"},{"taxonomy":"product_tag","embeddable":true,"href":"https:\/\/dersuessestopp.com\/sl\/wp-json\/wp\/v2\/product_tag?post=7414"}],"curies":[{"name":"wp","href":"https:\/\/api.w.org\/{rel}","templated":true}]}}