{"id":7400,"date":"2025-09-01T07:27:31","date_gmt":"2025-09-01T07:27:31","guid":{"rendered":"https:\/\/dersuessestopp.com\/?post_type=product&#038;p=7400"},"modified":"2025-09-24T22:09:09","modified_gmt":"2025-09-24T22:09:09","slug":"stroj-za-tartlete","status":"publish","type":"product","link":"https:\/\/dersuessestopp.com\/sl\/product\/tartlet-machine\/","title":{"rendered":"Stroj za tartlete"},"content":{"rendered":"<p data-start=\"239\" data-end=\"546\">Spletna stran <strong data-start=\"243\" data-end=\"269\">Bilait Tartlet stroj<\/strong> je zasnovan tako, da znatno <strong data-start=\"299\" data-end=\"344\">pospe\u0161ite pripravo osnove za tartlete.<\/strong> iz sladkega ali slanega krhkega testa. Njegova <strong data-start=\"394\" data-end=\"420\">zamenljive plo\u0161\u010de<\/strong> omogo\u010dajo prilagajanje velikosti in oblike tartletov, saj je na voljo ve\u010d modelov iz kataloga ali pa so na zahtevo izdelani po meri.<\/p>\n<p data-start=\"548\" data-end=\"960\">Ta profesionalni stroj za pecivo zdru\u017euje <strong data-start=\"590\" data-end=\"620\">u\u010dinkovitost s preprostostjo<\/strong>. Ko testo polo\u017eite med plo\u0161\u010di ter nastavite \u010das in temperaturo pe\u010denja, se plo\u0161\u010di pove\u017eeta in v nekaj minutah pripravita popolnoma oblikovane tartlete. Z visoko produktivnostjo, <strong data-start=\"817\" data-end=\"878\">en delavec lahko izdela do 750 tartaletk na uro.<\/strong>, zato je idealen za pekarne, sla\u0161\u010di\u010darne in obse\u017ene gostinske storitve.<\/p>\n<h3 data-start=\"962\" data-end=\"984\">Lastnosti izdelka<\/h3>\n<ul data-start=\"985\" data-end=\"1468\">\n<li data-start=\"985\" data-end=\"1055\">\n<p data-start=\"987\" data-end=\"1055\"><strong data-start=\"987\" data-end=\"1013\">Zamenljive plo\u0161\u010de<\/strong> za razli\u010dne velikosti in oblike tartletov.<\/p>\n<\/li>\n<li data-start=\"1056\" data-end=\"1124\">\n<p data-start=\"1058\" data-end=\"1124\"><strong data-start=\"1058\" data-end=\"1091\">Hitra in u\u010dinkovita proizvodnja<\/strong> - do 750 kola\u010dkov na uro.<\/p>\n<\/li>\n<li data-start=\"1125\" data-end=\"1219\">\n<p data-start=\"1127\" data-end=\"1219\"><strong data-start=\"1127\" data-end=\"1154\">Uporabniku prijazno upravljanje<\/strong> z digitalnim zaslonom za nadzor temperature in \u010dasa kuhanja.<\/p>\n<\/li>\n<li data-start=\"1220\" data-end=\"1353\">\n<p data-start=\"1222\" data-end=\"1353\">Zgrajeno z <strong data-start=\"1233\" data-end=\"1265\">trpe\u017eno ohi\u0161je iz nerjave\u010dega jekla<\/strong> in . <strong data-start=\"1270\" data-end=\"1303\">S teflonom prevle\u010dene aluminijaste plo\u0161\u010de<\/strong> za enostavno \u010di\u0161\u010denje in dolgotrajno delovanje.<\/p>\n<\/li>\n<li data-start=\"1354\" data-end=\"1468\">\n<p data-start=\"1356\" data-end=\"1468\"><strong data-start=\"1356\" data-end=\"1382\">Natan\u010den sistem ogrevanja<\/strong> z dvojnimi notranjimi upori in termo\u010dlenom J za natan\u010dno zaznavanje temperature.<\/p>\n<\/li>\n<\/ul>\n<h3 data-start=\"1475\" data-end=\"1505\">Tehni\u010dne specifikacije<\/h3>\n<div class=\"_tableContainer_1rjym_1\">\n<div class=\"_tableWrapper_1rjym_13 group flex w-fit flex-col-reverse\">\n<table>\n<thead>\n<tr>\n<th><strong>Kategorija<\/strong><\/th>\n<th><strong>Podrobnosti<\/strong><\/th>\n<\/tr>\n<\/thead>\n<tbody>\n<tr>\n<td><strong>Dimenzije stroja<\/strong><\/td>\n<td>D 54,5 \u00d7 \u0160 44 \u00d7 V 35 cm<\/td>\n<\/tr>\n<tr>\n<td><strong>Te\u017ea stroja<\/strong><\/td>\n<td>34 kg<\/td>\n<\/tr>\n<tr>\n<td><strong>Material telesa<\/strong><\/td>\n<td>Iz nerjave\u010dega jekla<\/td>\n<\/tr>\n<tr>\n<td><strong>Material plo\u0161\u010de<\/strong><\/td>\n<td>Aluminij s teflonsko prevleko<\/td>\n<\/tr>\n<tr>\n<td><strong>Dimenzije plo\u0161\u010de<\/strong><\/td>\n<td>D 32,9 \u00d7 \u0160 38 cm<\/td>\n<\/tr>\n<tr>\n<td><strong>Poraba<\/strong><\/td>\n<td>3,2 kW (trifazni)<\/td>\n<\/tr>\n<tr>\n<td><strong>Napajanje<\/strong><\/td>\n<td>230 V - 50\/60 Hz<\/td>\n<\/tr>\n<tr>\n<td><strong>Instrumentacija<\/strong><\/td>\n<td>Digitalni zaslon (temperatura in \u010das)<\/td>\n<\/tr>\n<tr>\n<td><strong>Ravnanje z izdelki<\/strong><\/td>\n<td>Priro\u010dnik<\/td>\n<\/tr>\n<tr>\n<td><strong>Ogrevalni sistem<\/strong><\/td>\n<td>2 Notranji upori<\/td>\n<\/tr>\n<tr>\n<td><strong>Najvi\u0161ja temperatura<\/strong><\/td>\n<td>250 \u00b0C<\/td>\n<\/tr>\n<tr>\n<td><strong>Zaznavanje temperature<\/strong><\/td>\n<td>Termoelement J<\/td>\n<\/tr>\n<\/tbody>\n<\/table>\n<\/div>\n<\/div>","protected":false},"excerpt":{"rendered":"<h3 data-start=\"1007\" data-end=\"1057\"><strong data-start=\"1011\" data-end=\"1055\">Stroj za tartlete - Tartlet Maker<\/strong><\/h3>\n<p data-start=\"1059\" data-end=\"1271\"><em data-start=\"1059\" data-end=\"1269\">Avtomatski aparat za izdelavo lupin za tartlete za hitro izdelavo enakomernih osnov za tartlete z minimalno koli\u010dino ro\u010dnega dela. Dosledna velikost, debelina in kakovost peke - kot nala\u0161\u010d za velikoserijsko proizvodnjo sla\u0161\u010dic ali gostinske laboratorije.<\/em><\/p>","protected":false},"featured_media":7401,"comment_status":"open","ping_status":"closed","template":"","meta":[],"product_brand":[],"product_cat":[70],"product_tag":[],"class_list":{"0":"post-7400","1":"product","2":"type-product","3":"status-publish","4":"has-post-thumbnail","6":"product_cat-pastry-line","8":"first","9":"instock","10":"shipping-taxable","11":"product-type-simple"},"_links":{"self":[{"href":"https:\/\/dersuessestopp.com\/sl\/wp-json\/wp\/v2\/product\/7400","targetHints":{"allow":["GET"]}}],"collection":[{"href":"https:\/\/dersuessestopp.com\/sl\/wp-json\/wp\/v2\/product"}],"about":[{"href":"https:\/\/dersuessestopp.com\/sl\/wp-json\/wp\/v2\/types\/product"}],"replies":[{"embeddable":true,"href":"https:\/\/dersuessestopp.com\/sl\/wp-json\/wp\/v2\/comments?post=7400"}],"version-history":[{"count":4,"href":"https:\/\/dersuessestopp.com\/sl\/wp-json\/wp\/v2\/product\/7400\/revisions"}],"predecessor-version":[{"id":9299,"href":"https:\/\/dersuessestopp.com\/sl\/wp-json\/wp\/v2\/product\/7400\/revisions\/9299"}],"wp:featuredmedia":[{"embeddable":true,"href":"https:\/\/dersuessestopp.com\/sl\/wp-json\/wp\/v2\/media\/7401"}],"wp:attachment":[{"href":"https:\/\/dersuessestopp.com\/sl\/wp-json\/wp\/v2\/media?parent=7400"}],"wp:term":[{"taxonomy":"product_brand","embeddable":true,"href":"https:\/\/dersuessestopp.com\/sl\/wp-json\/wp\/v2\/product_brand?post=7400"},{"taxonomy":"product_cat","embeddable":true,"href":"https:\/\/dersuessestopp.com\/sl\/wp-json\/wp\/v2\/product_cat?post=7400"},{"taxonomy":"product_tag","embeddable":true,"href":"https:\/\/dersuessestopp.com\/sl\/wp-json\/wp\/v2\/product_tag?post=7400"}],"curies":[{"name":"wp","href":"https:\/\/api.w.org\/{rel}","templated":true}]}}