{"id":7388,"date":"2025-09-01T07:24:20","date_gmt":"2025-09-01T07:24:20","guid":{"rendered":"https:\/\/dersuessestopp.com\/?post_type=product&#038;p=7388"},"modified":"2025-09-24T22:09:53","modified_gmt":"2025-09-24T22:09:53","slug":"ena-kitara","status":"publish","type":"product","link":"https:\/\/dersuessestopp.com\/sl\/product\/single-guitar\/","title":{"rendered":"Enotna kitara"},"content":{"rendered":"<p data-start=\"279\" data-end=\"668\">Spletna stran <strong data-start=\"283\" data-end=\"307\">Bilait Enotna kitara<\/strong> je vsestransko orodje za pecivo, zasnovano za <strong data-start=\"348\" data-end=\"379\">natan\u010dno in enakomerno rezanje<\/strong> sla\u0161\u010di\u010darskih izdelkov, vklju\u010dno s kremini, ganache, semifreddo in drugimi izdelki iz testa. Ta razli\u010dica z enim okvirjem je idealna za sla\u0161\u010di\u010darje in \u010dokoladnice, saj je enostavna za uporabo in idealna za proizvodnjo srednje velikih do velikih serij, kar zagotavlja \u010diste reze in vedno enake rezultate.<\/p>\n<h3 data-start=\"670\" data-end=\"692\">Lastnosti izdelka<\/h3>\n<ul data-start=\"693\" data-end=\"1016\">\n<li data-start=\"693\" data-end=\"777\">\n<p data-start=\"695\" data-end=\"777\">Na voljo v <strong data-start=\"708\" data-end=\"726\">enojna razli\u010dica<\/strong>, ki je zdru\u017eljiv z razli\u010dnimi velikostmi okvirjev.<\/p>\n<\/li>\n<li data-start=\"778\" data-end=\"866\">\n<p data-start=\"780\" data-end=\"866\">Ima zna\u010dilnosti an <strong data-start=\"792\" data-end=\"826\">inovativen sistem za blokiranje<\/strong> za hitro in varno vstavljanje okvirja.<\/p>\n<\/li>\n<li data-start=\"867\" data-end=\"928\">\n<p data-start=\"869\" data-end=\"928\">Zmanj\u0161uje <strong data-start=\"877\" data-end=\"925\">\u010das monta\u017ee, demonta\u017ee in vzdr\u017eevanja<\/strong>.<\/p>\n<\/li>\n<li data-start=\"929\" data-end=\"1016\">\n<p data-start=\"931\" data-end=\"1016\">Izdelano z <strong data-start=\"948\" data-end=\"975\">trpe\u017eno nerjavno jeklo<\/strong> za dolgoro\u010dno zanesljivost in higieno.<\/p>\n<\/li>\n<\/ul>\n<h3 data-start=\"1023\" data-end=\"1053\">Tehni\u010dne specifikacije<\/h3>\n<div class=\"_tableContainer_1rjym_1\">\n<div class=\"_tableWrapper_1rjym_13 group flex w-fit flex-col-reverse\">\n<table>\n<thead>\n<tr>\n<th><strong>Kategorija<\/strong><\/th>\n<th><strong>Podrobnosti<\/strong><\/th>\n<\/tr>\n<\/thead>\n<tbody>\n<tr>\n<td><strong>Dimenzije osnove<\/strong><\/td>\n<td>400 \u00d7 595 mm<\/td>\n<\/tr>\n<tr>\n<td><strong>Osnovna te\u017ea<\/strong><\/td>\n<td>6 kg<\/td>\n<\/tr>\n<tr>\n<td><strong>Modeli okvirjev<\/strong><\/td>\n<td>60 - 45 - 37,5 - 30 - 22,5 - 15 mm<\/td>\n<\/tr>\n<tr>\n<td><strong>Te\u017ea okvirja<\/strong><\/td>\n<td>6 kg<\/td>\n<\/tr>\n<tr>\n<td><strong>Velikost okvirja<\/strong><\/td>\n<td>430 \u00d7 650 mm<\/td>\n<\/tr>\n<tr>\n<td><strong>Material<\/strong><\/td>\n<td>Iz nerjave\u010dega jekla<\/td>\n<\/tr>\n<\/tbody>\n<\/table>\n<\/div>\n<\/div>","protected":false},"excerpt":{"rendered":"<h3 data-start=\"731\" data-end=\"779\"><strong data-start=\"735\" data-end=\"777\">Enotna kitara - sla\u0161\u010di\u010darska kitara<\/strong><\/h3>\n<p data-start=\"781\" data-end=\"1000\"><em data-start=\"781\" data-end=\"998\">Kompaktna kitara za pecivo z enim okvirjem za popolnoma enakomerno rezanje ganacheja, pralinej, marshmallows in drugih izdelkov. Enostavno upravljanje in \u010di\u0161\u010denje - nujna oprema za obrtni\u0161ke \u010dokoladnice in sla\u0161\u010di\u010darje, ki delajo z manj\u0161imi serijami.<\/em><\/p>","protected":false},"featured_media":7389,"comment_status":"open","ping_status":"closed","template":"","meta":[],"product_brand":[],"product_cat":[70],"product_tag":[],"class_list":{"0":"post-7388","1":"product","2":"type-product","3":"status-publish","4":"has-post-thumbnail","6":"product_cat-pastry-line","8":"first","9":"instock","10":"shipping-taxable","11":"product-type-simple"},"_links":{"self":[{"href":"https:\/\/dersuessestopp.com\/sl\/wp-json\/wp\/v2\/product\/7388","targetHints":{"allow":["GET"]}}],"collection":[{"href":"https:\/\/dersuessestopp.com\/sl\/wp-json\/wp\/v2\/product"}],"about":[{"href":"https:\/\/dersuessestopp.com\/sl\/wp-json\/wp\/v2\/types\/product"}],"replies":[{"embeddable":true,"href":"https:\/\/dersuessestopp.com\/sl\/wp-json\/wp\/v2\/comments?post=7388"}],"version-history":[{"count":3,"href":"https:\/\/dersuessestopp.com\/sl\/wp-json\/wp\/v2\/product\/7388\/revisions"}],"predecessor-version":[{"id":9300,"href":"https:\/\/dersuessestopp.com\/sl\/wp-json\/wp\/v2\/product\/7388\/revisions\/9300"}],"wp:featuredmedia":[{"embeddable":true,"href":"https:\/\/dersuessestopp.com\/sl\/wp-json\/wp\/v2\/media\/7389"}],"wp:attachment":[{"href":"https:\/\/dersuessestopp.com\/sl\/wp-json\/wp\/v2\/media?parent=7388"}],"wp:term":[{"taxonomy":"product_brand","embeddable":true,"href":"https:\/\/dersuessestopp.com\/sl\/wp-json\/wp\/v2\/product_brand?post=7388"},{"taxonomy":"product_cat","embeddable":true,"href":"https:\/\/dersuessestopp.com\/sl\/wp-json\/wp\/v2\/product_cat?post=7388"},{"taxonomy":"product_tag","embeddable":true,"href":"https:\/\/dersuessestopp.com\/sl\/wp-json\/wp\/v2\/product_tag?post=7388"}],"curies":[{"name":"wp","href":"https:\/\/api.w.org\/{rel}","templated":true}]}}