{"id":7378,"date":"2025-09-01T07:21:30","date_gmt":"2025-09-01T07:21:30","guid":{"rendered":"https:\/\/dersuessestopp.com\/?post_type=product&#038;p=7378"},"modified":"2025-09-24T22:10:35","modified_gmt":"2025-09-24T22:10:35","slug":"dvojna-kitara","status":"publish","type":"product","link":"https:\/\/dersuessestopp.com\/sl\/product\/double-guitar\/","title":{"rendered":"Dvojna kitara"},"content":{"rendered":"<h3 data-start=\"184\" data-end=\"201\">Opis<\/h3>\n<p data-start=\"202\" data-end=\"678\">Spletna stran <strong data-start=\"206\" data-end=\"230\">Dvojna kitara Bilait<\/strong> je profesionalno sla\u0161\u010di\u010darsko orodje, zasnovano za <strong data-start=\"274\" data-end=\"319\">natan\u010dno rezanje sla\u0161\u010dic<\/strong> kot so kremini, ganache, semifreddo in druge ne\u017ene kreacije iz testa. Sistem z dvojnim okvirjem omogo\u010da hitro in enakomerno rezanje, zato je \u0161e posebej primeren za dosledno in natan\u010dno izdelavo velikih serij. V obrtni\u0161kih delavnicah ali profesionalnih sla\u0161\u010di\u010darskih kuhinjah dvojna kitara zagotavlja u\u010dinkovitost in natan\u010dnost pri vsakem rezu.<\/p>\n<h3 data-start=\"680\" data-end=\"702\">Lastnosti izdelka<\/h3>\n<ul data-start=\"703\" data-end=\"1027\">\n<li data-start=\"703\" data-end=\"784\">\n<p data-start=\"705\" data-end=\"784\">Na voljo v <strong data-start=\"718\" data-end=\"754\">razli\u010dica za eno ali dve kitari<\/strong> za vsestransko uporabo.<\/p>\n<\/li>\n<li data-start=\"785\" data-end=\"873\">\n<p data-start=\"787\" data-end=\"873\">Zasnovan z <strong data-start=\"804\" data-end=\"838\">inovativen sistem za blokiranje<\/strong> ki poenostavlja vstavljanje okvirjev.<\/p>\n<\/li>\n<li data-start=\"874\" data-end=\"949\">\n<p data-start=\"876\" data-end=\"949\">Znatno zmanj\u0161a <strong data-start=\"898\" data-end=\"946\">\u010das monta\u017ee, demonta\u017ee in vzdr\u017eevanja<\/strong>.<\/p>\n<\/li>\n<li data-start=\"950\" data-end=\"1027\">\n<p data-start=\"952\" data-end=\"1027\">V celoti izdelan iz <strong data-start=\"978\" data-end=\"997\">iz nerjave\u010dega jekla<\/strong> za vzdr\u017eljivost in higieno.<\/p>\n<\/li>\n<\/ul>\n<h3 data-start=\"1034\" data-end=\"1064\">Tehni\u010dne specifikacije<\/h3>\n<div class=\"_tableContainer_1rjym_1\">\n<div class=\"_tableWrapper_1rjym_13 group flex w-fit flex-col-reverse\">\n<table>\n<thead>\n<tr>\n<th><strong>Kategorija<\/strong><\/th>\n<th><strong>Podrobnosti<\/strong><\/th>\n<\/tr>\n<\/thead>\n<tbody>\n<tr>\n<td><strong>Dimenzije osnove<\/strong><\/td>\n<td>530 \u00d7 520 mm<\/td>\n<\/tr>\n<tr>\n<td><strong>Osnovna te\u017ea<\/strong><\/td>\n<td>14 kg<\/td>\n<\/tr>\n<tr>\n<td><strong>Modeli okvirjev<\/strong><\/td>\n<td>60 - 45 - 37,5 - 30 - 22,5 - 15 mm<\/td>\n<\/tr>\n<tr>\n<td><strong>Te\u017ea okvirja<\/strong><\/td>\n<td>6 kg<\/td>\n<\/tr>\n<tr>\n<td><strong>Velikost okvirja<\/strong><\/td>\n<td>430 \u00d7 650 mm<\/td>\n<\/tr>\n<tr>\n<td><strong>Material<\/strong><\/td>\n<td>Iz nerjave\u010dega jekla<\/td>\n<\/tr>\n<\/tbody>\n<\/table>\n<\/div>\n<\/div>","protected":false},"excerpt":{"rendered":"<h3 data-start=\"415\" data-end=\"463\"><strong data-start=\"419\" data-end=\"461\">Dvojna kitara - sla\u0161\u010di\u010darska kitara<\/strong><\/h3>\n<p data-start=\"465\" data-end=\"724\"><em data-start=\"465\" data-end=\"722\">Profesionalna kitara za pecivo z dvojnim okvirjem za rezanje ve\u010dplastnih sladic, pralin, ganacheja ali \u017eelejev na enakomerne kvadrate ali pravokotnike. Dva zamenljiva okvirja za razli\u010dne velikosti rezanja. Strune iz nerjave\u010dega jekla zagotavljajo \u010diste reze in visoko produktivnost.<\/em><\/p>","protected":false},"featured_media":7379,"comment_status":"open","ping_status":"closed","template":"","meta":[],"product_brand":[],"product_cat":[70],"product_tag":[],"class_list":{"0":"post-7378","1":"product","2":"type-product","3":"status-publish","4":"has-post-thumbnail","6":"product_cat-pastry-line","8":"first","9":"instock","10":"shipping-taxable","11":"product-type-simple"},"_links":{"self":[{"href":"https:\/\/dersuessestopp.com\/sl\/wp-json\/wp\/v2\/product\/7378","targetHints":{"allow":["GET"]}}],"collection":[{"href":"https:\/\/dersuessestopp.com\/sl\/wp-json\/wp\/v2\/product"}],"about":[{"href":"https:\/\/dersuessestopp.com\/sl\/wp-json\/wp\/v2\/types\/product"}],"replies":[{"embeddable":true,"href":"https:\/\/dersuessestopp.com\/sl\/wp-json\/wp\/v2\/comments?post=7378"}],"version-history":[{"count":3,"href":"https:\/\/dersuessestopp.com\/sl\/wp-json\/wp\/v2\/product\/7378\/revisions"}],"predecessor-version":[{"id":9301,"href":"https:\/\/dersuessestopp.com\/sl\/wp-json\/wp\/v2\/product\/7378\/revisions\/9301"}],"wp:featuredmedia":[{"embeddable":true,"href":"https:\/\/dersuessestopp.com\/sl\/wp-json\/wp\/v2\/media\/7379"}],"wp:attachment":[{"href":"https:\/\/dersuessestopp.com\/sl\/wp-json\/wp\/v2\/media?parent=7378"}],"wp:term":[{"taxonomy":"product_brand","embeddable":true,"href":"https:\/\/dersuessestopp.com\/sl\/wp-json\/wp\/v2\/product_brand?post=7378"},{"taxonomy":"product_cat","embeddable":true,"href":"https:\/\/dersuessestopp.com\/sl\/wp-json\/wp\/v2\/product_cat?post=7378"},{"taxonomy":"product_tag","embeddable":true,"href":"https:\/\/dersuessestopp.com\/sl\/wp-json\/wp\/v2\/product_tag?post=7378"}],"curies":[{"name":"wp","href":"https:\/\/api.w.org\/{rel}","templated":true}]}}