{"id":7365,"date":"2025-09-01T07:17:30","date_gmt":"2025-09-01T07:17:30","guid":{"rendered":"https:\/\/dersuessestopp.com\/?post_type=product&#038;p=7365"},"modified":"2025-09-24T22:11:43","modified_gmt":"2025-09-24T22:11:43","slug":"chocohot-spray","status":"publish","type":"product","link":"https:\/\/dersuessestopp.com\/sl\/product\/chocohot-spray\/","title":{"rendered":"Chocohot Spray"},"content":{"rendered":"<p data-start=\"262\" data-end=\"586\">Spletna stran <strong data-start=\"266\" data-end=\"284\">Chocohot Spray<\/strong> je profesionalni stroj, zasnovan za enostavno izdelavo elegantnih dekoracij iz \u010dokolade in kakavovega masla. Z drobljenjem \u010dokolade ali kakavovega masla - po \u017eelji z barvilom za \u017eivila - omogo\u010da \u010dokoladnicam in sla\u0161\u010di\u010darjem, da uporabijo \u017eivahne barve in teksture na pralinejih, tortah, velikono\u010dnih jajcih in drugem.<\/p>\n<p data-start=\"588\" data-end=\"1018\">Ta kompaktni model vklju\u010duje <strong data-start=\"618\" data-end=\"636\">ogrevana komora<\/strong> ki izdelek ohranja na pravilni delovni temperaturi in zagotavlja ustrezno temperiranje za uporabo \u010dokolade in kakavovega masla. Na spletni strani <strong data-start=\"775\" data-end=\"794\">sistem airbrush<\/strong> z nastavljivimi gumbi omogo\u010da popoln nadzor nad velikostjo delcev, pokritostjo in u\u010dinki pr\u0161enja. Najbolj priljubljen zaklju\u010dek <strong data-start=\"917\" data-end=\"934\">u\u010dinek \u017eameta<\/strong>, so sladice videti vizualno osupljive, edina omejitev pa je va\u0161a ustvarjalnost.<\/p>\n<h2 data-start=\"1025\" data-end=\"1046\">Lastnosti izdelka<\/h2>\n<ul data-start=\"1047\" data-end=\"1326\">\n<li data-start=\"1047\" data-end=\"1107\">\n<p data-start=\"1049\" data-end=\"1107\">Profesionalni airbrush sistem za pr\u0161enje z 1L posodo.<\/p>\n<\/li>\n<li data-start=\"1108\" data-end=\"1171\">\n<p data-start=\"1110\" data-end=\"1171\">Ogrevana komora za temperiranje \u010dokolade in kakavovega masla.<\/p>\n<\/li>\n<li data-start=\"1172\" data-end=\"1234\">\n<p data-start=\"1174\" data-end=\"1234\">Nastavljive nastavitve pr\u0161enja za ve\u010d dekorativnih u\u010dinkov.<\/p>\n<\/li>\n<li data-start=\"1235\" data-end=\"1287\">\n<p data-start=\"1237\" data-end=\"1287\">Ohi\u0161je iz nerjave\u010dega jekla za vzdr\u017eljivost in higieno.<\/p>\n<\/li>\n<li data-start=\"1288\" data-end=\"1326\">\n<p data-start=\"1290\" data-end=\"1326\">Idealno za dodelavo z \u017eametnim u\u010dinkom.<\/p>\n<\/li>\n<\/ul>\n<h2 data-start=\"1333\" data-end=\"1362\">Tehni\u010dne specifikacije<\/h2>\n<div class=\"_tableContainer_1rjym_1\">\n<div class=\"_tableWrapper_1rjym_13 group flex w-fit flex-col-reverse\">\n<table>\n<thead>\n<tr>\n<th><strong>Kategorija<\/strong><\/th>\n<th><strong>Podrobnosti<\/strong><\/th>\n<\/tr>\n<\/thead>\n<tbody>\n<tr>\n<td><strong>Dimenzije in te\u017ea<\/strong><\/td>\n<td>Dol\u017eina: 24 cm \u0160irina: 22 cm Vi\u0161ina: 45 cm Te\u017ea: 12 kg Material: Material: nerjave\u010de jeklo<\/td>\n<\/tr>\n<tr>\n<td><strong>Poraba<\/strong><\/td>\n<td>0,5 kW 220 V, 50\/60 Hz<\/td>\n<\/tr>\n<tr>\n<td><strong>Instrumentacija in elektri\u010dni sistem<\/strong><\/td>\n<td>Digitalni prikazovalnik temperature 1x Regulator tlaka 1x Manometer 2x Priklju\u010dki za priklju\u010ditev kompresorja<\/td>\n<\/tr>\n<tr>\n<td><strong>Lastnosti \u010dopi\u010da Airbrush<\/strong><\/td>\n<td>Dimenzije: Nastavljiva \u0161oba: 20 \u00d7 11 \u00d7 26 cm Prostornina posode: 1 l 3x Krmilni gumbi: dovod zraka, koli\u010dina izdelka, odvod zraka 1,9 mm nastavljiva \u0161oba<\/td>\n<\/tr>\n<tr>\n<td><strong>Ogrevalni sistem<\/strong><\/td>\n<td>1x ogrevana komora z re\u017eo za airbrush 1x grelni upor 1x ventilator za prezra\u010devanje vro\u010dega zraka<\/td>\n<\/tr>\n<\/tbody>\n<\/table>\n<\/div>\n<\/div>","protected":false},"excerpt":{"rendered":"<h3 data-start=\"1213\" data-end=\"1290\"><strong data-start=\"1217\" data-end=\"1288\">Chocohot Spray - Stroj za razpr\u0161evanje \u010dokolade in kakavovega masla<\/strong><\/h3>\n<p data-start=\"1292\" data-end=\"1545\"><em data-start=\"1292\" data-end=\"1543\">Stroj za brizganje \u010dokolade in kakavovega masla z enim rezervoarjem. Odli\u010den za nana\u0161anje gladkega dekorativnega premaza na torte, peciva, praline ali polpete. Hitro, natan\u010dno in higieni\u010dno - nujno orodje za profesionalne \u010dokoladnice in sla\u0161\u010di\u010darje.<\/em><\/p>","protected":false},"featured_media":7366,"comment_status":"open","ping_status":"closed","template":"","meta":[],"product_brand":[],"product_cat":[52],"product_tag":[],"class_list":{"0":"post-7365","1":"product","2":"type-product","3":"status-publish","4":"has-post-thumbnail","6":"product_cat-chocolate-equipment","8":"first","9":"instock","10":"shipping-taxable","11":"product-type-simple"},"_links":{"self":[{"href":"https:\/\/dersuessestopp.com\/sl\/wp-json\/wp\/v2\/product\/7365","targetHints":{"allow":["GET"]}}],"collection":[{"href":"https:\/\/dersuessestopp.com\/sl\/wp-json\/wp\/v2\/product"}],"about":[{"href":"https:\/\/dersuessestopp.com\/sl\/wp-json\/wp\/v2\/types\/product"}],"replies":[{"embeddable":true,"href":"https:\/\/dersuessestopp.com\/sl\/wp-json\/wp\/v2\/comments?post=7365"}],"version-history":[{"count":3,"href":"https:\/\/dersuessestopp.com\/sl\/wp-json\/wp\/v2\/product\/7365\/revisions"}],"predecessor-version":[{"id":9302,"href":"https:\/\/dersuessestopp.com\/sl\/wp-json\/wp\/v2\/product\/7365\/revisions\/9302"}],"wp:featuredmedia":[{"embeddable":true,"href":"https:\/\/dersuessestopp.com\/sl\/wp-json\/wp\/v2\/media\/7366"}],"wp:attachment":[{"href":"https:\/\/dersuessestopp.com\/sl\/wp-json\/wp\/v2\/media?parent=7365"}],"wp:term":[{"taxonomy":"product_brand","embeddable":true,"href":"https:\/\/dersuessestopp.com\/sl\/wp-json\/wp\/v2\/product_brand?post=7365"},{"taxonomy":"product_cat","embeddable":true,"href":"https:\/\/dersuessestopp.com\/sl\/wp-json\/wp\/v2\/product_cat?post=7365"},{"taxonomy":"product_tag","embeddable":true,"href":"https:\/\/dersuessestopp.com\/sl\/wp-json\/wp\/v2\/product_tag?post=7365"}],"curies":[{"name":"wp","href":"https:\/\/api.w.org\/{rel}","templated":true}]}}