{"id":7352,"date":"2025-09-01T07:13:03","date_gmt":"2025-09-01T07:13:03","guid":{"rendered":"https:\/\/dersuessestopp.com\/?post_type=product&#038;p=7352"},"modified":"2025-09-24T22:12:30","modified_gmt":"2025-09-24T22:12:30","slug":"dvojno-razprsilo-chocohot","status":"publish","type":"product","link":"https:\/\/dersuessestopp.com\/sl\/product\/chocohot-spray-double\/","title":{"rendered":"Chocohot Spray Double"},"content":{"rendered":"<p data-start=\"286\" data-end=\"624\">Spletna stran <strong data-start=\"290\" data-end=\"315\">Chocohot Spray Double<\/strong> je profesionalni brizgalni stroj, namenjen \u010dokoladnicam, sla\u0161\u010di\u010darjem in obrtnikom, ki \u017eelijo svoje izdelke izbolj\u0161ati z dekorativnimi zaklju\u010dki. Ta stroj, ki je idealen za pralineji, torte, mousses in velikono\u010dna jajca, natan\u010dno razpr\u0161i \u010dokolado ali kakavovo maslo in ponuja neskon\u010dne ustvarjalne mo\u017enosti.<\/p>\n<p data-start=\"626\" data-end=\"1028\">Opremljen z <strong data-start=\"640\" data-end=\"663\">dve ogrevani komori<\/strong> in . <strong data-start=\"668\" data-end=\"699\">dva profesionalna zra\u010dna \u010dopi\u010da<\/strong>, Chocohot Spray Double omogo\u010da hkratno razpr\u0161evanje dveh razli\u010dnih izdelkov, na primer obarvanega kakavovega masla ali \u010dokolade, pri tem pa ohranja idealno delovno temperaturo. Z nastavljanjem ro\u010dic airbrusha lahko nadzirate debelino in slog pr\u0161enja, od finih \u017eametnih tekstur do debelej\u0161ih dekorativnih slojev.<\/p>\n<p data-start=\"1030\" data-end=\"1179\">Zaradi te dvojne funkcionalnosti je nepogre\u0161ljivo orodje za profesionalne kuhinje in \u010dokoladnice, saj zdru\u017euje vsestranskost, vzdr\u017eljivost in enostavnost uporabe.<\/p>\n<h3 data-start=\"1186\" data-end=\"1208\">Lastnosti izdelka<\/h3>\n<ul data-start=\"1209\" data-end=\"1640\">\n<li data-start=\"1209\" data-end=\"1299\">\n<p data-start=\"1211\" data-end=\"1299\">Dve ogrevani komori za ohranjanje popolne temperature \u010dokolade ali kakavovega masla.<\/p>\n<\/li>\n<li data-start=\"1300\" data-end=\"1407\">\n<p data-start=\"1302\" data-end=\"1407\">Dve profesionalni zra\u010dni \u0161\u010detki z <strong data-start=\"1335\" data-end=\"1357\">zmogljivost 1 kg na kos<\/strong>, ki je povezan s kompresorjem za nemoteno razpr\u0161evanje.<\/p>\n<\/li>\n<li data-start=\"1408\" data-end=\"1494\">\n<p data-start=\"1410\" data-end=\"1494\">Nastavljiva intenzivnost pr\u0161enja za razli\u010dne dekorativne u\u010dinke (npr. \u017eametni zaklju\u010dek).<\/p>\n<\/li>\n<li data-start=\"1495\" data-end=\"1570\">\n<p data-start=\"1497\" data-end=\"1570\">V celoti iz nerjave\u010dega jekla za vzdr\u017eljivost in enostavno \u010di\u0161\u010denje.<\/p>\n<\/li>\n<li data-start=\"1571\" data-end=\"1640\">\n<p data-start=\"1573\" data-end=\"1640\">Digitalni nadzor in natan\u010dni regulatorji za natan\u010dno delovanje.<\/p>\n<\/li>\n<\/ul>\n<h3 data-start=\"1647\" data-end=\"1677\">Tehni\u010dne specifikacije<\/h3>\n<table>\n<thead>\n<tr>\n<th>Specifikacija<\/th>\n<th>Vrednost<\/th>\n<\/tr>\n<\/thead>\n<tbody>\n<tr>\n<td>Dol\u017eina stroja<\/td>\n<td>24 cm<\/td>\n<\/tr>\n<tr>\n<td>\u0160irina stroja<\/td>\n<td>44 cm<\/td>\n<\/tr>\n<tr>\n<td>Vi\u0161ina stroja<\/td>\n<td>45 cm<\/td>\n<\/tr>\n<tr>\n<td>Te\u017ea stroja<\/td>\n<td>26 kg<\/td>\n<\/tr>\n<tr>\n<td>Material telesa<\/td>\n<td>Iz nerjave\u010dega jekla<\/td>\n<\/tr>\n<\/tbody>\n<\/table>\n<h4 data-start=\"1900\" data-end=\"1927\">Poraba elektri\u010dne energije<\/h4>\n<div class=\"_tableContainer_1rjym_1\">\n<div class=\"_tableWrapper_1rjym_13 group flex w-fit flex-col-reverse\">\n<table>\n<thead>\n<tr>\n<th>Specifikacija<\/th>\n<th>Vrednost<\/th>\n<\/tr>\n<\/thead>\n<tbody>\n<tr>\n<td>Napajanje<\/td>\n<td>1000 W<\/td>\n<\/tr>\n<tr>\n<td>Napetost<\/td>\n<td>230 V<\/td>\n<\/tr>\n<tr>\n<td>Frekvenca<\/td>\n<td>50\/60 Hz<\/td>\n<\/tr>\n<\/tbody>\n<\/table>\n<h4 data-start=\"2045\" data-end=\"2075\">Krmiljenje in instrumenti<\/h4>\n<div class=\"_tableContainer_1rjym_1\">\n<div class=\"_tableWrapper_1rjym_13 group flex w-fit flex-col-reverse\">\n<table>\n<thead>\n<tr>\n<th>Specifikacija<\/th>\n<th>Vrednost<\/th>\n<\/tr>\n<\/thead>\n<tbody>\n<tr>\n<td>Digitalni zasloni<\/td>\n<td>2 (za nadzor temperature v komori)<\/td>\n<\/tr>\n<tr>\n<td>Regulatorji tlaka<\/td>\n<td>2<\/td>\n<\/tr>\n<tr>\n<td>Merilniki tlaka<\/td>\n<td>2<\/td>\n<\/tr>\n<tr>\n<td>Priklju\u010dki za zrak<\/td>\n<td>4 (dovod iz kompresorja in odvod do zra\u010dnih \u0161\u010detk)<\/td>\n<\/tr>\n<\/tbody>\n<\/table>\n<h4 data-start=\"2310\" data-end=\"2332\">Lastnosti \u010dopi\u010da Airbrush<\/h4>\n<div class=\"_tableContainer_1rjym_1\">\n<div class=\"_tableWrapper_1rjym_13 group flex w-fit flex-col-reverse\">\n<table>\n<thead>\n<tr>\n<th>Specifikacija<\/th>\n<th>Vrednost<\/th>\n<\/tr>\n<\/thead>\n<tbody>\n<tr>\n<td>\u0160tevilo zra\u010dnih \u0161\u010detk<\/td>\n<td>2<\/td>\n<\/tr>\n<tr>\n<td>Dimenzije \u010dopi\u010da<\/td>\n<td>20 \u00d7 11 \u00d7 26 cm<\/td>\n<\/tr>\n<tr>\n<td>Zmogljivost zabojnika<\/td>\n<td>po 1 kg<\/td>\n<\/tr>\n<tr>\n<td>Gumbi<\/td>\n<td>dovod zraka, pretok izdelka, izpuh zraka<\/td>\n<\/tr>\n<tr>\n<td>Velikost \u0161obe<\/td>\n<td>1,9 mm, nastavljivo odpiranje<\/td>\n<\/tr>\n<\/tbody>\n<\/table>\n<h4 data-start=\"2586\" data-end=\"2605\">Ogrevalni sistem<\/h4>\n<div class=\"_tableContainer_1rjym_1\">\n<div class=\"_tableWrapper_1rjym_13 group flex w-fit flex-col-reverse\">\n<table>\n<thead>\n<tr>\n<th>Specifikacija<\/th>\n<th>Vrednost<\/th>\n<\/tr>\n<\/thead>\n<tbody>\n<tr>\n<td>Ogrevane komore<\/td>\n<td>2 (za shranjevanje airbrusha)<\/td>\n<\/tr>\n<tr>\n<td>Grelni elementi<\/td>\n<td>2<\/td>\n<\/tr>\n<tr>\n<td>Ventilatorji<\/td>\n<td>2 (za prezra\u010devanje s toplim zrakom)<\/td>\n<\/tr>\n<\/tbody>\n<\/table>\n<\/div>\n<\/div>\n<\/div>\n<\/div>\n<\/div>\n<\/div>\n<\/div>\n<\/div>","protected":false},"excerpt":{"rendered":"<h3 data-start=\"809\" data-end=\"893\"><strong data-start=\"813\" data-end=\"891\">Chocohot Spray Double - stroj za razpr\u0161evanje \u010dokolade in kakavovega masla<\/strong><\/h3>\n<p data-start=\"895\" data-end=\"1206\"><em data-start=\"895\" data-end=\"1204\">Stroj za razpr\u0161evanje \u010dokolade in kakavovega masla z dvema rezervoarjema. Omogo\u010da nalaganje dveh razli\u010dnih izdelkov (npr. temnega in belega) in takoj\u0161nje preklapljanje. Ustvari enakomeren, \u017eameten zaklju\u010dek na tortah, pralinejih, semifreddu in zamrznjenih sladicah. Ohi\u0161je iz nerjave\u010dega jekla, enostavno za \u010di\u0161\u010denje in zasnovano za intenzivno profesionalno uporabo.<\/em><\/p>","protected":false},"featured_media":7354,"comment_status":"open","ping_status":"closed","template":"","meta":[],"product_brand":[],"product_cat":[52],"product_tag":[],"class_list":{"0":"post-7352","1":"product","2":"type-product","3":"status-publish","4":"has-post-thumbnail","6":"product_cat-chocolate-equipment","8":"first","9":"instock","10":"shipping-taxable","11":"product-type-simple"},"_links":{"self":[{"href":"https:\/\/dersuessestopp.com\/sl\/wp-json\/wp\/v2\/product\/7352","targetHints":{"allow":["GET"]}}],"collection":[{"href":"https:\/\/dersuessestopp.com\/sl\/wp-json\/wp\/v2\/product"}],"about":[{"href":"https:\/\/dersuessestopp.com\/sl\/wp-json\/wp\/v2\/types\/product"}],"replies":[{"embeddable":true,"href":"https:\/\/dersuessestopp.com\/sl\/wp-json\/wp\/v2\/comments?post=7352"}],"version-history":[{"count":3,"href":"https:\/\/dersuessestopp.com\/sl\/wp-json\/wp\/v2\/product\/7352\/revisions"}],"predecessor-version":[{"id":9303,"href":"https:\/\/dersuessestopp.com\/sl\/wp-json\/wp\/v2\/product\/7352\/revisions\/9303"}],"wp:featuredmedia":[{"embeddable":true,"href":"https:\/\/dersuessestopp.com\/sl\/wp-json\/wp\/v2\/media\/7354"}],"wp:attachment":[{"href":"https:\/\/dersuessestopp.com\/sl\/wp-json\/wp\/v2\/media?parent=7352"}],"wp:term":[{"taxonomy":"product_brand","embeddable":true,"href":"https:\/\/dersuessestopp.com\/sl\/wp-json\/wp\/v2\/product_brand?post=7352"},{"taxonomy":"product_cat","embeddable":true,"href":"https:\/\/dersuessestopp.com\/sl\/wp-json\/wp\/v2\/product_cat?post=7352"},{"taxonomy":"product_tag","embeddable":true,"href":"https:\/\/dersuessestopp.com\/sl\/wp-json\/wp\/v2\/product_tag?post=7352"}],"curies":[{"name":"wp","href":"https:\/\/api.w.org\/{rel}","templated":true}]}}