{"id":7337,"date":"2025-09-01T07:07:43","date_gmt":"2025-09-01T07:07:43","guid":{"rendered":"https:\/\/dersuessestopp.com\/?post_type=product&#038;p=7337"},"modified":"2025-09-24T22:13:16","modified_gmt":"2025-09-24T22:13:16","slug":"chocobox","status":"publish","type":"product","link":"https:\/\/dersuessestopp.com\/sl\/product\/chocobox\/","title":{"rendered":"Chocobox"},"content":{"rendered":"<p data-start=\"149\" data-end=\"727\">Ne glede na to, ali ste \u010dokoladnik, sla\u0161\u010di\u010dar ali vodja restavracije. <strong data-start=\"221\" data-end=\"257\">Bilait Chocobox talilnik \u010dokolade<\/strong> je zasnovan tako, da izpolnjuje vse poklicne potrebe. Na voljo v ve\u010d velikostih - <strong data-start=\"333\" data-end=\"367\">0,8L, 1,5L, 2,5L, 3,5L in 6L<\/strong> - zagotavlja gladko taljenje in odli\u010dno ohranjanje temperature do <strong data-start=\"438\" data-end=\"446\">50\u00b0C<\/strong>. Na spletni strani . <strong data-start=\"452\" data-end=\"477\">zamenljivi pladnji<\/strong> omogo\u010da enostavno preklapljanje med razli\u010dnimi vrstami \u010dokolade, s \u010dimer je delovni proces u\u010dinkovitej\u0161i. Zgrajen z <strong data-start=\"588\" data-end=\"612\">ohi\u0161je iz nerjave\u010dega jekla<\/strong>, ta talilnik ne zagotavlja le vzdr\u017eljivosti, temve\u010d tudi odli\u010dno toplotno prevodnost za dosledne rezultate.<\/p>\n<h3 data-start=\"734\" data-end=\"756\">Lastnosti izdelka<\/h3>\n<ul data-start=\"757\" data-end=\"1064\">\n<li data-start=\"757\" data-end=\"825\">\n<p data-start=\"759\" data-end=\"825\">Na voljo v <strong data-start=\"772\" data-end=\"791\">pet zmogljivosti<\/strong>: 0,8 l, 1,5 l, 2,5 l, 3,5 l in 6 l<\/p>\n<\/li>\n<li data-start=\"826\" data-end=\"859\">\n<p data-start=\"828\" data-end=\"859\"><strong data-start=\"828\" data-end=\"852\">Najvi\u0161ja temperatura:<\/strong> 50\u00b0C<\/p>\n<\/li>\n<li data-start=\"860\" data-end=\"926\">\n<p data-start=\"862\" data-end=\"926\"><strong data-start=\"862\" data-end=\"887\">Zamenljivi pladnji<\/strong> za delo z ve\u010d \u010dokoladami<\/p>\n<\/li>\n<li data-start=\"927\" data-end=\"1000\">\n<p data-start=\"929\" data-end=\"1000\"><strong data-start=\"929\" data-end=\"958\">Struktura iz nerjave\u010dega jekla<\/strong> za vzdr\u017eljivost in bolj\u0161i prenos toplote<\/p>\n<\/li>\n<li data-start=\"1001\" data-end=\"1064\">\n<p data-start=\"1003\" data-end=\"1064\">Idealno za profesionalne delavnice, pekarne in restavracije<\/p>\n<\/li>\n<\/ul>\n<h3 data-start=\"1071\" data-end=\"1101\">Tehni\u010dne specifikacije<\/h3>\n<div class=\"_tableContainer_1rjym_1\">\n<div class=\"_tableWrapper_1rjym_13 group flex w-fit flex-col-reverse\">\n<table>\n<thead>\n<tr>\n<th>Funkcija<\/th>\n<th>Podrobnosti<\/th>\n<\/tr>\n<\/thead>\n<tbody>\n<tr>\n<td><strong>Material<\/strong><\/td>\n<td>Iz nerjave\u010dega jekla<\/td>\n<\/tr>\n<tr>\n<td><strong>Zmogljivost<\/strong><\/td>\n<td>0,8 L \/ 1,5 L \/ 2,5 L \/ 3,5 L \/ 6 L<\/td>\n<\/tr>\n<tr>\n<td><strong>Dimenzije<\/strong><\/td>\n<td>230 \u00d7 140 \u00d7 270 mm<\/td>\n<\/tr>\n<tr>\n<td><strong>Te\u017ea<\/strong><\/td>\n<td>Odvisno od modela<\/td>\n<\/tr>\n<tr>\n<td><strong>Najvi\u0161ja temperatura<\/strong><\/td>\n<td>50\u00b0C<\/td>\n<\/tr>\n<tr>\n<td><strong>Poraba<\/strong><\/td>\n<td>60W<\/td>\n<\/tr>\n<tr>\n<td><strong>Napetost<\/strong><\/td>\n<td>230V<\/td>\n<\/tr>\n<tr>\n<td><strong>Frekvenca<\/strong><\/td>\n<td>50\/60 Hz<\/td>\n<\/tr>\n<\/tbody>\n<\/table>\n<\/div>\n<\/div>","protected":false},"excerpt":{"rendered":"<h3 data-start=\"490\" data-end=\"536\"><strong data-start=\"494\" data-end=\"534\"> Chocobox - talilnik \u010dokolade<\/strong><\/h3>\n<p data-start=\"538\" data-end=\"802\"><em data-start=\"538\" data-end=\"800\">Kompaktni profesionalni topilnik za \u010dokolado, fondant ali premaze. Chocobox z enakomernim segrevanjem in enostavnim nadzorom ohranja \u010dokolado na popolni delovni temperaturi. Idealen za namakanje, oblikovanje in proizvodnjo majhnih serij v sla\u0161\u010di\u010darnah, kavarnah in \u010dokoladnih laboratorijih.<\/em><\/p>","protected":false},"featured_media":7338,"comment_status":"open","ping_status":"closed","template":"","meta":[],"product_brand":[],"product_cat":[52],"product_tag":[],"class_list":{"0":"post-7337","1":"product","2":"type-product","3":"status-publish","4":"has-post-thumbnail","6":"product_cat-chocolate-equipment","8":"first","9":"instock","10":"shipping-taxable","11":"product-type-simple"},"_links":{"self":[{"href":"https:\/\/dersuessestopp.com\/sl\/wp-json\/wp\/v2\/product\/7337","targetHints":{"allow":["GET"]}}],"collection":[{"href":"https:\/\/dersuessestopp.com\/sl\/wp-json\/wp\/v2\/product"}],"about":[{"href":"https:\/\/dersuessestopp.com\/sl\/wp-json\/wp\/v2\/types\/product"}],"replies":[{"embeddable":true,"href":"https:\/\/dersuessestopp.com\/sl\/wp-json\/wp\/v2\/comments?post=7337"}],"version-history":[{"count":3,"href":"https:\/\/dersuessestopp.com\/sl\/wp-json\/wp\/v2\/product\/7337\/revisions"}],"predecessor-version":[{"id":9304,"href":"https:\/\/dersuessestopp.com\/sl\/wp-json\/wp\/v2\/product\/7337\/revisions\/9304"}],"wp:featuredmedia":[{"embeddable":true,"href":"https:\/\/dersuessestopp.com\/sl\/wp-json\/wp\/v2\/media\/7338"}],"wp:attachment":[{"href":"https:\/\/dersuessestopp.com\/sl\/wp-json\/wp\/v2\/media?parent=7337"}],"wp:term":[{"taxonomy":"product_brand","embeddable":true,"href":"https:\/\/dersuessestopp.com\/sl\/wp-json\/wp\/v2\/product_brand?post=7337"},{"taxonomy":"product_cat","embeddable":true,"href":"https:\/\/dersuessestopp.com\/sl\/wp-json\/wp\/v2\/product_cat?post=7337"},{"taxonomy":"product_tag","embeddable":true,"href":"https:\/\/dersuessestopp.com\/sl\/wp-json\/wp\/v2\/product_tag?post=7337"}],"curies":[{"name":"wp","href":"https:\/\/api.w.org\/{rel}","templated":true}]}}