{"id":7331,"date":"2025-09-01T06:57:13","date_gmt":"2025-09-01T06:57:13","guid":{"rendered":"https:\/\/dersuessestopp.com\/?post_type=product&#038;p=7331"},"modified":"2025-10-08T23:17:12","modified_gmt":"2025-10-08T23:17:12","slug":"saladette-sf-903-top","status":"publish","type":"product","link":"https:\/\/dersuessestopp.com\/sl\/product\/saladette-sf-903-top\/","title":{"rendered":"SALADETTE SF 903 TOP"},"content":{"rendered":"<p data-start=\"195\" data-end=\"635\"><img decoding=\"async\" src=\"https:\/\/customer.klimaitalia.it\/api\/file\/image\/6851\" \/><\/p>\n<p data-start=\"195\" data-end=\"635\">\n<p data-start=\"195\" data-end=\"635\">Spletna stran <strong data-start=\"199\" data-end=\"223\">SALADETTE SF 903 TOP<\/strong> je visokokakovostna stati\u010dna solatna mizica z ventilatorjem, ki je zasnovana tako, da izpolnjuje zahteve profesionalnih gostinskih okolij. Izdelana je z <strong data-start=\"360\" data-end=\"417\">trpe\u017eno ohi\u0161je in notranja obloga iz nerjave\u010dega jekla AISI 304<\/strong>, zagotavlja najve\u010djo higieno, trdnost in odpornost proti koroziji. Njegova <strong data-start=\"490\" data-end=\"515\">elektronski termostat<\/strong> omogo\u010da natan\u010den nadzor temperature med <strong data-start=\"559\" data-end=\"578\">+2 \u00b0C in +8 \u00b0C<\/strong>, zato je idealna za varno shranjevanje sve\u017eih sestavin.<\/p>\n<p data-start=\"637\" data-end=\"960\">Spletna stran <strong data-start=\"641\" data-end=\"672\">kompaktna, a prostorna zasnova<\/strong> funkcije <strong data-start=\"682\" data-end=\"701\">drsne police<\/strong>, samodejni odmrzovalni cikel kompresorja in opcijsko <strong data-start=\"752\" data-end=\"786\">Daljinski upravljalnik Smart Link WiFi<\/strong> za sodobno udobje. SALADETTE SF 903 TOP je kot nala\u0161\u010d za restavracije, cateringe in profesionalne kuhinje, saj zdru\u017euje funkcionalnost, vzdr\u017eljivost in u\u010dinkovitost.<\/p>\n<h2 data-start=\"1416\" data-end=\"1447\"><strong data-start=\"1419\" data-end=\"1447\">Tehni\u010dne specifikacije<\/strong><\/h2>\n<table>\n<thead>\n<tr>\n<th><strong>Funkcija<\/strong><\/th>\n<th><strong>SF 901<\/strong><\/th>\n<th><strong>SF 903 TOP<\/strong><\/th>\n<\/tr>\n<\/thead>\n<tbody>\n<tr>\n<td><strong>Zunanje mere (\u0160xVxV)<\/strong><\/td>\n<td>900 \u00d7 700 \u00d7 870 mm<\/td>\n<td>1368 \u00d7 700 \u00d7 870 mm<\/td>\n<\/tr>\n<tr>\n<td><strong>Dimenzije embala\u017ee (\u0160xVxV)<\/strong><\/td>\n<td>978 \u00d7 760 \u00d7 1060 mm<\/td>\n<td>1390 \u00d7 730 \u00d7 1054 mm<\/td>\n<\/tr>\n<tr>\n<td><strong>Neto\/bruto obseg<\/strong><\/td>\n<td>160 \/ 257 Lt.<\/td>\n<td>251 \/ 400 Lt.<\/td>\n<\/tr>\n<tr>\n<td><strong>Temperaturno obmo\u010dje<\/strong><\/td>\n<td>+2 \u00b0C \/ +8 \u00b0C<\/td>\n<td>+2 \u00b0C \/ +8 \u00b0C<\/td>\n<\/tr>\n<tr>\n<td><strong>Podnebni razred<\/strong><\/td>\n<td>4<\/td>\n<td>4<\/td>\n<\/tr>\n<tr>\n<td><strong>Raven hrupa<\/strong><\/td>\n<td>42 dB<\/td>\n<td>42 dB<\/td>\n<\/tr>\n<tr>\n<td><strong>Termostat<\/strong><\/td>\n<td>Elektronska stran<\/td>\n<td>Elektronska stran<\/td>\n<\/tr>\n<tr>\n<td><strong>Sistem za odmrzovanje<\/strong><\/td>\n<td>Samodejni cikel kompresorja<\/td>\n<td>Samodejni cikel kompresorja<\/td>\n<\/tr>\n<tr>\n<td><strong>Police (WxD)<\/strong><\/td>\n<td>2 \u00d7 335 \u00d7 530 mm<\/td>\n<td>3 \u00d7 335 \u00d7 530 mm<\/td>\n<\/tr>\n<tr>\n<td><strong>Noge \/ kolesca<\/strong><\/td>\n<td>4 noge - h 25\/33 mm<\/td>\n<td>4 noge - h 25\/33 mm<\/td>\n<\/tr>\n<tr>\n<td><strong>Ko\u0161are<\/strong><\/td>\n<td>Ni na voljo<\/td>\n<td>Ni na voljo<\/td>\n<\/tr>\n<tr>\n<td><strong>Neto\/bruto te\u017ea<\/strong><\/td>\n<td>72 \/ 83 kg<\/td>\n<td>110 \/ 130 kg<\/td>\n<\/tr>\n<tr>\n<td><strong>Napetost<\/strong><\/td>\n<td>220-240 V<\/td>\n<td>220-240 V<\/td>\n<\/tr>\n<tr>\n<td><strong>Frekvenca<\/strong><\/td>\n<td>50 Hz<\/td>\n<td>50 Hz<\/td>\n<\/tr>\n<tr>\n<td><strong>Hladilno sredstvo<\/strong><\/td>\n<td>R600A<\/td>\n<td>R600A<\/td>\n<\/tr>\n<tr>\n<td><strong>Absorpcija<\/strong><\/td>\n<td>155 W<\/td>\n<td>235 W<\/td>\n<\/tr>\n<tr>\n<td><strong>Poraba energije (24 ur)<\/strong><\/td>\n<td>2,38 kWh\/24h<\/td>\n<td>2,96 kWh\/24h<\/td>\n<\/tr>\n<tr>\n<td><strong>Debelina izolacije<\/strong><\/td>\n<td>35 mm<\/td>\n<td>35 mm<\/td>\n<\/tr>\n<tr>\n<td><strong>Daljinski upravljalnik WiFi Smart Link<\/strong><\/td>\n<td>Izbirno<\/td>\n<td>Izbirno<\/td>\n<\/tr>\n<\/tbody>\n<\/table>\n<div class=\"_tableContainer_1rjym_1\">\n<div class=\"_tableWrapper_1rjym_13 group flex w-fit flex-col-reverse\"><\/div>\n<\/div>","protected":false},"excerpt":{"rendered":"<p>The SALADETTE SF 903 TOP is a high-quality static fan-assisted saladette bench, designed to meet the demands of professional catering environments. Built with a durable AISI 304 stainless steel body and inner liner, it ensures maximum hygiene, strength, and resistance to corrosion. Its electronic thermostat allows precise temperature control between +2 \u00b0C and +8 \u00b0C, [&hellip;]<\/p>\n","protected":false},"featured_media":7332,"comment_status":"open","ping_status":"closed","template":"","meta":[],"product_brand":[],"product_cat":[51],"product_tag":[],"class_list":{"0":"post-7331","1":"product","2":"type-product","3":"status-publish","4":"has-post-thumbnail","6":"product_cat-kitchen-catering-cooling","8":"first","9":"instock","10":"shipping-taxable","11":"product-type-simple"},"_links":{"self":[{"href":"https:\/\/dersuessestopp.com\/sl\/wp-json\/wp\/v2\/product\/7331","targetHints":{"allow":["GET"]}}],"collection":[{"href":"https:\/\/dersuessestopp.com\/sl\/wp-json\/wp\/v2\/product"}],"about":[{"href":"https:\/\/dersuessestopp.com\/sl\/wp-json\/wp\/v2\/types\/product"}],"replies":[{"embeddable":true,"href":"https:\/\/dersuessestopp.com\/sl\/wp-json\/wp\/v2\/comments?post=7331"}],"version-history":[{"count":3,"href":"https:\/\/dersuessestopp.com\/sl\/wp-json\/wp\/v2\/product\/7331\/revisions"}],"predecessor-version":[{"id":11945,"href":"https:\/\/dersuessestopp.com\/sl\/wp-json\/wp\/v2\/product\/7331\/revisions\/11945"}],"wp:featuredmedia":[{"embeddable":true,"href":"https:\/\/dersuessestopp.com\/sl\/wp-json\/wp\/v2\/media\/7332"}],"wp:attachment":[{"href":"https:\/\/dersuessestopp.com\/sl\/wp-json\/wp\/v2\/media?parent=7331"}],"wp:term":[{"taxonomy":"product_brand","embeddable":true,"href":"https:\/\/dersuessestopp.com\/sl\/wp-json\/wp\/v2\/product_brand?post=7331"},{"taxonomy":"product_cat","embeddable":true,"href":"https:\/\/dersuessestopp.com\/sl\/wp-json\/wp\/v2\/product_cat?post=7331"},{"taxonomy":"product_tag","embeddable":true,"href":"https:\/\/dersuessestopp.com\/sl\/wp-json\/wp\/v2\/product_tag?post=7331"}],"curies":[{"name":"wp","href":"https:\/\/api.w.org\/{rel}","templated":true}]}}