{"id":7326,"date":"2025-09-01T06:51:53","date_gmt":"2025-09-01T06:51:53","guid":{"rendered":"https:\/\/dersuessestopp.com\/?post_type=product&#038;p=7326"},"modified":"2025-10-08T23:16:23","modified_gmt":"2025-10-08T23:16:23","slug":"saladette-sf-901","status":"publish","type":"product","link":"https:\/\/dersuessestopp.com\/sl\/product\/saladette-sf-901\/","title":{"rendered":"SALADETTE SF 901"},"content":{"rendered":"<p data-start=\"203\" data-end=\"549\"><img decoding=\"async\" src=\"https:\/\/customer.klimaitalia.it\/api\/file\/image\/6845\" \/><\/p>\n<p data-start=\"203\" data-end=\"549\">\n<p data-start=\"203\" data-end=\"549\">Spletna stran <strong data-start=\"207\" data-end=\"227\">Saladette SF 901<\/strong> in . <strong data-start=\"232\" data-end=\"246\">SF 903 TOP<\/strong> so visokokakovostne hladilne mize s stati\u010dnim ventilatorjem, namenjene potrebam profesionalnih kuhinj, gostinskih obratov in restavracij. Izdelani so z <strong data-start=\"408\" data-end=\"465\">trpe\u017eno ohi\u0161je in notranja obloga iz nerjave\u010dega jekla AISI 304<\/strong>, te enote zagotavljajo najve\u010djo mo\u017eno higieno, enostavno \u010di\u0161\u010denje in dolgotrajno delovanje.<\/p>\n<p data-start=\"551\" data-end=\"861\">Opremljen je z <strong data-start=\"568\" data-end=\"593\">elektronski termostat<\/strong>, solatnice vzdr\u017eujejo natan\u010dno temperaturno obmo\u010dje med <strong data-start=\"655\" data-end=\"674\">+2 \u00b0C in +8 \u00b0C<\/strong>, zato so idealni za shranjevanje sve\u017eih sestavin. Njihova <strong data-start=\"734\" data-end=\"762\">sistem samodejnega odmrzovanja<\/strong> zagotavlja brezskrbno delovanje, medtem ko <strong data-start=\"804\" data-end=\"823\">drsne police<\/strong> zagotavljajo prilagodljive re\u0161itve za shranjevanje.<\/p>\n<p data-start=\"863\" data-end=\"1164\">Za ve\u010dje udobje so lahko enote opremljene z <strong data-start=\"917\" data-end=\"951\">Daljinski upravljalnik Smart Link WiFi<\/strong> (neobvezno), ki omogo\u010da digitalno spremljanje in upravljanje. Zasnova ima nastavljive noge za stabilnost in delovanje z nizko stopnjo hrupa pri samo <strong data-start=\"1090\" data-end=\"1099\">42 dB<\/strong>, zato so u\u010dinkoviti in uporabniku prijazni v prometnih okoljih.<\/p>\n<h3 data-start=\"1171\" data-end=\"1187\">Dimenzije<\/h3>\n<div class=\"_tableContainer_1rjym_1\">\n<div class=\"_tableWrapper_1rjym_13 group flex w-fit flex-col-reverse\">\n<table>\n<thead>\n<tr>\n<th>Model<\/th>\n<th>Zunanje mere (\u0160xVxV)<\/th>\n<th>Dimenzije embala\u017ee (\u0160xVxV)<\/th>\n<th>\u0160irina (A)<\/th>\n<th>Globina (B)<\/th>\n<th>Vi\u0161ina (C)<\/th>\n<\/tr>\n<\/thead>\n<tbody>\n<tr>\n<td>SF 901<\/td>\n<td>900 x 700 x 870 mm*<\/td>\n<td>978 x 760 x 1060 mm<\/td>\n<td>830 mm<\/td>\n<td>595 mm<\/td>\n<td>456 mm<\/td>\n<\/tr>\n<tr>\n<td>SF 903 TOP<\/td>\n<td>1368 x 700 x 870 mm*<\/td>\n<td>1390 x 730 x 1054 mm<\/td>\n<td>1295 mm<\/td>\n<td>595 mm<\/td>\n<td>456 mm<\/td>\n<\/tr>\n<\/tbody>\n<\/table>\n<h3 data-start=\"1720\" data-end=\"1744\">Tehni\u010dne lastnosti<\/h3>\n<div class=\"_tableContainer_1rjym_1\">\n<div class=\"_tableWrapper_1rjym_13 group flex w-fit flex-col-reverse\">\n<table>\n<thead>\n<tr>\n<th>Funkcija<\/th>\n<th>SF 901<\/th>\n<th>SF 903 TOP<\/th>\n<\/tr>\n<\/thead>\n<tbody>\n<tr>\n<td>Temperaturno obmo\u010dje<\/td>\n<td>+2 \u00b0C \/ +8 \u00b0C<\/td>\n<td>+2 \u00b0C \/ +8 \u00b0C<\/td>\n<\/tr>\n<tr>\n<td>Podnebni razred<\/td>\n<td>4<\/td>\n<td>4<\/td>\n<\/tr>\n<tr>\n<td>Neto \/ bruto obseg<\/td>\n<td>160 \/ 257 Lt.<\/td>\n<td>251 \/ 400 Lt.<\/td>\n<\/tr>\n<tr>\n<td>Material telesa<\/td>\n<td>AISI 304 iz nerjave\u010dega jekla<\/td>\n<td>AISI 304 iz nerjave\u010dega jekla<\/td>\n<\/tr>\n<tr>\n<td>Material notranjega vlo\u017eka<\/td>\n<td>AISI 304 iz nerjave\u010dega jekla<\/td>\n<td>AISI 304 iz nerjave\u010dega jekla<\/td>\n<\/tr>\n<tr>\n<td>Termostat<\/td>\n<td>Elektronska stran<\/td>\n<td>Elektronska stran<\/td>\n<\/tr>\n<tr>\n<td>Raven hrupa<\/td>\n<td>42 dB<\/td>\n<td>42 dB<\/td>\n<\/tr>\n<tr>\n<td>Smart Link WiFi<\/td>\n<td>Izbirno<\/td>\n<td>Izbirno<\/td>\n<\/tr>\n<tr>\n<td>Debelina izolacije<\/td>\n<td>35 mm<\/td>\n<td>35 mm<\/td>\n<\/tr>\n<tr>\n<td>Odmrzovanje<\/td>\n<td>Samodejni cikel kompresorja<\/td>\n<td>Samodejni cikel kompresorja<\/td>\n<\/tr>\n<tr>\n<td>Police (WxD)<\/td>\n<td>2 - 335 x 530 mm<\/td>\n<td>3 - 335 x 530 mm<\/td>\n<\/tr>\n<tr>\n<td>Kole\u0161\u010dki \/ noge<\/td>\n<td>4 noge - h 25\/33 mm<\/td>\n<td>4 noge - h 25\/33 mm<\/td>\n<\/tr>\n<tr>\n<td>Ko\u0161are<\/td>\n<td>Ni na voljo<\/td>\n<td>Ni na voljo<\/td>\n<\/tr>\n<tr>\n<td>Neto \/ bruto te\u017ea<\/td>\n<td>72 \/ 83 kg<\/td>\n<td>110 \/ 130 kg<\/td>\n<\/tr>\n<tr>\n<td>Napetost<\/td>\n<td>220-240 V<\/td>\n<td>220-240 V<\/td>\n<\/tr>\n<tr>\n<td>Frekvenca<\/td>\n<td>50 Hz<\/td>\n<td>50 Hz<\/td>\n<\/tr>\n<tr>\n<td>Hladilno sredstvo<\/td>\n<td>R600A<\/td>\n<td>R600A<\/td>\n<\/tr>\n<tr>\n<td>Poraba energije<\/td>\n<td>155 W<\/td>\n<td>235 W<\/td>\n<\/tr>\n<tr>\n<td>Poraba energije (24 ur)<\/td>\n<td>2,38 kWh<\/td>\n<td>2,96 kWh<\/td>\n<\/tr>\n<\/tbody>\n<\/table>\n<\/div>\n<\/div>\n<\/div>\n<\/div>","protected":false},"excerpt":{"rendered":"<p>The Saladette SF 901 and SF 903 TOP are high-quality static-fan assisted refrigerated benches, designed to meet the needs of professional kitchens, catering services, and restaurants. Built with a durable AISI 304 stainless steel body and inner liner, these units ensure maximum hygiene, easy cleaning, and long-lasting performance. Equipped with an electronic thermostat, the saladettes [&hellip;]<\/p>\n","protected":false},"featured_media":7328,"comment_status":"open","ping_status":"closed","template":"","meta":[],"product_brand":[],"product_cat":[51],"product_tag":[],"class_list":{"0":"post-7326","1":"product","2":"type-product","3":"status-publish","4":"has-post-thumbnail","6":"product_cat-kitchen-catering-cooling","8":"first","9":"instock","10":"shipping-taxable","11":"product-type-simple"},"_links":{"self":[{"href":"https:\/\/dersuessestopp.com\/sl\/wp-json\/wp\/v2\/product\/7326","targetHints":{"allow":["GET"]}}],"collection":[{"href":"https:\/\/dersuessestopp.com\/sl\/wp-json\/wp\/v2\/product"}],"about":[{"href":"https:\/\/dersuessestopp.com\/sl\/wp-json\/wp\/v2\/types\/product"}],"replies":[{"embeddable":true,"href":"https:\/\/dersuessestopp.com\/sl\/wp-json\/wp\/v2\/comments?post=7326"}],"version-history":[{"count":3,"href":"https:\/\/dersuessestopp.com\/sl\/wp-json\/wp\/v2\/product\/7326\/revisions"}],"predecessor-version":[{"id":11944,"href":"https:\/\/dersuessestopp.com\/sl\/wp-json\/wp\/v2\/product\/7326\/revisions\/11944"}],"wp:featuredmedia":[{"embeddable":true,"href":"https:\/\/dersuessestopp.com\/sl\/wp-json\/wp\/v2\/media\/7328"}],"wp:attachment":[{"href":"https:\/\/dersuessestopp.com\/sl\/wp-json\/wp\/v2\/media?parent=7326"}],"wp:term":[{"taxonomy":"product_brand","embeddable":true,"href":"https:\/\/dersuessestopp.com\/sl\/wp-json\/wp\/v2\/product_brand?post=7326"},{"taxonomy":"product_cat","embeddable":true,"href":"https:\/\/dersuessestopp.com\/sl\/wp-json\/wp\/v2\/product_cat?post=7326"},{"taxonomy":"product_tag","embeddable":true,"href":"https:\/\/dersuessestopp.com\/sl\/wp-json\/wp\/v2\/product_tag?post=7326"}],"curies":[{"name":"wp","href":"https:\/\/api.w.org\/{rel}","templated":true}]}}