{"id":7321,"date":"2025-09-01T06:48:59","date_gmt":"2025-09-01T06:48:59","guid":{"rendered":"https:\/\/dersuessestopp.com\/?post_type=product&#038;p=7321"},"modified":"2025-10-08T23:15:23","modified_gmt":"2025-10-08T23:15:23","slug":"saladette-sf-903-pz","status":"publish","type":"product","link":"https:\/\/dersuessestopp.com\/sl\/product\/saladette-sf-903-pz\/","title":{"rendered":"SALADETTE SF 903 PZ"},"content":{"rendered":"<p data-start=\"219\" data-end=\"635\"><img decoding=\"async\" src=\"https:\/\/customer.klimaitalia.it\/api\/file\/image\/6839\" \/><\/p>\n<p data-start=\"219\" data-end=\"635\">Spletna stran <strong data-start=\"223\" data-end=\"246\">SALADETTE SF 903 PZ<\/strong> je profesionalna hladilna mizica za pico, zasnovana za visoko zmogljiva gostinska okolja. V celoti izdelana iz <strong data-start=\"361\" data-end=\"389\">AISI 304 nerjave\u010de jeklo<\/strong>, tako znotraj kot zunaj zagotavlja higieno, trajnost in odpornost proti koroziji. Opremljen je z <strong data-start=\"493\" data-end=\"512\">granitna delovna plo\u0161\u010da<\/strong>, ta enota zagotavlja idealno povr\u0161ino za pripravo pice, hkrati pa ohranja sestavine sve\u017ee v ohlajenem podstavku.<\/p>\n<p data-start=\"637\" data-end=\"988\">Zaradi svoje <strong data-start=\"651\" data-end=\"689\">hladilni sistem s stati\u010dnim ventilatorjem<\/strong>, oja\u010dano strukturo in opcijsko <strong data-start=\"726\" data-end=\"760\">Daljinski upravljalnik Smart Link WiFi<\/strong>, serija SALADETTE zagotavlja u\u010dinkovitost in zanesljivost. Model je opremljen z <strong data-start=\"843\" data-end=\"881\">samodejno odmrzovanje s kompresorskim ciklom<\/strong>, vrata z mehkim zapiranjem in nastavljivimi nogami za stabilnost, zato je nepogre\u0161ljiv pripomo\u010dek v profesionalnih picerijah.<\/p>\n<h2 data-start=\"1462\" data-end=\"1483\"><strong data-start=\"1465\" data-end=\"1483\">Pregled modela<\/strong><\/h2>\n<div class=\"_tableContainer_1rjym_1\">\n<div class=\"_tableWrapper_1rjym_13 group flex w-fit flex-col-reverse\">\n<table>\n<thead>\n<tr>\n<th>Model<\/th>\n<th>Opis<\/th>\n<th>Hlajenje<\/th>\n<th>Temperatura. Razpon<\/th>\n<th>Delovna plo\u0161\u010da<\/th>\n<\/tr>\n<\/thead>\n<tbody>\n<tr>\n<td><strong>SF 903 PZ<\/strong><\/td>\n<td>Stati\u010dna klop za pico s pomo\u010djo ventilatorja<\/td>\n<td>Stati\u010dna stran<\/td>\n<td>+2 \u00b0C \/ +8 \u00b0C<\/td>\n<td>Granit<\/td>\n<\/tr>\n<tr>\n<td><strong>PZF 02 C<\/strong><\/td>\n<td>Prezra\u010devana klop za pico s predali<\/td>\n<td>Prezra\u010devane spletne strani<\/td>\n<td>+2 \u00b0C \/ +8 \u00b0C<\/td>\n<td>Granit<\/td>\n<\/tr>\n<tr>\n<td><strong>PZF 03<\/strong><\/td>\n<td>Prezra\u010devana klop za pico<\/td>\n<td>Prezra\u010devane spletne strani<\/td>\n<td>+2 \u00b0C \/ +8 \u00b0C<\/td>\n<td>Granit<\/td>\n<\/tr>\n<\/tbody>\n<\/table>\n<h2 data-start=\"1867\" data-end=\"1884\"><strong data-start=\"1870\" data-end=\"1884\">Dimenzije<\/strong><\/h2>\n<div class=\"_tableContainer_1rjym_1\">\n<div class=\"_tableWrapper_1rjym_13 group flex w-fit flex-col-reverse\">\n<table>\n<thead>\n<tr>\n<th>Specifikacija<\/th>\n<th>SF 903 PZ<\/th>\n<th>PZF 02 C<\/th>\n<th>PZF 03<\/th>\n<\/tr>\n<\/thead>\n<tbody>\n<tr>\n<td><strong>Zunanje mere (\u0160xVxV)<\/strong><\/td>\n<td>1400 x 700 x 1010 mm*<\/td>\n<td>2025 x 800 x 1000 mm*<\/td>\n<td>2020 x 800 x 1000 mm*<\/td>\n<\/tr>\n<tr>\n<td><strong>Dimenzije embala\u017ee (\u0160xVxV)<\/strong><\/td>\n<td>1430 x 730 x 1264 mm<\/td>\n<td>2055 x 830 x 1050 mm<\/td>\n<td>2050 x 830 x 1050 mm<\/td>\n<\/tr>\n<tr>\n<td><strong>\u0160irina (A)<\/strong><\/td>\n<td>1295 mm<\/td>\n<td>945 mm<\/td>\n<td>1455 mm<\/td>\n<\/tr>\n<tr>\n<td><strong>Globina (B)<\/strong><\/td>\n<td>595 mm<\/td>\n<td>680 mm<\/td>\n<td>680 mm<\/td>\n<\/tr>\n<tr>\n<td><strong>Vi\u0161ina (C)<\/strong><\/td>\n<td>456 mm<\/td>\n<td>564 mm<\/td>\n<td>564 mm<\/td>\n<\/tr>\n<tr>\n<td><strong>Skupna vi\u0161ina s stopinjami<\/strong><\/td>\n<td>1010 mm<\/td>\n<td>1000 mm<\/td>\n<td>1000 mm<\/td>\n<\/tr>\n<\/tbody>\n<\/table>\n<h2 data-start=\"2461\" data-end=\"2486\"><strong data-start=\"2464\" data-end=\"2486\">Tehni\u010dne lastnosti<\/strong><\/h2>\n<div class=\"_tableContainer_1rjym_1\">\n<div class=\"_tableWrapper_1rjym_13 group flex w-fit flex-col-reverse\">\n<table>\n<thead>\n<tr>\n<th>Funkcija<\/th>\n<th>SF 903 PZ<\/th>\n<th>PZF 02 C<\/th>\n<th>PZF 03<\/th>\n<\/tr>\n<\/thead>\n<tbody>\n<tr>\n<td><strong>Temperaturno obmo\u010dje<\/strong><\/td>\n<td>+2 \u00b0C \/ +8 \u00b0C<\/td>\n<td>+2 \u00b0C \/ +8 \u00b0C<\/td>\n<td>+2 \u00b0C \/ +8 \u00b0C<\/td>\n<\/tr>\n<tr>\n<td><strong>Podnebni razred<\/strong><\/td>\n<td>4<\/td>\n<td>5<\/td>\n<td>5<\/td>\n<\/tr>\n<tr>\n<td><strong>Neto bruto obseg<\/strong><\/td>\n<td>251 \/ 400 L<\/td>\n<td>266 \/ 428 L<\/td>\n<td>406 \/ 635 L<\/td>\n<\/tr>\n<tr>\n<td><strong>Zunanje telo<\/strong><\/td>\n<td>AISI 304 Nerjave\u010de jeklo<\/td>\n<td>Iz nerjave\u010dega jekla<\/td>\n<td>Iz nerjave\u010dega jekla<\/td>\n<\/tr>\n<tr>\n<td><strong>Notranji vlo\u017eek<\/strong><\/td>\n<td>AISI 304 Nerjave\u010de jeklo<\/td>\n<td>Iz nerjave\u010dega jekla<\/td>\n<td>Iz nerjave\u010dega jekla<\/td>\n<\/tr>\n<tr>\n<td><strong>Termostat<\/strong><\/td>\n<td>Elektronska stran<\/td>\n<td>Elektronska stran<\/td>\n<td>Elektronska stran<\/td>\n<\/tr>\n<tr>\n<td><strong>Raven hrupa<\/strong><\/td>\n<td>42 dB<\/td>\n<td>42 dB<\/td>\n<td>42 dB<\/td>\n<\/tr>\n<tr>\n<td><strong>Smart Link WiFi<\/strong><\/td>\n<td>Izbirno<\/td>\n<td>Izbirno<\/td>\n<td>Izbirno<\/td>\n<\/tr>\n<tr>\n<td><strong>Debelina izolacije<\/strong><\/td>\n<td>35 mm<\/td>\n<td>60 mm<\/td>\n<td>60 mm<\/td>\n<\/tr>\n<tr>\n<td><strong>Odmrzovanje<\/strong><\/td>\n<td>Samodejno - cikel kompresorja<\/td>\n<td>Samodejno - elektri\u010dni grelec<\/td>\n<td>Samodejno - elektri\u010dni grelec<\/td>\n<\/tr>\n<tr>\n<td><strong>Police<\/strong><\/td>\n<td>3 \u00d7 335 \u00d7 530 mm + 3 \u00d7 323 \u00d7 570 mm<\/td>\n<td>2 \u00d7 465 \u00d7 605 mm (dno)<\/td>\n<td>3 \u00d7 465 \u00d7 605 mm (dno)<\/td>\n<\/tr>\n<tr>\n<td><strong>Vrata<\/strong><\/td>\n<td>Mehko zapiranje<\/td>\n<td>Mehko zapiranje<\/td>\n<td>Mehko zapiranje<\/td>\n<\/tr>\n<tr>\n<td><strong>Predali<\/strong><\/td>\n<td>-<\/td>\n<td>7 \u00d7 400x630x70 mm<\/td>\n<td>-<\/td>\n<\/tr>\n<tr>\n<td><strong>Stopala<\/strong><\/td>\n<td>4 nastavljive (25-33 mm)<\/td>\n<td>8 nastavljivih (110-170 mm)<\/td>\n<td>6 nastavljivih (110-170 mm)<\/td>\n<\/tr>\n<tr>\n<td><strong>Kole\u0161\u010dki<\/strong><\/td>\n<td>Po \u017eelji h 140 mm<\/td>\n<td>Po \u017eelji h 140 mm<\/td>\n<td>Po \u017eelji h 140 mm<\/td>\n<\/tr>\n<tr>\n<td><strong>Delovna plo\u0161\u010da<\/strong><\/td>\n<td>Granit, 25 mm<\/td>\n<td>Granit, 25 mm<\/td>\n<td>Granit, 25 mm<\/td>\n<\/tr>\n<tr>\n<td><strong>Neto bruto te\u017ea<\/strong><\/td>\n<td>170 \/ 190 kg<\/td>\n<td>362 \/ 380 kg<\/td>\n<td>320 \/ 340 kg<\/td>\n<\/tr>\n<tr>\n<td><strong>Napetost<\/strong><\/td>\n<td>220-240 V<\/td>\n<td>220-240 V<\/td>\n<td>220-240 V<\/td>\n<\/tr>\n<tr>\n<td><strong>Frekvenca<\/strong><\/td>\n<td>50 Hz<\/td>\n<td>50 Hz<\/td>\n<td>50 Hz<\/td>\n<\/tr>\n<tr>\n<td><strong>Hladilno sredstvo<\/strong><\/td>\n<td>R600A<\/td>\n<td>R600A<\/td>\n<td>R600A<\/td>\n<\/tr>\n<tr>\n<td><strong>Absorpcija<\/strong><\/td>\n<td>235 W<\/td>\n<td>300 W<\/td>\n<td>300 W<\/td>\n<\/tr>\n<tr>\n<td><strong>Poraba energije (24 ur)<\/strong><\/td>\n<td>2,96 kWh<\/td>\n<td>2,17 kWh<\/td>\n<td>3,20 kWh<\/td>\n<\/tr>\n<\/tbody>\n<\/table>\n<\/div>\n<\/div>\n<\/div>\n<\/div>\n<\/div>\n<\/div>","protected":false},"excerpt":{"rendered":"<p>The SALADETTE SF 903 PZ is a professional refrigerated pizza bench designed for high-performance catering environments. Built entirely in AISI 304 stainless steel, both inside and outside, it ensures hygiene, durability, and resistance to corrosion. Equipped with a granite worktop, this unit provides an ideal surface for pizza preparation while keeping ingredients fresh within the [&hellip;]<\/p>\n","protected":false},"featured_media":7322,"comment_status":"open","ping_status":"closed","template":"","meta":[],"product_brand":[],"product_cat":[51],"product_tag":[],"class_list":{"0":"post-7321","1":"product","2":"type-product","3":"status-publish","4":"has-post-thumbnail","6":"product_cat-kitchen-catering-cooling","8":"first","9":"instock","10":"shipping-taxable","11":"product-type-simple"},"_links":{"self":[{"href":"https:\/\/dersuessestopp.com\/sl\/wp-json\/wp\/v2\/product\/7321","targetHints":{"allow":["GET"]}}],"collection":[{"href":"https:\/\/dersuessestopp.com\/sl\/wp-json\/wp\/v2\/product"}],"about":[{"href":"https:\/\/dersuessestopp.com\/sl\/wp-json\/wp\/v2\/types\/product"}],"replies":[{"embeddable":true,"href":"https:\/\/dersuessestopp.com\/sl\/wp-json\/wp\/v2\/comments?post=7321"}],"version-history":[{"count":4,"href":"https:\/\/dersuessestopp.com\/sl\/wp-json\/wp\/v2\/product\/7321\/revisions"}],"predecessor-version":[{"id":11943,"href":"https:\/\/dersuessestopp.com\/sl\/wp-json\/wp\/v2\/product\/7321\/revisions\/11943"}],"wp:featuredmedia":[{"embeddable":true,"href":"https:\/\/dersuessestopp.com\/sl\/wp-json\/wp\/v2\/media\/7322"}],"wp:attachment":[{"href":"https:\/\/dersuessestopp.com\/sl\/wp-json\/wp\/v2\/media?parent=7321"}],"wp:term":[{"taxonomy":"product_brand","embeddable":true,"href":"https:\/\/dersuessestopp.com\/sl\/wp-json\/wp\/v2\/product_brand?post=7321"},{"taxonomy":"product_cat","embeddable":true,"href":"https:\/\/dersuessestopp.com\/sl\/wp-json\/wp\/v2\/product_cat?post=7321"},{"taxonomy":"product_tag","embeddable":true,"href":"https:\/\/dersuessestopp.com\/sl\/wp-json\/wp\/v2\/product_tag?post=7321"}],"curies":[{"name":"wp","href":"https:\/\/api.w.org\/{rel}","templated":true}]}}